{"id":1183,"date":"2023-05-07T13:28:25","date_gmt":"2023-05-07T13:28:25","guid":{"rendered":"https:\/\/graphic.fi\/umg2023\/?page_id=1183"},"modified":"2023-05-21T14:26:47","modified_gmt":"2023-05-21T14:26:47","slug":"paakirjoitus","status":"publish","type":"page","link":"https:\/\/graphic.fi\/umg2023\/paakirjoitus\/","title":{"rendered":"P\u00e4\u00e4kirjoitus"},"content":{"rendered":"<style>\/*! elementor - v3.12.1 - 02-04-2023 *\/\n.elementor-column .elementor-spacer-inner{height:var(--spacer-size)}.e-con{--container-widget-width:100%}.e-con-inner>.elementor-widget-spacer,.e-con>.elementor-widget-spacer{width:var(--container-widget-width,var(--spacer-size));--align-self:var(--container-widget-align-self,initial);--flex-shrink:0}.e-con-inner>.elementor-widget-spacer>.elementor-widget-container,.e-con-inner>.elementor-widget-spacer>.elementor-widget-container>.elementor-spacer,.e-con>.elementor-widget-spacer>.elementor-widget-container,.e-con>.elementor-widget-spacer>.elementor-widget-container>.elementor-spacer{height:100%}.e-con-inner>.elementor-widget-spacer>.elementor-widget-container>.elementor-spacer>.elementor-spacer-inner,.e-con>.elementor-widget-spacer>.elementor-widget-container>.elementor-spacer>.elementor-spacer-inner{height:var(--container-widget-height,var(--spacer-size))}<\/style>\n<style>\/*! elementor - v3.12.1 - 02-04-2023 *\/\n.elementor-heading-title{padding:0;margin:0;line-height:1}.elementor-widget-heading .elementor-heading-title[class*=elementor-size-]>a{color:inherit;font-size:inherit;line-height:inherit}.elementor-widget-heading .elementor-heading-title.elementor-size-small{font-size:15px}.elementor-widget-heading .elementor-heading-title.elementor-size-medium{font-size:19px}.elementor-widget-heading .elementor-heading-title.elementor-size-large{font-size:29px}.elementor-widget-heading .elementor-heading-title.elementor-size-xl{font-size:39px}.elementor-widget-heading .elementor-heading-title.elementor-size-xxl{font-size:59px}<\/style>\n<h2>Tervehdys kulkija, <\/h2>\n<style>\/*! elementor - v3.12.1 - 02-04-2023 *\/\n.elementor-widget-image{text-align:center}.elementor-widget-image a{display:inline-block}.elementor-widget-image a img[src$=\".svg\"]{width:48px}.elementor-widget-image img{vertical-align:middle;display:inline-block}<\/style>\n<p>\t\t\t\t\t\t\t\t\t\t\t\t<img decoding=\"async\" width=\"800\" height=\"800\" src=\"https:\/\/graphic.fi\/umg2023\/wp-content\/uploads\/2023\/05\/symboliympyra-1024x1024.png\" alt=\"\" loading=\"lazy\" srcset=\"https:\/\/graphic.fi\/umg2023\/wp-content\/uploads\/2023\/05\/symboliympyra-1024x1024.png 1024w, https:\/\/graphic.fi\/umg2023\/wp-content\/uploads\/2023\/05\/symboliympyra-300x300.png 300w, https:\/\/graphic.fi\/umg2023\/wp-content\/uploads\/2023\/05\/symboliympyra-150x150.png 150w, https:\/\/graphic.fi\/umg2023\/wp-content\/uploads\/2023\/05\/symboliympyra-768x768.png 768w, https:\/\/graphic.fi\/umg2023\/wp-content\/uploads\/2023\/05\/symboliympyra-1536x1536.png 1536w, https:\/\/graphic.fi\/umg2023\/wp-content\/uploads\/2023\/05\/symboliympyra.png 2000w\" sizes=\"auto, (max-width: 800px) 100vw, 800px\" \/>\t\t\t\t\t\t\t\t\t\t\t\t\t\t\t<\/p>\n<p>Mist\u00e4 tulet, miss\u00e4 olet, mihin olet menossa? <b>UMG<\/b> eli <i>(Un)lucky Mystical Gallery<\/i> on nimens\u00e4 mukaisesti sek\u00e4 onnen ett\u00e4 ep\u00e4onnen mystisyyksien galleria, joka n\u00e4ytt\u00e4\u00e4 sinulle kaikki kohtalon polut. Onni ja ep\u00e4onni eiv\u00e4t ole\u00a0<\/p>\n<p>1100010 1101001 1101110 11100100 11100100 1110010 1101001, <\/p>\n<p>vaan ne sekoittuvat toisiinsa ja nivoutuvat yhteen siell\u00e4 hiussuonina, tuolla valtimoina.<\/p>\n<p>Mit\u00e4 on onni? Onnellisuutta vai onnenpotkuja? Ensilantti on taianomainen talismaani ja vaurauden l\u00e4hde <i>\u2013<\/i> ei siksi, ett\u00e4 se itsess\u00e4\u00e4n suojaisi rikkauksia, joita olet vaivalla haalinut. Se on muistutus siit\u00e4, mist\u00e4 aloitit ja se pit\u00e4\u00e4 sinut n\u00f6yr\u00e4n\u00e4. \u00c4l\u00e4 hukkaa parhaita vuosia varjellen rihkamaa.\u00a0<\/p>\n<p>Oletko koskaan ollut onnellinen? Kissa katsoo em\u00e4nt\u00e4\u00e4ns\u00e4 ja n\u00e4kee onnettoman olennon, joka ei osaa tyyty\u00e4 siihen, mit\u00e4 edess\u00e4 seisoo, vaan haluaa aina lis\u00e4\u00e4. Ihminen on Midas, jonka rakentamat kultapilarit rapistuvat, kun h\u00e4nest\u00e4 aika j\u00e4tt\u00e4\u00e4. Onni on itsens\u00e4 arvostamista.<\/p>\n<p>Pelk\u00e4\u00e4tk\u00f6 ep\u00e4onnea? Vai ep\u00e4onnistumista? Erehtyminen on ihmisyytt\u00e4, sanotaan. Ep\u00e4onni seuraa joitain ja musertaa jotkut. Toiset hyv\u00e4ksyv\u00e4t kohtalonsa: n\u00e4in k\u00e4y kaikille, mink\u00e4s teet. Pyyhi tomu vaattehiltasi ja ryhdist\u00e4ydy, ei se niin vakavaa ole. Ep\u00e4onnistuminen on magneettikent\u00e4n v\u00e4\u00e4ristym\u00e4, joka heiluttaa kompassia vikasuuntaan, mutta kuka ties\u2026 Parempi virsta v\u00e4\u00e4r\u00e4\u00e4n kuin vaaksa vaaraan, sanotaan. \u00c4l\u00e4 katko j\u00e4niksen jalkaa.<\/p>\n<p>(Un)lucky Mystical Gallery tarkoittaa, ettei mik\u00e4\u00e4n ei ole varmaa, mutta me tahdomme tarjota sinulle jotain, josta pit\u00e4\u00e4 kiinni maailman myrskyiss\u00e4. <br \/>Mystisyydet l\u00f6yd\u00e4t my\u00f6s painetun n\u00e4k\u00f6islehdest\u00e4 <a href=\"https:\/\/issuu.com\/umgmagazine\/docs\/umg_n_k_islehti_3\" target=\"_blank\" rel=\"noopener\">t\u00e4\u00e4lt\u00e4<\/a>, jonne on s\u00e4il\u00f6tty my\u00f6s sellaisia salaper\u00e4isyyksi\u00e4, jotka eiv\u00e4t voisi el\u00e4\u00e4 k\u00e4siss\u00e4si olevalla stratumilla.<\/p>\n<p>Souda veneesi UMG:n vesiin ja nauti aallokosta, kulkija.<\/p>\n<p>Aleksi Soukka, p\u00e4\u00e4toimittaja<\/p>\n<figure>\n\t\t\t\t\t\t\t\t\t\t\t<a href=\"https:\/\/graphic.fi\/umg2023\/\"><br \/>\n\t\t\t\t\t\t\t<img decoding=\"async\" width=\"150\" height=\"150\" src=\"https:\/\/graphic.fi\/umg2023\/wp-content\/uploads\/2023\/05\/gougero1valkoinen-1.svg\" alt=\"\" loading=\"lazy\" \/>\t\t\t\t\t\t\t\t<\/a><figcaption>Etusivu<\/figcaption><\/figure>\n<figure>\n\t\t\t\t\t\t\t\t\t\t\t<a href=\"https:\/\/graphic.fi\/umg2023\/hyvia-ja-huonoja-numeroita\/\"><br \/>\n\t\t\t\t\t\t\t<img decoding=\"async\" width=\"150\" height=\"150\" src=\"https:\/\/graphic.fi\/umg2023\/wp-content\/uploads\/2023\/05\/gougero2valkoinen.svg\" alt=\"\" loading=\"lazy\" \/>\t\t\t\t\t\t\t\t<\/a><figcaption>Hyvi\u00e4 ja huonoja numeroita<\/figcaption><\/figure>\n<p>\t\t\t<a href=\"https:\/\/www.instagram.com\/umgmagazine\/\"><br \/>\n\t\t\t\t\t\t<\/a><\/p>\n<h6><a href=\"https:\/\/issuu.com\/umgmagazine\/docs\/umg_n_k_islehti_3\">N\u00e4k\u00f6islehti<\/a><\/h6>\n","protected":false},"excerpt":{"rendered":"<p>Tervehdys kulkija, Mist\u00e4 tulet, miss\u00e4 olet, mihin olet menossa? UMG eli (Un)lucky Mystical Gallery on nimens\u00e4 mukaisesti sek\u00e4 onnen ett\u00e4 ep\u00e4onnen mystisyyksien galleria, joka n\u00e4ytt\u00e4\u00e4 sinulle kaikki kohtalon polut. Onni ja ep\u00e4onni eiv\u00e4t ole\u00a0 1100010 1101001 1101110 11100100 11100100 1110010 1101001, vaan ne sekoittuvat toisiinsa ja nivoutuvat yhteen siell\u00e4 hiussuonina, tuolla valtimoina. Mit\u00e4 on onni? [&hellip;]<\/p>\n","protected":false},"author":4,"featured_media":0,"parent":0,"menu_order":0,"comment_status":"closed","ping_status":"closed","template":"","meta":{"inline_featured_image":false,"footnotes":""},"class_list":["post-1183","page","type-page","status-publish","hentry"],"_links":{"self":[{"href":"https:\/\/graphic.fi\/umg2023\/wp-json\/wp\/v2\/pages\/1183","targetHints":{"allow":["GET"]}}],"collection":[{"href":"https:\/\/graphic.fi\/umg2023\/wp-json\/wp\/v2\/pages"}],"about":[{"href":"https:\/\/graphic.fi\/umg2023\/wp-json\/wp\/v2\/types\/page"}],"author":[{"embeddable":true,"href":"https:\/\/graphic.fi\/umg2023\/wp-json\/wp\/v2\/users\/4"}],"replies":[{"embeddable":true,"href":"https:\/\/graphic.fi\/umg2023\/wp-json\/wp\/v2\/comments?post=1183"}],"version-history":[{"count":135,"href":"https:\/\/graphic.fi\/umg2023\/wp-json\/wp\/v2\/pages\/1183\/revisions"}],"predecessor-version":[{"id":3395,"href":"https:\/\/graphic.fi\/umg2023\/wp-json\/wp\/v2\/pages\/1183\/revisions\/3395"}],"wp:attachment":[{"href":"https:\/\/graphic.fi\/umg2023\/wp-json\/wp\/v2\/media?parent=1183"}],"curies":[{"name":"wp","href":"https:\/\/api.w.org\/{rel}","templated":true}]}}