{"id":1310,"date":"2023-05-09T11:59:49","date_gmt":"2023-05-09T11:59:49","guid":{"rendered":"https:\/\/graphic.fi\/umg2023\/?page_id=1310"},"modified":"2023-05-21T14:25:26","modified_gmt":"2023-05-21T14:25:26","slug":"sarjakuva","status":"publish","type":"page","link":"https:\/\/graphic.fi\/umg2023\/sarjakuva\/","title":{"rendered":"Onni onnettomuudessa"},"content":{"rendered":"<style>\/*! elementor - v3.12.1 - 02-04-2023 *\/\n.elementor-heading-title{padding:0;margin:0;line-height:1}.elementor-widget-heading .elementor-heading-title[class*=elementor-size-]>a{color:inherit;font-size:inherit;line-height:inherit}.elementor-widget-heading .elementor-heading-title.elementor-size-small{font-size:15px}.elementor-widget-heading .elementor-heading-title.elementor-size-medium{font-size:19px}.elementor-widget-heading .elementor-heading-title.elementor-size-large{font-size:29px}.elementor-widget-heading .elementor-heading-title.elementor-size-xl{font-size:39px}.elementor-widget-heading .elementor-heading-title.elementor-size-xxl{font-size:59px}<\/style>\n<h2>ONNI <br \/>ONNETTOMUUDESSA<\/h2>\n<p>SARJAKUVA <strong>EMMA HEIKKA<\/strong><\/p>\n<style>\/*! elementor - v3.12.1 - 02-04-2023 *\/\n.elementor-widget-image{text-align:center}.elementor-widget-image a{display:inline-block}.elementor-widget-image a img[src$=\".svg\"]{width:48px}.elementor-widget-image img{vertical-align:middle;display:inline-block}<\/style>\n<p>\t\t\t\t\t\t\t\t\t\t\t\t<img decoding=\"async\" width=\"800\" height=\"899\" src=\"https:\/\/graphic.fi\/umg2023\/wp-content\/uploads\/2023\/05\/1-911x1024.png\" alt=\"\" loading=\"lazy\" srcset=\"https:\/\/graphic.fi\/umg2023\/wp-content\/uploads\/2023\/05\/1-911x1024.png 911w, https:\/\/graphic.fi\/umg2023\/wp-content\/uploads\/2023\/05\/1-267x300.png 267w, https:\/\/graphic.fi\/umg2023\/wp-content\/uploads\/2023\/05\/1-768x864.png 768w, https:\/\/graphic.fi\/umg2023\/wp-content\/uploads\/2023\/05\/1-1366x1536.png 1366w, https:\/\/graphic.fi\/umg2023\/wp-content\/uploads\/2023\/05\/1-1821x2048.png 1821w\" sizes=\"auto, (max-width: 800px) 100vw, 800px\" \/><br \/>\n\t\t\t\t\t\t\t\t\t\t\t\t\t\t\t<img decoding=\"async\" width=\"800\" height=\"563\" src=\"https:\/\/graphic.fi\/umg2023\/wp-content\/uploads\/2023\/05\/2-1024x721.png\" alt=\"\" loading=\"lazy\" srcset=\"https:\/\/graphic.fi\/umg2023\/wp-content\/uploads\/2023\/05\/2-1024x721.png 1024w, https:\/\/graphic.fi\/umg2023\/wp-content\/uploads\/2023\/05\/2-300x211.png 300w, https:\/\/graphic.fi\/umg2023\/wp-content\/uploads\/2023\/05\/2-768x541.png 768w, https:\/\/graphic.fi\/umg2023\/wp-content\/uploads\/2023\/05\/2-1536x1082.png 1536w, https:\/\/graphic.fi\/umg2023\/wp-content\/uploads\/2023\/05\/2-2048x1442.png 2048w\" sizes=\"auto, (max-width: 800px) 100vw, 800px\" \/><br \/>\n\t\t\t\t\t\t\t\t\t\t\t\t\t\t\t<img decoding=\"async\" width=\"800\" height=\"837\" src=\"https:\/\/graphic.fi\/umg2023\/wp-content\/uploads\/2023\/05\/3-979x1024.png\" alt=\"\" loading=\"lazy\" srcset=\"https:\/\/graphic.fi\/umg2023\/wp-content\/uploads\/2023\/05\/3-979x1024.png 979w, https:\/\/graphic.fi\/umg2023\/wp-content\/uploads\/2023\/05\/3-287x300.png 287w, https:\/\/graphic.fi\/umg2023\/wp-content\/uploads\/2023\/05\/3-768x804.png 768w, https:\/\/graphic.fi\/umg2023\/wp-content\/uploads\/2023\/05\/3-1468x1536.png 1468w, https:\/\/graphic.fi\/umg2023\/wp-content\/uploads\/2023\/05\/3-1957x2048.png 1957w\" sizes=\"auto, (max-width: 800px) 100vw, 800px\" \/><br \/>\n\t\t\t\t\t\t\t\t\t\t\t\t\t\t\t<img decoding=\"async\" width=\"800\" height=\"883\" src=\"https:\/\/graphic.fi\/umg2023\/wp-content\/uploads\/2023\/05\/4-928x1024.png\" alt=\"\" loading=\"lazy\" srcset=\"https:\/\/graphic.fi\/umg2023\/wp-content\/uploads\/2023\/05\/4-928x1024.png 928w, https:\/\/graphic.fi\/umg2023\/wp-content\/uploads\/2023\/05\/4-272x300.png 272w, https:\/\/graphic.fi\/umg2023\/wp-content\/uploads\/2023\/05\/4-768x848.png 768w, https:\/\/graphic.fi\/umg2023\/wp-content\/uploads\/2023\/05\/4-1392x1536.png 1392w, https:\/\/graphic.fi\/umg2023\/wp-content\/uploads\/2023\/05\/4-1856x2048.png 1856w\" sizes=\"auto, (max-width: 800px) 100vw, 800px\" \/><br \/>\n\t\t\t\t\t\t\t\t\t\t\t\t\t\t\t<img decoding=\"async\" width=\"800\" height=\"820\" src=\"https:\/\/graphic.fi\/umg2023\/wp-content\/uploads\/2023\/05\/5-999x1024.png\" alt=\"\" loading=\"lazy\" srcset=\"https:\/\/graphic.fi\/umg2023\/wp-content\/uploads\/2023\/05\/5-999x1024.png 999w, https:\/\/graphic.fi\/umg2023\/wp-content\/uploads\/2023\/05\/5-293x300.png 293w, https:\/\/graphic.fi\/umg2023\/wp-content\/uploads\/2023\/05\/5-768x787.png 768w, https:\/\/graphic.fi\/umg2023\/wp-content\/uploads\/2023\/05\/5-1498x1536.png 1498w, https:\/\/graphic.fi\/umg2023\/wp-content\/uploads\/2023\/05\/5-1998x2048.png 1998w\" sizes=\"auto, (max-width: 800px) 100vw, 800px\" \/><br \/>\n\t\t\t\t\t\t\t\t\t\t\t\t\t\t\t<img decoding=\"async\" width=\"800\" height=\"515\" src=\"https:\/\/graphic.fi\/umg2023\/wp-content\/uploads\/2023\/05\/6-1024x659.png\" alt=\"\" loading=\"lazy\" srcset=\"https:\/\/graphic.fi\/umg2023\/wp-content\/uploads\/2023\/05\/6-1024x659.png 1024w, https:\/\/graphic.fi\/umg2023\/wp-content\/uploads\/2023\/05\/6-300x193.png 300w, https:\/\/graphic.fi\/umg2023\/wp-content\/uploads\/2023\/05\/6-768x494.png 768w, https:\/\/graphic.fi\/umg2023\/wp-content\/uploads\/2023\/05\/6-1536x989.png 1536w, https:\/\/graphic.fi\/umg2023\/wp-content\/uploads\/2023\/05\/6-2048x1319.png 2048w\" sizes=\"auto, (max-width: 800px) 100vw, 800px\" \/><br \/>\n\t\t\t\t\t\t\t\t\t\t\t\t\t\t\t<img decoding=\"async\" width=\"800\" height=\"951\" src=\"https:\/\/graphic.fi\/umg2023\/wp-content\/uploads\/2023\/05\/7-861x1024.png\" alt=\"\" loading=\"lazy\" srcset=\"https:\/\/graphic.fi\/umg2023\/wp-content\/uploads\/2023\/05\/7-861x1024.png 861w, https:\/\/graphic.fi\/umg2023\/wp-content\/uploads\/2023\/05\/7-252x300.png 252w, https:\/\/graphic.fi\/umg2023\/wp-content\/uploads\/2023\/05\/7-768x914.png 768w, https:\/\/graphic.fi\/umg2023\/wp-content\/uploads\/2023\/05\/7-1291x1536.png 1291w, https:\/\/graphic.fi\/umg2023\/wp-content\/uploads\/2023\/05\/7-1721x2048.png 1721w\" sizes=\"auto, (max-width: 800px) 100vw, 800px\" \/><br \/>\n\t\t\t\t\t\t\t\t\t\t\t\t\t\t\t<img decoding=\"async\" width=\"800\" height=\"1016\" src=\"https:\/\/graphic.fi\/umg2023\/wp-content\/uploads\/2023\/05\/8-806x1024.png\" alt=\"\" loading=\"lazy\" srcset=\"https:\/\/graphic.fi\/umg2023\/wp-content\/uploads\/2023\/05\/8-806x1024.png 806w, https:\/\/graphic.fi\/umg2023\/wp-content\/uploads\/2023\/05\/8-236x300.png 236w, https:\/\/graphic.fi\/umg2023\/wp-content\/uploads\/2023\/05\/8-768x976.png 768w, https:\/\/graphic.fi\/umg2023\/wp-content\/uploads\/2023\/05\/8-1209x1536.png 1209w, https:\/\/graphic.fi\/umg2023\/wp-content\/uploads\/2023\/05\/8-1611x2048.png 1611w\" sizes=\"auto, (max-width: 800px) 100vw, 800px\" \/><br \/>\n\t\t\t\t\t\t\t\t\t\t\t\t\t\t\t<img decoding=\"async\" width=\"800\" height=\"968\" src=\"https:\/\/graphic.fi\/umg2023\/wp-content\/uploads\/2023\/05\/9-846x1024.png\" alt=\"\" loading=\"lazy\" srcset=\"https:\/\/graphic.fi\/umg2023\/wp-content\/uploads\/2023\/05\/9-846x1024.png 846w, https:\/\/graphic.fi\/umg2023\/wp-content\/uploads\/2023\/05\/9-248x300.png 248w, https:\/\/graphic.fi\/umg2023\/wp-content\/uploads\/2023\/05\/9-768x930.png 768w, https:\/\/graphic.fi\/umg2023\/wp-content\/uploads\/2023\/05\/9-1268x1536.png 1268w, https:\/\/graphic.fi\/umg2023\/wp-content\/uploads\/2023\/05\/9-1691x2048.png 1691w\" sizes=\"auto, (max-width: 800px) 100vw, 800px\" \/><br \/>\n\t\t\t\t\t\t\t\t\t\t\t\t\t\t\t<img decoding=\"async\" width=\"800\" height=\"330\" src=\"https:\/\/graphic.fi\/umg2023\/wp-content\/uploads\/2023\/05\/10-1024x422.png\" alt=\"\" loading=\"lazy\" srcset=\"https:\/\/graphic.fi\/umg2023\/wp-content\/uploads\/2023\/05\/10-1024x422.png 1024w, https:\/\/graphic.fi\/umg2023\/wp-content\/uploads\/2023\/05\/10-300x124.png 300w, https:\/\/graphic.fi\/umg2023\/wp-content\/uploads\/2023\/05\/10-768x316.png 768w, https:\/\/graphic.fi\/umg2023\/wp-content\/uploads\/2023\/05\/10-1536x632.png 1536w, https:\/\/graphic.fi\/umg2023\/wp-content\/uploads\/2023\/05\/10-2048x843.png 2048w\" sizes=\"auto, (max-width: 800px) 100vw, 800px\" \/><br \/>\n\t\t\t\t\t\t\t\t\t\t\t\t\t\t\t<img decoding=\"async\" width=\"585\" height=\"1024\" src=\"https:\/\/graphic.fi\/umg2023\/wp-content\/uploads\/2023\/05\/sarjis-1-585x1024.png\" alt=\"\" loading=\"lazy\" srcset=\"https:\/\/graphic.fi\/umg2023\/wp-content\/uploads\/2023\/05\/sarjis-1-585x1024.png 585w, https:\/\/graphic.fi\/umg2023\/wp-content\/uploads\/2023\/05\/sarjis-1-171x300.png 171w, https:\/\/graphic.fi\/umg2023\/wp-content\/uploads\/2023\/05\/sarjis-1-768x1345.png 768w, https:\/\/graphic.fi\/umg2023\/wp-content\/uploads\/2023\/05\/sarjis-1-877x1536.png 877w, https:\/\/graphic.fi\/umg2023\/wp-content\/uploads\/2023\/05\/sarjis-1-1170x2048.png 1170w\" sizes=\"auto, (max-width: 585px) 100vw, 585px\" \/><br \/>\n\t\t\t\t\t\t\t\t\t\t\t\t\t\t\t<img decoding=\"async\" width=\"800\" height=\"706\" src=\"https:\/\/graphic.fi\/umg2023\/wp-content\/uploads\/2023\/05\/13-1024x904.png\" alt=\"\" loading=\"lazy\" srcset=\"https:\/\/graphic.fi\/umg2023\/wp-content\/uploads\/2023\/05\/13-1024x904.png 1024w, https:\/\/graphic.fi\/umg2023\/wp-content\/uploads\/2023\/05\/13-300x265.png 300w, https:\/\/graphic.fi\/umg2023\/wp-content\/uploads\/2023\/05\/13-768x678.png 768w, https:\/\/graphic.fi\/umg2023\/wp-content\/uploads\/2023\/05\/13-1536x1356.png 1536w, https:\/\/graphic.fi\/umg2023\/wp-content\/uploads\/2023\/05\/13-2048x1808.png 2048w\" sizes=\"auto, (max-width: 800px) 100vw, 800px\" \/>\t\t\t\t\t\t\t\t\t\t\t\t\t\t\t<\/p>\n<figure>\n\t\t\t\t\t\t\t\t\t\t\t<a href=\"https:\/\/graphic.fi\/umg2023\/epaonnen-elaimet\/\"><br \/>\n\t\t\t\t\t\t\t<img decoding=\"async\" width=\"150\" height=\"150\" src=\"https:\/\/graphic.fi\/umg2023\/wp-content\/uploads\/2023\/05\/gougero1valkoinen-1.svg\" alt=\"\" loading=\"lazy\" \/>\t\t\t\t\t\t\t\t<\/a><figcaption>Ep\u00e4onnen el\u00e4imet<\/figcaption><\/figure>\n<figure>\n\t\t\t\t\t\t\t\t\t\t\t<a href=\"https:\/\/graphic.fi\/umg2023\/kell-onni-on\/\"><br \/>\n\t\t\t\t\t\t\t<img decoding=\"async\" width=\"150\" height=\"150\" src=\"https:\/\/graphic.fi\/umg2023\/wp-content\/uploads\/2023\/05\/gougero2valkoinen.svg\" alt=\"\" loading=\"lazy\" \/>\t\t\t\t\t\t\t\t<\/a><figcaption>Kell&#8217; onni on<\/figcaption><\/figure>\n<p>\t\t\t<a href=\"https:\/\/www.instagram.com\/umgmagazine\/\"><br \/>\n\t\t\t\t\t\t<\/a><\/p>\n<h6><a href=\"https:\/\/issuu.com\/umgmagazine\/docs\/umg_n_k_islehti_3\">N\u00e4k\u00f6islehti<\/a><\/h6>\n","protected":false},"excerpt":{"rendered":"<p>ONNI ONNETTOMUUDESSA SARJAKUVA EMMA HEIKKA Ep\u00e4onnen el\u00e4imet Kell&#8217; onni on N\u00e4k\u00f6islehti<\/p>\n","protected":false},"author":6,"featured_media":0,"parent":0,"menu_order":0,"comment_status":"closed","ping_status":"closed","template":"","meta":{"inline_featured_image":false,"footnotes":""},"class_list":["post-1310","page","type-page","status-publish","hentry"],"_links":{"self":[{"href":"https:\/\/graphic.fi\/umg2023\/wp-json\/wp\/v2\/pages\/1310","targetHints":{"allow":["GET"]}}],"collection":[{"href":"https:\/\/graphic.fi\/umg2023\/wp-json\/wp\/v2\/pages"}],"about":[{"href":"https:\/\/graphic.fi\/umg2023\/wp-json\/wp\/v2\/types\/page"}],"author":[{"embeddable":true,"href":"https:\/\/graphic.fi\/umg2023\/wp-json\/wp\/v2\/users\/6"}],"replies":[{"embeddable":true,"href":"https:\/\/graphic.fi\/umg2023\/wp-json\/wp\/v2\/comments?post=1310"}],"version-history":[{"count":44,"href":"https:\/\/graphic.fi\/umg2023\/wp-json\/wp\/v2\/pages\/1310\/revisions"}],"predecessor-version":[{"id":3389,"href":"https:\/\/graphic.fi\/umg2023\/wp-json\/wp\/v2\/pages\/1310\/revisions\/3389"}],"wp:attachment":[{"href":"https:\/\/graphic.fi\/umg2023\/wp-json\/wp\/v2\/media?parent=1310"}],"curies":[{"name":"wp","href":"https:\/\/api.w.org\/{rel}","templated":true}]}}