{"id":145,"date":"2023-02-20T13:03:31","date_gmt":"2023-02-20T13:03:31","guid":{"rendered":"https:\/\/graphic.fi\/umg2023\/?page_id=145"},"modified":"2023-05-21T14:28:02","modified_gmt":"2023-05-21T14:28:02","slug":"tekijat","status":"publish","type":"page","link":"https:\/\/graphic.fi\/umg2023\/tekijat\/","title":{"rendered":"Tekij\u00e4t"},"content":{"rendered":"<style>\/*! elementor - v3.12.1 - 02-04-2023 *\/\n.elementor-column .elementor-spacer-inner{height:var(--spacer-size)}.e-con{--container-widget-width:100%}.e-con-inner>.elementor-widget-spacer,.e-con>.elementor-widget-spacer{width:var(--container-widget-width,var(--spacer-size));--align-self:var(--container-widget-align-self,initial);--flex-shrink:0}.e-con-inner>.elementor-widget-spacer>.elementor-widget-container,.e-con-inner>.elementor-widget-spacer>.elementor-widget-container>.elementor-spacer,.e-con>.elementor-widget-spacer>.elementor-widget-container,.e-con>.elementor-widget-spacer>.elementor-widget-container>.elementor-spacer{height:100%}.e-con-inner>.elementor-widget-spacer>.elementor-widget-container>.elementor-spacer>.elementor-spacer-inner,.e-con>.elementor-widget-spacer>.elementor-widget-container>.elementor-spacer>.elementor-spacer-inner{height:var(--container-widget-height,var(--spacer-size))}<\/style>\n<style>\/*! elementor - v3.12.1 - 02-04-2023 *\/\n.elementor-heading-title{padding:0;margin:0;line-height:1}.elementor-widget-heading .elementor-heading-title[class*=elementor-size-]>a{color:inherit;font-size:inherit;line-height:inherit}.elementor-widget-heading .elementor-heading-title.elementor-size-small{font-size:15px}.elementor-widget-heading .elementor-heading-title.elementor-size-medium{font-size:19px}.elementor-widget-heading .elementor-heading-title.elementor-size-large{font-size:29px}.elementor-widget-heading .elementor-heading-title.elementor-size-xl{font-size:39px}.elementor-widget-heading .elementor-heading-title.elementor-size-xxl{font-size:59px}<\/style>\n<h2>Tekij\u00e4t<\/h2>\n<p>UMG on Lapin yliopiston graafisen suunnittelun opiskelijoiden vuosittainen yhteis\u00f6lehti, joka toteutetaan osana alan maisteriopintoja.\u00a0<\/p>\n<p>VIDEOT <strong>MATIAS TOROPAINEN<\/strong><br \/>TAITTO VERKKOON <strong>RUUSA PIRKOLA<\/strong><\/p>\n<style>.elementor-flip-box{height:280px;position:relative;perspective:1000px;transform-style:preserve-3d}@media (max-device-width:1020px){.elementor-flip-box{cursor:pointer}}.elementor-flip-box__front{background-color:#1abc9c}.elementor-flip-box__back{background-color:#4054b2;display:block}.elementor-flip-box__layer{position:absolute;width:100%;height:100%;transition:all .6s ease-in-out}.elementor-flip-box__layer__overlay{display:flex;width:100%;height:100%;flex-direction:column;justify-content:center;align-items:stretch;text-align:center;padding:35px;color:#fff}.elementor-flip-box__layer__title{font-size:21px}.elementor-flip-box__layer__description{font-size:14px}.elementor-flip-box__layer__description:not(:last-child),.elementor-flip-box__layer__title:not(:last-child){margin:0 0 20px;padding:0}.elementor-flip-box__layer__title{line-height:1;font-weight:600}.elementor-flip-box,.elementor-flip-box .elementor-view-framed,.elementor-flip-box .elementor-view-stacked{--e-flip-box-view-framed-stacked-icon-color:#fff}.elementor-flip-box .elementor-icon,.elementor-flip-box .elementor-view-framed .elementor-icon,.elementor-flip-box .elementor-view-stacked .elementor-icon{color:var(--e-flip-box-view-framed-stacked-icon-color)}.elementor-flip-box .elementor-icon svg,.elementor-flip-box .elementor-view-framed .elementor-icon svg,.elementor-flip-box .elementor-view-stacked .elementor-icon svg{fill:var(--e-flip-box-view-framed-stacked-icon-color)}.elementor-flip-box .elementor-view-framed .elementor-icon{border-color:#fff}.elementor-flip-box .elementor-view-stacked .elementor-icon{background-color:rgba(0,0,0,.5)}.elementor-flip-box__button.elementor-button{cursor:pointer;align-self:center;margin-left:auto;margin-right:auto;border:2px solid #fff;background:transparent}.elementor-flip-box__button.elementor-button:hover{background:transparent;text-decoration:none}.elementor-flip-box__image{margin:0 0 20px;display:inline-block;width:100%}.elementor-flip-box__image img{width:50%}.elementor-flip-box .elementor-icon-wrapper{margin-bottom:20px}.elementor-flip-box--3d .elementor-flip-box__layer__inner{transform:translateZ(90px) scale(.91)}.elementor-flip-box--3d .elementor-flip-box__layer__overlay{transform-style:preserve-3d;transform:translateZ(.1px)}.elementor-flip-box--effect-flip .elementor-flip-box{perspective:1000px;transform-style:preserve-3d}.elementor-flip-box--effect-flip .elementor-flip-box__layer{transform-style:preserve-3d;backface-visibility:hidden}.elementor-flip-box--effect-flip .elementor-flip-box__front{transform:none;z-index:1}.elementor-flip-box--effect-flip .elementor-flip-box:hover .elementor-flip-box__back{transform:none}.elementor-flip-box--effect-flip.elementor-flip-box--direction-right .elementor-flip-box__back{transform:rotateX(0) rotateY(-180deg)}.elementor-flip-box--effect-flip.elementor-flip-box--direction-left .elementor-flip-box__back,.elementor-flip-box--effect-flip.elementor-flip-box--direction-right .elementor-flip-box:hover .elementor-flip-box__front{transform:rotateX(0) rotateY(180deg)}.elementor-flip-box--effect-flip.elementor-flip-box--direction-left .elementor-flip-box:hover .elementor-flip-box__front{transform:rotateX(0) rotateY(-180deg)}.elementor-flip-box--effect-flip.elementor-flip-box--direction-up .elementor-flip-box__back{transform:rotateX(-180deg) rotateY(0)}.elementor-flip-box--effect-flip.elementor-flip-box--direction-down .elementor-flip-box__back,.elementor-flip-box--effect-flip.elementor-flip-box--direction-up .elementor-flip-box:hover .elementor-flip-box__front{transform:rotateX(180deg) rotateY(0)}.elementor-flip-box--effect-flip.elementor-flip-box--direction-down .elementor-flip-box:hover .elementor-flip-box__front{transform:rotateX(-180deg) rotateY(0)}.elementor-flip-box--effect-push .elementor-flip-box__front{transform:none}.elementor-flip-box--effect-push.elementor-flip-box--direction-right .elementor-flip-box:hover .elementor-flip-box__front{transform:translateX(100%) translateY(0)}.elementor-flip-box--effect-push.elementor-flip-box--direction-left .elementor-flip-box:hover .elementor-flip-box__front{transform:translateX(-100%) translateY(0)}.elementor-flip-box--effect-push.elementor-flip-box--direction-up .elementor-flip-box:hover .elementor-flip-box__front{transform:translateX(0) translateY(-100%)}.elementor-flip-box--effect-push.elementor-flip-box--direction-down .elementor-flip-box:hover .elementor-flip-box__front{transform:translateX(0) translateY(100%)}.elementor-flip-box--effect-push .elementor-flip-box,.elementor-flip-box--effect-slide .elementor-flip-box{overflow:hidden}.elementor-flip-box--effect-push .elementor-flip-box:hover .elementor-flip-box__back,.elementor-flip-box--effect-slide .elementor-flip-box:hover .elementor-flip-box__back{transform:none}.elementor-flip-box--effect-push.elementor-flip-box--direction-right .elementor-flip-box__back,.elementor-flip-box--effect-slide.elementor-flip-box--direction-right .elementor-flip-box__back{transform:translateX(-100%) translateY(0)}.elementor-flip-box--effect-push.elementor-flip-box--direction-left .elementor-flip-box__back,.elementor-flip-box--effect-slide.elementor-flip-box--direction-left .elementor-flip-box__back{transform:translateX(100%) translateY(0)}.elementor-flip-box--effect-push.elementor-flip-box--direction-up .elementor-flip-box__back,.elementor-flip-box--effect-slide.elementor-flip-box--direction-up .elementor-flip-box__back{transform:translateX(0) translateY(100%)}.elementor-flip-box--effect-push.elementor-flip-box--direction-down .elementor-flip-box__back,.elementor-flip-box--effect-slide.elementor-flip-box--direction-down .elementor-flip-box__back{transform:translateX(0) translateY(-100%)}.elementor-flip-box--effect-zoom-out .elementor-flip-box .elementor-flip-box__front{transition:transform .7s,opacity .35s,width .1ms;opacity:1;transform:scale(1);z-index:1;width:100%}.elementor-flip-box--effect-zoom-out .elementor-flip-box:hover .elementor-flip-box__front{width:0;opacity:0;transform:scale(.7);transition:transform .8s,opacity .7s .1s,width .1ms .7s}.elementor-flip-box--effect-zoom-in .elementor-flip-box .elementor-flip-box__back{transition:transform .7s,opacity .5s .2s;opacity:0;transform:scale(.7)}.elementor-flip-box--effect-zoom-in .elementor-flip-box:hover .elementor-flip-box__back{transition:transform .7s,opacity .5s;opacity:1;transform:scale(1)}.elementor-flip-box--effect-fade .elementor-flip-box .elementor-flip-box__back{opacity:0}.elementor-flip-box--effect-fade .elementor-flip-box:hover .elementor-flip-box__back{opacity:1}.elementor-widget-flip-box.elementor-flip-box--flipped .elementor-widget-container .elementor-flip-box__front{display:none}.elementor-widget-flip-box.elementor-flip-box--flipped .elementor-widget-container .elementor-flip-box__back{transform:none;opacity:1}.e-con-inner>.elementor-widget-flip-box,.e-con>.elementor-widget-flip-box{width:var(--container-widget-width);--flex-grow:var(--container-widget-flex-grow)}<\/style>\n<p><strong>Aleksi Soukka<br \/>P\u00e4\u00e4toimittaja, yhteisty\u00f6vastaava<\/strong><\/p>\n<p><i>Kuvitteellisten maailmojen kuvern\u00f6\u00f6ri, isk\u00e4vitsien konoss\u00f6\u00f6ri, hajamielinen tireht\u00f6\u00f6ri<\/i><\/p>\n<p><strong><a href=\"https:\/\/www.instagram.com\/aeirikr.design\/\" target=\"_blank\" rel=\"noopener\">Instagram<\/a><br \/><\/strong><strong><a href=\"http:\/\/aleksisoukka.myportfolio.com\" target=\"_blank\" rel=\"noopener\">Portfolio<\/a><\/strong><\/p>\n<p><strong>Suvi-Maarit Uusitalo<br \/>Art Director<\/strong><br \/><i><\/i><\/p>\n<p><i>Valloittavan aurinkoinen visuaalisten kokonaisuuksien taitaja, harvinaisen atleettinen graafikko<\/i><i><br \/><\/i><\/p>\n<p><strong><a href=\"http:\/\/instagram.com\/suviuusitalographics\" target=\"_blank\" rel=\"noopener\">Instagram<\/a><\/strong><\/p>\n<p><strong>Santeri Kinnunen<br \/>Art Director<\/strong><\/p>\n<p><i>Graafinen Demiurgi, kaaoksen rationalisoija<\/i><\/p>\n<p><strong><a href=\"http:\/\/instagram.com\/svntri\" target=\"_blank\" rel=\"noopener\">Instagram<\/a><\/strong><\/p>\n<p><strong>Reetta Korhonen<br \/>Art Director<\/strong><\/p>\n<p><i>Sarjakeskittyj\u00e4, pohjattomien ideoiden alkul\u00e4hde ja esoteerinen esteetikko<\/i><\/p>\n<p><strong><a href=\"http:\/\/instagram.com\/notesfromreetta\" target=\"_blank\" rel=\"noopener\">Instagram<\/a><\/strong><br \/><strong><a href=\"http:\/\/behance.net\/reettakorha294\" target=\"_blank\" rel=\"noopener\">Portfolio<\/a><\/strong><\/p>\n<p><strong>Meri Nyman<br \/>Art Director<\/strong><\/p>\n<p><i>Lempe\u00e4 luovuuden l\u00e4hettil\u00e4s, joka hullaantuu herkullisista v\u00e4reist\u00e4 ja villiintyy virkkaamisesta<\/i><\/p>\n<p><strong><a href=\"http:\/\/instagram.com\/meri.nyman\" target=\"_blank\" rel=\"noopener\">Instagram<\/a><\/strong><br \/><strong><a href=\"http:\/\/merinyman.myportfolio.com\" target=\"_blank\" rel=\"noopener\">Portfolio<\/a><\/strong><\/p>\n<p><strong>Ella Partanen<br \/>Toimittaja<\/strong><\/p>\n<p><i>Tyylitietoinen punaisten mattojen fantasian\u00f6rtti<\/i><\/p>\n<p><strong><a href=\"http:\/\/instagram.com\/artcelestialkiri\" target=\"_blank\" rel=\"noopener\">Instagram<\/a><\/strong><\/p>\n<p><strong>Aino K\u00e4nn\u00f6<br \/>Toimittaja, verkkotiimil\u00e4inen<\/strong><\/p>\n<p><i>Kuvittava mielikuvittelija, leikkis\u00e4n viivan viilaaja ja ty\u00f6ergonomian aatelinen<\/i><\/p>\n<p><strong><a href=\"http:\/\/instagram.com\/ainokanno\" target=\"_blank\" rel=\"noopener\">Instagram<\/a><\/strong><\/p>\n<p><strong>Riina Kauppinen<br \/>Toimittaja, verkkotiimil\u00e4inen\u00a0<\/strong><\/p>\n<p><i>Sanavalmis kauhupelien innokas suurkuluttaja<\/i><\/p>\n<p><strong><a href=\"http:\/\/instagram.com\/teehamstraaja\" target=\"_blank\" rel=\"noopener\">Instagram<\/a><\/strong><\/p>\n<p><strong>Kastanja Kumpulainen<br \/>Sihteeri, jakeluvastaava<\/strong><\/p>\n<p><i>Pikkutarkka piipert\u00e4j\u00e4, empaattinen esteetikko ja retkeilev\u00e4 raapustelija<\/i><\/p>\n<p><strong><a href=\"http:\/\/instagram.com\/kaskummaa\" target=\"_blank\" rel=\"noopener\">Instagram<\/a><\/strong><\/p>\n<p><strong>Matias Toropainen<br \/>Videokuvaaja, yhteisty\u00f6vastaava<\/strong><\/p>\n<p><i>Hypermassiivinen ty\u00f6myyr\u00e4, jonka aika riitt\u00e4\u00e4 kaikkeen eik\u00e4 mihink\u00e4\u00e4n<\/i><\/p>\n<p><strong><a href=\"http:\/\/instagram.com\/matiastoropainen\" target=\"_blank\" rel=\"noopener\">Instagram<\/a><\/strong><br \/><strong><a href=\"http:\/\/matiastoropainen.com\" target=\"_blank\" rel=\"noopener\">Portfolio<\/a><\/strong><\/p>\n<p><strong>Ruusa Pirkola<br \/>Valokuvaaja, verkkotiimil\u00e4inen<\/strong><\/p>\n<p><i>Kaikkin\u00e4kev\u00e4 visuaalinen silm\u00e4, tangolla kieppuva valon valjastaja<\/i><\/p>\n<p><strong><a href=\"http:\/\/instagram.com\/ruusagraphics\" target=\"_blank\" rel=\"noopener\">Instagram<\/a><\/strong><br \/><strong><a href=\"http:\/\/rpirkola.myportfolio.com\/\" target=\"_blank\" rel=\"noopener\">Portfolio<\/a><\/strong><\/p>\n<p><strong>Kaisa Kanerva<br \/>Painovastaava, toimittaja<\/strong><\/p>\n<p><i>Tehokas, tarkka ja taiteellinen. Graafikkonakin ihan mukiinmenev\u00e4, sit ku ois viel\u00e4 muki, mihin menn\u00e4<\/i><\/p>\n<p><strong><a href=\"http:\/\/instagram.com\/sannakaisakanerva\" target=\"_blank\" rel=\"noopener\">Instagram<\/a><\/strong><\/p>\n<p><strong>Emma Heikka<br \/>Somekoordinaattori<\/strong><\/p>\n<p><i>Hassuttelija, omiin maailmoihin uppoutuva sarjakuvien ja s\u00f6p\u00f6jen asioiden suhertaja<\/i><\/p>\n<p><strong><a href=\"http:\/\/instagram.com\/_neb_neb_\" target=\"_blank\" rel=\"noopener\">Instagram<\/a><\/strong><\/p>\n<style>\/*! elementor - v3.12.1 - 02-04-2023 *\/\n.elementor-widget-image{text-align:center}.elementor-widget-image a{display:inline-block}.elementor-widget-image a img[src$=\".svg\"]{width:48px}.elementor-widget-image img{vertical-align:middle;display:inline-block}<\/style>\n<p>\t\t\t\t\t\t\t\t\t\t\t\t<img decoding=\"async\" width=\"720\" height=\"1024\" src=\"https:\/\/graphic.fi\/umg2023\/wp-content\/uploads\/2023\/05\/kasi_RGB_2-720x1024.png\" alt=\"\" loading=\"lazy\" srcset=\"https:\/\/graphic.fi\/umg2023\/wp-content\/uploads\/2023\/05\/kasi_RGB_2-720x1024.png 720w, https:\/\/graphic.fi\/umg2023\/wp-content\/uploads\/2023\/05\/kasi_RGB_2-211x300.png 211w, https:\/\/graphic.fi\/umg2023\/wp-content\/uploads\/2023\/05\/kasi_RGB_2-768x1093.png 768w, https:\/\/graphic.fi\/umg2023\/wp-content\/uploads\/2023\/05\/kasi_RGB_2-1080x1536.png 1080w, https:\/\/graphic.fi\/umg2023\/wp-content\/uploads\/2023\/05\/kasi_RGB_2-1440x2048.png 1440w, https:\/\/graphic.fi\/umg2023\/wp-content\/uploads\/2023\/05\/kasi_RGB_2.png 1902w\" sizes=\"auto, (max-width: 720px) 100vw, 720px\" \/>\t\t\t\t\t\t\t\t\t\t\t\t\t\t\t<\/p>\n<figure>\n\t\t\t\t\t\t\t\t\t\t\t<a href=\"https:\/\/graphic.fi\/umg2023\/merkitysta-metsastamassa\/\"><br \/>\n\t\t\t\t\t\t\t<img decoding=\"async\" width=\"150\" height=\"150\" src=\"https:\/\/graphic.fi\/umg2023\/wp-content\/uploads\/2023\/05\/gougero1valkoinen-1.svg\" alt=\"\" loading=\"lazy\" \/>\t\t\t\t\t\t\t\t<\/a><figcaption>Merkityst\u00e4 mets\u00e4st\u00e4m\u00e4ss\u00e4<\/figcaption><\/figure>\n<figure>\n\t\t\t\t\t\t\t\t\t\t\t<a href=\"https:\/\/graphic.fi\/umg2023\/\"><br \/>\n\t\t\t\t\t\t\t<img decoding=\"async\" width=\"150\" height=\"150\" src=\"https:\/\/graphic.fi\/umg2023\/wp-content\/uploads\/2023\/05\/gougero2valkoinen.svg\" alt=\"\" loading=\"lazy\" \/>\t\t\t\t\t\t\t\t<\/a><figcaption>Etusivu<\/figcaption><\/figure>\n<p>\t\t\t<a href=\"https:\/\/www.instagram.com\/umgmagazine\/\"><br \/>\n\t\t\t\t\t\t<\/a><\/p>\n<h6><a href=\"https:\/\/issuu.com\/umgmagazine\/docs\/umg_n_k_islehti_3\">N\u00e4k\u00f6islehti<\/a><\/h6>\n","protected":false},"excerpt":{"rendered":"<p>Tekij\u00e4t UMG on Lapin yliopiston graafisen suunnittelun opiskelijoiden vuosittainen yhteis\u00f6lehti, joka toteutetaan osana alan maisteriopintoja.\u00a0 VIDEOT MATIAS TOROPAINENTAITTO VERKKOON RUUSA PIRKOLA Aleksi SoukkaP\u00e4\u00e4toimittaja, yhteisty\u00f6vastaava Kuvitteellisten maailmojen kuvern\u00f6\u00f6ri, isk\u00e4vitsien konoss\u00f6\u00f6ri, hajamielinen tireht\u00f6\u00f6ri InstagramPortfolio Suvi-Maarit UusitaloArt Director Valloittavan aurinkoinen visuaalisten kokonaisuuksien taitaja, harvinaisen atleettinen graafikko Instagram Santeri KinnunenArt Director Graafinen Demiurgi, kaaoksen rationalisoija Instagram Reetta KorhonenArt Director [&hellip;]<\/p>\n","protected":false},"author":4,"featured_media":0,"parent":0,"menu_order":0,"comment_status":"closed","ping_status":"closed","template":"","meta":{"inline_featured_image":false,"footnotes":""},"class_list":["post-145","page","type-page","status-publish","hentry"],"_links":{"self":[{"href":"https:\/\/graphic.fi\/umg2023\/wp-json\/wp\/v2\/pages\/145","targetHints":{"allow":["GET"]}}],"collection":[{"href":"https:\/\/graphic.fi\/umg2023\/wp-json\/wp\/v2\/pages"}],"about":[{"href":"https:\/\/graphic.fi\/umg2023\/wp-json\/wp\/v2\/types\/page"}],"author":[{"embeddable":true,"href":"https:\/\/graphic.fi\/umg2023\/wp-json\/wp\/v2\/users\/4"}],"replies":[{"embeddable":true,"href":"https:\/\/graphic.fi\/umg2023\/wp-json\/wp\/v2\/comments?post=145"}],"version-history":[{"count":123,"href":"https:\/\/graphic.fi\/umg2023\/wp-json\/wp\/v2\/pages\/145\/revisions"}],"predecessor-version":[{"id":3401,"href":"https:\/\/graphic.fi\/umg2023\/wp-json\/wp\/v2\/pages\/145\/revisions\/3401"}],"wp:attachment":[{"href":"https:\/\/graphic.fi\/umg2023\/wp-json\/wp\/v2\/media?parent=145"}],"curies":[{"name":"wp","href":"https:\/\/api.w.org\/{rel}","templated":true}]}}