{"id":160,"date":"2023-02-20T13:38:18","date_gmt":"2023-02-20T13:38:18","guid":{"rendered":"https:\/\/graphic.fi\/umg2023\/?page_id=160"},"modified":"2023-05-21T14:27:24","modified_gmt":"2023-05-21T14:27:24","slug":"tarot","status":"publish","type":"page","link":"https:\/\/graphic.fi\/umg2023\/tarot\/","title":{"rendered":"Tarot"},"content":{"rendered":"<style>\/*! elementor - v3.12.1 - 02-04-2023 *\/\n.elementor-heading-title{padding:0;margin:0;line-height:1}.elementor-widget-heading .elementor-heading-title[class*=elementor-size-]>a{color:inherit;font-size:inherit;line-height:inherit}.elementor-widget-heading .elementor-heading-title.elementor-size-small{font-size:15px}.elementor-widget-heading .elementor-heading-title.elementor-size-medium{font-size:19px}.elementor-widget-heading .elementor-heading-title.elementor-size-large{font-size:29px}.elementor-widget-heading .elementor-heading-title.elementor-size-xl{font-size:39px}.elementor-widget-heading .elementor-heading-title.elementor-size-xxl{font-size:59px}<\/style>\n<h2>Tarot<\/h2>\n<p>Vaikka tarot l\u00e4hti liikkeelle aivan tavallisena korttipelin\u00e4, kuvakortteihin yhdistet\u00e4\u00e4n nyky\u00e4\u00e4n niin hyv\u00e4n kuin huonon onnen enteit\u00e4. Valitse korttisi: Tulkinnat ovat omiasi. Kortin yhteydess\u00e4 olevasta runosta voit kuitenkin hakea tunnelmaa kortin yhteyteen&#8230;<\/p>\n<style>\/*! elementor - v3.12.1 - 02-04-2023 *\/\n.elementor-widget-image{text-align:center}.elementor-widget-image a{display:inline-block}.elementor-widget-image a img[src$=\".svg\"]{width:48px}.elementor-widget-image img{vertical-align:middle;display:inline-block}<\/style>\n<p>\t\t\t\t\t\t\t\t\t\t\t\t<img decoding=\"async\" width=\"618\" height=\"1024\" src=\"https:\/\/graphic.fi\/umg2023\/wp-content\/uploads\/2023\/05\/web_tarot_back-618x1024.png\" alt=\"\" loading=\"lazy\" srcset=\"https:\/\/graphic.fi\/umg2023\/wp-content\/uploads\/2023\/05\/web_tarot_back-618x1024.png 618w, https:\/\/graphic.fi\/umg2023\/wp-content\/uploads\/2023\/05\/web_tarot_back-181x300.png 181w, https:\/\/graphic.fi\/umg2023\/wp-content\/uploads\/2023\/05\/web_tarot_back-768x1273.png 768w, https:\/\/graphic.fi\/umg2023\/wp-content\/uploads\/2023\/05\/web_tarot_back.png 898w\" sizes=\"auto, (max-width: 618px) 100vw, 618px\" \/><br \/>\n\t\t\t\t\t\t\t\t\t\t\t\t\t\t\t<img decoding=\"async\" width=\"618\" height=\"1024\" src=\"https:\/\/graphic.fi\/umg2023\/wp-content\/uploads\/2023\/05\/web_tarot_back-618x1024.png\" alt=\"\" loading=\"lazy\" srcset=\"https:\/\/graphic.fi\/umg2023\/wp-content\/uploads\/2023\/05\/web_tarot_back-618x1024.png 618w, https:\/\/graphic.fi\/umg2023\/wp-content\/uploads\/2023\/05\/web_tarot_back-181x300.png 181w, https:\/\/graphic.fi\/umg2023\/wp-content\/uploads\/2023\/05\/web_tarot_back-768x1273.png 768w, https:\/\/graphic.fi\/umg2023\/wp-content\/uploads\/2023\/05\/web_tarot_back.png 898w\" sizes=\"auto, (max-width: 618px) 100vw, 618px\" \/><br \/>\n\t\t\t\t\t\t\t\t\t\t\t\t\t\t\t<img decoding=\"async\" width=\"618\" height=\"1024\" src=\"https:\/\/graphic.fi\/umg2023\/wp-content\/uploads\/2023\/05\/web_tarot_back-618x1024.png\" alt=\"\" loading=\"lazy\" srcset=\"https:\/\/graphic.fi\/umg2023\/wp-content\/uploads\/2023\/05\/web_tarot_back-618x1024.png 618w, https:\/\/graphic.fi\/umg2023\/wp-content\/uploads\/2023\/05\/web_tarot_back-181x300.png 181w, https:\/\/graphic.fi\/umg2023\/wp-content\/uploads\/2023\/05\/web_tarot_back-768x1273.png 768w, https:\/\/graphic.fi\/umg2023\/wp-content\/uploads\/2023\/05\/web_tarot_back.png 898w\" sizes=\"auto, (max-width: 618px) 100vw, 618px\" \/><br \/>\n\t\t\t\t\t\t\t\t\t\t\t\t\t\t\t<img decoding=\"async\" width=\"618\" height=\"1024\" src=\"https:\/\/graphic.fi\/umg2023\/wp-content\/uploads\/2023\/05\/web_tarot_back-618x1024.png\" alt=\"\" loading=\"lazy\" srcset=\"https:\/\/graphic.fi\/umg2023\/wp-content\/uploads\/2023\/05\/web_tarot_back-618x1024.png 618w, https:\/\/graphic.fi\/umg2023\/wp-content\/uploads\/2023\/05\/web_tarot_back-181x300.png 181w, https:\/\/graphic.fi\/umg2023\/wp-content\/uploads\/2023\/05\/web_tarot_back-768x1273.png 768w, https:\/\/graphic.fi\/umg2023\/wp-content\/uploads\/2023\/05\/web_tarot_back.png 898w\" sizes=\"auto, (max-width: 618px) 100vw, 618px\" \/><br \/>\n\t\t\t\t\t\t\t\t\t\t\t\t\t\t\t<img decoding=\"async\" width=\"618\" height=\"1024\" src=\"https:\/\/graphic.fi\/umg2023\/wp-content\/uploads\/2023\/05\/web_tarot_back-618x1024.png\" alt=\"\" loading=\"lazy\" srcset=\"https:\/\/graphic.fi\/umg2023\/wp-content\/uploads\/2023\/05\/web_tarot_back-618x1024.png 618w, https:\/\/graphic.fi\/umg2023\/wp-content\/uploads\/2023\/05\/web_tarot_back-181x300.png 181w, https:\/\/graphic.fi\/umg2023\/wp-content\/uploads\/2023\/05\/web_tarot_back-768x1273.png 768w, https:\/\/graphic.fi\/umg2023\/wp-content\/uploads\/2023\/05\/web_tarot_back.png 898w\" sizes=\"auto, (max-width: 618px) 100vw, 618px\" \/><br \/>\n\t\t\t\t\t\t\t\t\t\t\t\t\t\t\t<img decoding=\"async\" width=\"618\" height=\"1024\" src=\"https:\/\/graphic.fi\/umg2023\/wp-content\/uploads\/2023\/05\/web_tarot_back-618x1024.png\" alt=\"\" loading=\"lazy\" srcset=\"https:\/\/graphic.fi\/umg2023\/wp-content\/uploads\/2023\/05\/web_tarot_back-618x1024.png 618w, https:\/\/graphic.fi\/umg2023\/wp-content\/uploads\/2023\/05\/web_tarot_back-181x300.png 181w, https:\/\/graphic.fi\/umg2023\/wp-content\/uploads\/2023\/05\/web_tarot_back-768x1273.png 768w, https:\/\/graphic.fi\/umg2023\/wp-content\/uploads\/2023\/05\/web_tarot_back.png 898w\" sizes=\"auto, (max-width: 618px) 100vw, 618px\" \/><br \/>\n\t\t\t\t\t\t\t\t\t\t\t\t\t\t\t<img decoding=\"async\" width=\"618\" height=\"1024\" src=\"https:\/\/graphic.fi\/umg2023\/wp-content\/uploads\/2023\/05\/web_tarot_back-618x1024.png\" alt=\"\" loading=\"lazy\" srcset=\"https:\/\/graphic.fi\/umg2023\/wp-content\/uploads\/2023\/05\/web_tarot_back-618x1024.png 618w, https:\/\/graphic.fi\/umg2023\/wp-content\/uploads\/2023\/05\/web_tarot_back-181x300.png 181w, https:\/\/graphic.fi\/umg2023\/wp-content\/uploads\/2023\/05\/web_tarot_back-768x1273.png 768w, https:\/\/graphic.fi\/umg2023\/wp-content\/uploads\/2023\/05\/web_tarot_back.png 898w\" sizes=\"auto, (max-width: 618px) 100vw, 618px\" \/><br \/>\n\t\t\t\t\t\t\t\t\t\t\t\t\t\t\t<img decoding=\"async\" width=\"618\" height=\"1024\" src=\"https:\/\/graphic.fi\/umg2023\/wp-content\/uploads\/2023\/05\/web_tarot_back-618x1024.png\" alt=\"\" loading=\"lazy\" srcset=\"https:\/\/graphic.fi\/umg2023\/wp-content\/uploads\/2023\/05\/web_tarot_back-618x1024.png 618w, https:\/\/graphic.fi\/umg2023\/wp-content\/uploads\/2023\/05\/web_tarot_back-181x300.png 181w, https:\/\/graphic.fi\/umg2023\/wp-content\/uploads\/2023\/05\/web_tarot_back-768x1273.png 768w, https:\/\/graphic.fi\/umg2023\/wp-content\/uploads\/2023\/05\/web_tarot_back.png 898w\" sizes=\"auto, (max-width: 618px) 100vw, 618px\" \/><br \/>\n\t\t\t\t\t\t\t\t\t\t\t\t\t\t\t<img decoding=\"async\" width=\"618\" height=\"1024\" src=\"https:\/\/graphic.fi\/umg2023\/wp-content\/uploads\/2023\/05\/web_tarot_back-618x1024.png\" alt=\"\" loading=\"lazy\" srcset=\"https:\/\/graphic.fi\/umg2023\/wp-content\/uploads\/2023\/05\/web_tarot_back-618x1024.png 618w, https:\/\/graphic.fi\/umg2023\/wp-content\/uploads\/2023\/05\/web_tarot_back-181x300.png 181w, https:\/\/graphic.fi\/umg2023\/wp-content\/uploads\/2023\/05\/web_tarot_back-768x1273.png 768w, https:\/\/graphic.fi\/umg2023\/wp-content\/uploads\/2023\/05\/web_tarot_back.png 898w\" sizes=\"auto, (max-width: 618px) 100vw, 618px\" \/>\t\t\t\t\t\t\t\t\t\t\t\t\t\t\t<\/p>\n<style>\/*! elementor - v3.12.1 - 02-04-2023 *\/\n.elementor-column .elementor-spacer-inner{height:var(--spacer-size)}.e-con{--container-widget-width:100%}.e-con-inner>.elementor-widget-spacer,.e-con>.elementor-widget-spacer{width:var(--container-widget-width,var(--spacer-size));--align-self:var(--container-widget-align-self,initial);--flex-shrink:0}.e-con-inner>.elementor-widget-spacer>.elementor-widget-container,.e-con-inner>.elementor-widget-spacer>.elementor-widget-container>.elementor-spacer,.e-con>.elementor-widget-spacer>.elementor-widget-container,.e-con>.elementor-widget-spacer>.elementor-widget-container>.elementor-spacer{height:100%}.e-con-inner>.elementor-widget-spacer>.elementor-widget-container>.elementor-spacer>.elementor-spacer-inner,.e-con>.elementor-widget-spacer>.elementor-widget-container>.elementor-spacer>.elementor-spacer-inner{height:var(--container-widget-height,var(--spacer-size))}<\/style>\n<figure>\n\t\t\t\t\t\t\t\t\t\t\t<a href=\"https:\/\/graphic.fi\/umg2023\/hyvia-ja-huonoja-numeroita\/\"><br \/>\n\t\t\t\t\t\t\t<img decoding=\"async\" width=\"150\" height=\"150\" src=\"https:\/\/graphic.fi\/umg2023\/wp-content\/uploads\/2023\/05\/gougero1valkoinen-1.svg\" alt=\"\" loading=\"lazy\" \/>\t\t\t\t\t\t\t\t<\/a><figcaption>Hyvi\u00e4 ja huonoja numeroita<\/figcaption><\/figure>\n<figure>\n\t\t\t\t\t\t\t\t\t\t\t<a href=\"https:\/\/graphic.fi\/umg2023\/graafikon-kadestaluku\/\"><br \/>\n\t\t\t\t\t\t\t<img decoding=\"async\" width=\"150\" height=\"150\" src=\"https:\/\/graphic.fi\/umg2023\/wp-content\/uploads\/2023\/05\/gougero2valkoinen.svg\" alt=\"\" loading=\"lazy\" \/>\t\t\t\t\t\t\t\t<\/a><figcaption>Kirologinen tulkinta<\/figcaption><\/figure>\n<p>\t\t\t<a href=\"https:\/\/www.instagram.com\/umgmagazine\/\"><br \/>\n\t\t\t\t\t\t<\/a><\/p>\n<h6><a href=\"https:\/\/issuu.com\/umgmagazine\/docs\/umg_n_k_islehti_3\">N\u00e4k\u00f6islehti<\/a><\/h6>\n","protected":false},"excerpt":{"rendered":"<p>Tarot Vaikka tarot l\u00e4hti liikkeelle aivan tavallisena korttipelin\u00e4, kuvakortteihin yhdistet\u00e4\u00e4n nyky\u00e4\u00e4n niin hyv\u00e4n kuin huonon onnen enteit\u00e4. Valitse korttisi: Tulkinnat ovat omiasi. Kortin yhteydess\u00e4 olevasta runosta voit kuitenkin hakea tunnelmaa kortin yhteyteen&#8230; Hyvi\u00e4 ja huonoja numeroita Kirologinen tulkinta N\u00e4k\u00f6islehti<\/p>\n","protected":false},"author":3,"featured_media":0,"parent":0,"menu_order":0,"comment_status":"closed","ping_status":"closed","template":"","meta":{"inline_featured_image":false,"footnotes":""},"class_list":["post-160","page","type-page","status-publish","hentry"],"_links":{"self":[{"href":"https:\/\/graphic.fi\/umg2023\/wp-json\/wp\/v2\/pages\/160","targetHints":{"allow":["GET"]}}],"collection":[{"href":"https:\/\/graphic.fi\/umg2023\/wp-json\/wp\/v2\/pages"}],"about":[{"href":"https:\/\/graphic.fi\/umg2023\/wp-json\/wp\/v2\/types\/page"}],"author":[{"embeddable":true,"href":"https:\/\/graphic.fi\/umg2023\/wp-json\/wp\/v2\/users\/3"}],"replies":[{"embeddable":true,"href":"https:\/\/graphic.fi\/umg2023\/wp-json\/wp\/v2\/comments?post=160"}],"version-history":[{"count":81,"href":"https:\/\/graphic.fi\/umg2023\/wp-json\/wp\/v2\/pages\/160\/revisions"}],"predecessor-version":[{"id":3398,"href":"https:\/\/graphic.fi\/umg2023\/wp-json\/wp\/v2\/pages\/160\/revisions\/3398"}],"wp:attachment":[{"href":"https:\/\/graphic.fi\/umg2023\/wp-json\/wp\/v2\/media?parent=160"}],"curies":[{"name":"wp","href":"https:\/\/api.w.org\/{rel}","templated":true}]}}