{"id":1898,"date":"2023-05-12T17:08:13","date_gmt":"2023-05-12T17:08:13","guid":{"rendered":"https:\/\/graphic.fi\/umg2023\/?page_id=1898"},"modified":"2023-05-21T14:23:57","modified_gmt":"2023-05-21T14:23:57","slug":"merkitysta-metsastamassa","status":"publish","type":"page","link":"https:\/\/graphic.fi\/umg2023\/merkitysta-metsastamassa\/","title":{"rendered":"Merkityst\u00e4 mets\u00e4st\u00e4m\u00e4ss\u00e4"},"content":{"rendered":"<style>\/*! elementor - v3.12.1 - 02-04-2023 *\/\n.elementor-widget-image{text-align:center}.elementor-widget-image a{display:inline-block}.elementor-widget-image a img[src$=\".svg\"]{width:48px}.elementor-widget-image img{vertical-align:middle;display:inline-block}<\/style>\n<p>\t\t\t\t\t\t\t\t\t\t\t\t\t<a href=\"https:\/\/graphic.fi\/umg2023\/\"><br \/>\n\t\t\t\t\t\t\t<img decoding=\"async\" width=\"826\" height=\"459\" src=\"https:\/\/graphic.fi\/umg2023\/wp-content\/uploads\/2023\/02\/logo-vaaka-23-umg-01.svg\" alt=\"\" loading=\"lazy\" \/>\t\t\t\t\t\t\t\t<\/a><\/p>\n<style>\/*! elementor - v3.12.1 - 02-04-2023 *\/\n.elementor-column .elementor-spacer-inner{height:var(--spacer-size)}.e-con{--container-widget-width:100%}.e-con-inner>.elementor-widget-spacer,.e-con>.elementor-widget-spacer{width:var(--container-widget-width,var(--spacer-size));--align-self:var(--container-widget-align-self,initial);--flex-shrink:0}.e-con-inner>.elementor-widget-spacer>.elementor-widget-container,.e-con-inner>.elementor-widget-spacer>.elementor-widget-container>.elementor-spacer,.e-con>.elementor-widget-spacer>.elementor-widget-container,.e-con>.elementor-widget-spacer>.elementor-widget-container>.elementor-spacer{height:100%}.e-con-inner>.elementor-widget-spacer>.elementor-widget-container>.elementor-spacer>.elementor-spacer-inner,.e-con>.elementor-widget-spacer>.elementor-widget-container>.elementor-spacer>.elementor-spacer-inner{height:var(--container-widget-height,var(--spacer-size))}<\/style>\n<style>\/*! elementor - v3.12.1 - 02-04-2023 *\/\n.elementor-heading-title{padding:0;margin:0;line-height:1}.elementor-widget-heading .elementor-heading-title[class*=elementor-size-]>a{color:inherit;font-size:inherit;line-height:inherit}.elementor-widget-heading .elementor-heading-title.elementor-size-small{font-size:15px}.elementor-widget-heading .elementor-heading-title.elementor-size-medium{font-size:19px}.elementor-widget-heading .elementor-heading-title.elementor-size-large{font-size:29px}.elementor-widget-heading .elementor-heading-title.elementor-size-xl{font-size:39px}.elementor-widget-heading .elementor-heading-title.elementor-size-xxl{font-size:59px}<\/style>\n<h2>Merkityst\u00e4 mets\u00e4st\u00e4m\u00e4ss\u00e4<\/h2>\n<p>TEKSTI JA TAITTO SUVI-MAARIT UUSITALO JA AINO K\u00c4NN\u00d6<\/p>\n<p>KUVITUS SUVI-MAARIT UUSITALO<\/p>\n<p>Haastattelimme kolmea Lapin yliopiston graafisen suunnittelun koulutusohjelman alumnia heid\u00e4n yksil\u00f6llisist\u00e4 reiteist\u00e4\u00e4n itselle merkityksellisiin ty\u00f6teht\u00e4viin. Vaikka ty\u00f6teht\u00e4v\u00e4t ja urapolun tarjoamat yll\u00e4tykset vaihtelevat, saattaa onnistumisen kokemus synty\u00e4 lopulta samoista aineksista. Kovatahtisen ty\u00f6n keskell\u00e4 iloa tuo suuren projektin loppuun saattaminen, kiitt\u00e4v\u00e4 palaute sek\u00e4 omien rajojen ja tasapainon l\u00f6yt\u00e4minen.<\/p>\n<p>\t\t\t\t\t\t\t\t\t\t\t\t\t\t\t\t<a href=\"#siirryella\"><br \/>\n\t\t\t\t\t\t\t<img decoding=\"async\" width=\"800\" height=\"800\" src=\"https:\/\/graphic.fi\/umg2023\/wp-content\/uploads\/2023\/05\/Kuvitus_Ella_pallo-03-1024x1024.png\" alt=\"\" loading=\"lazy\" srcset=\"https:\/\/graphic.fi\/umg2023\/wp-content\/uploads\/2023\/05\/Kuvitus_Ella_pallo-03-1024x1024.png 1024w, https:\/\/graphic.fi\/umg2023\/wp-content\/uploads\/2023\/05\/Kuvitus_Ella_pallo-03-300x300.png 300w, https:\/\/graphic.fi\/umg2023\/wp-content\/uploads\/2023\/05\/Kuvitus_Ella_pallo-03-150x150.png 150w, https:\/\/graphic.fi\/umg2023\/wp-content\/uploads\/2023\/05\/Kuvitus_Ella_pallo-03-768x768.png 768w, https:\/\/graphic.fi\/umg2023\/wp-content\/uploads\/2023\/05\/Kuvitus_Ella_pallo-03-1536x1536.png 1536w, https:\/\/graphic.fi\/umg2023\/wp-content\/uploads\/2023\/05\/Kuvitus_Ella_pallo-03-2048x2048.png 2048w\" sizes=\"auto, (max-width: 800px) 100vw, 800px\" \/>\t\t\t\t\t\t\t\t<\/a><\/p>\n<p><strong>Ella Jokinen<\/strong><\/p>\n<p>Visuaalisen viestinn\u00e4n suunnittelija<\/p>\n<p>\t\t\t\t\t\t\t\t\t\t\t\t\t\t\t\t<a href=\"#siirrymikko\"><br \/>\n\t\t\t\t\t\t\t<img decoding=\"async\" width=\"800\" height=\"800\" src=\"https:\/\/graphic.fi\/umg2023\/wp-content\/uploads\/2023\/05\/Kuvitus_Mikko_pallo-02-1024x1024.png\" alt=\"\" loading=\"lazy\" srcset=\"https:\/\/graphic.fi\/umg2023\/wp-content\/uploads\/2023\/05\/Kuvitus_Mikko_pallo-02-1024x1024.png 1024w, https:\/\/graphic.fi\/umg2023\/wp-content\/uploads\/2023\/05\/Kuvitus_Mikko_pallo-02-300x300.png 300w, https:\/\/graphic.fi\/umg2023\/wp-content\/uploads\/2023\/05\/Kuvitus_Mikko_pallo-02-150x150.png 150w, https:\/\/graphic.fi\/umg2023\/wp-content\/uploads\/2023\/05\/Kuvitus_Mikko_pallo-02-768x768.png 768w, https:\/\/graphic.fi\/umg2023\/wp-content\/uploads\/2023\/05\/Kuvitus_Mikko_pallo-02-1536x1536.png 1536w, https:\/\/graphic.fi\/umg2023\/wp-content\/uploads\/2023\/05\/Kuvitus_Mikko_pallo-02-2048x2048.png 2048w\" sizes=\"auto, (max-width: 800px) 100vw, 800px\" \/>\t\t\t\t\t\t\t\t<\/a><\/p>\n<p><strong>Mikko Roininen<\/strong><\/p>\n<p>Art Director<\/p>\n<p>\t\t\t\t\t\t\t\t\t\t\t\t\t\t\t\t<a href=\"#siirryruut\"><br \/>\n\t\t\t\t\t\t\t<img decoding=\"async\" width=\"800\" height=\"800\" src=\"https:\/\/graphic.fi\/umg2023\/wp-content\/uploads\/2023\/05\/Kuvitus_Ruut_pallo_150-01-1024x1024.png\" alt=\"\" loading=\"lazy\" srcset=\"https:\/\/graphic.fi\/umg2023\/wp-content\/uploads\/2023\/05\/Kuvitus_Ruut_pallo_150-01-1024x1024.png 1024w, https:\/\/graphic.fi\/umg2023\/wp-content\/uploads\/2023\/05\/Kuvitus_Ruut_pallo_150-01-300x300.png 300w, https:\/\/graphic.fi\/umg2023\/wp-content\/uploads\/2023\/05\/Kuvitus_Ruut_pallo_150-01-150x150.png 150w, https:\/\/graphic.fi\/umg2023\/wp-content\/uploads\/2023\/05\/Kuvitus_Ruut_pallo_150-01-768x768.png 768w, https:\/\/graphic.fi\/umg2023\/wp-content\/uploads\/2023\/05\/Kuvitus_Ruut_pallo_150-01-1536x1536.png 1536w, https:\/\/graphic.fi\/umg2023\/wp-content\/uploads\/2023\/05\/Kuvitus_Ruut_pallo_150-01-2048x2048.png 2048w\" sizes=\"auto, (max-width: 800px) 100vw, 800px\" \/>\t\t\t\t\t\t\t\t<\/a><\/p>\n<p><strong>Ruut Kiiskil\u00e4<\/strong><\/p>\n<p>Accessibility Specialist<\/p>\n<p>\t\t\t\t\t\t\t\t\t\t\t\t\t\t\t<img decoding=\"async\" width=\"800\" height=\"822\" src=\"https:\/\/graphic.fi\/umg2023\/wp-content\/uploads\/2023\/05\/ELLA_kuvitus_rgb.300ppi-996x1024.png\" alt=\"\" loading=\"lazy\" srcset=\"https:\/\/graphic.fi\/umg2023\/wp-content\/uploads\/2023\/05\/ELLA_kuvitus_rgb.300ppi-996x1024.png 996w, https:\/\/graphic.fi\/umg2023\/wp-content\/uploads\/2023\/05\/ELLA_kuvitus_rgb.300ppi-292x300.png 292w, https:\/\/graphic.fi\/umg2023\/wp-content\/uploads\/2023\/05\/ELLA_kuvitus_rgb.300ppi-768x790.png 768w, https:\/\/graphic.fi\/umg2023\/wp-content\/uploads\/2023\/05\/ELLA_kuvitus_rgb.300ppi-1493x1536.png 1493w, https:\/\/graphic.fi\/umg2023\/wp-content\/uploads\/2023\/05\/ELLA_kuvitus_rgb.300ppi-1991x2048.png 1991w\" sizes=\"auto, (max-width: 800px) 100vw, 800px\" \/>\t\t\t\t\t\t\t\t\t\t\t\t\t\t\t<\/p>\n<h2>Ella Jokinen<\/h2>\n<p><strong>Visuaalisen viestinn\u00e4n suunnittelija<\/strong><br \/>Valmistui vuonna <strong>2018<\/strong><br \/>Asuu <strong>Helsingiss\u00e4<\/strong><\/p>\n<h2>Mit\u00e4 teet ty\u00f6ksesi?<\/h2>\n<p><strong>Olen <\/strong>Ulkoministeri\u00f6n visuaalisen viestinn\u00e4n suunnittelija. Ty\u00f6h\u00f6n kuuluu esimerkiksi visuaalisten materiaalien suunnittelua sosiaaliseen mediaan, verkkoon ja sis\u00e4iseen viestint\u00e4\u00e4n, muun henkil\u00f6st\u00f6n kouluttamista ja konsultointia, graafisen ohjeiston ja visuaalisten sovellusten p\u00e4ivitt\u00e4mist\u00e4, kuvittamista, infografiikoita, valokuvatoimitusta, painotiedostojen toteutusta ja kirjallisten ohjeiden laadintaa. Projekteissa ja ulkoistetuissa tilauksissa ohjeistan ja valvon visuaalisen ilmeen toteutumista.<\/p>\n<h2>Millainen oli reittisi nykyisiin ty\u00f6teht\u00e4viisi?<\/h2>\n<p><strong>Opintojen <\/strong>aikana tein harjoittelut paikallisessa mainostoimistossa ja sanomalehdess\u00e4. Sanomalehdess\u00e4 jatkoin kes\u00e4ty\u00f6ntekij\u00e4n\u00e4 asuessani Rovaniemell\u00e4 ja muutettuani Ouluun olin p\u00e4tk\u00e4n mainostoimistossa t\u00f6iss\u00e4. Saman sanomalehtikonsernin toisesta lehdest\u00e4 tuli avoin sijaisuus hakuun ja sain paikan.\u00a0<\/p>\n<p>Sijaisuuden loppupuolella vastaan tuli Ulkoministeri\u00f6n avoin visuaalisen suunnittelijan pesti, jota lopulta p\u00e4\u00e4dyin hakemaan. Hakuprosessi oli monivaiheinen, mutta lopulta onneksi sain paikan, sill\u00e4 sen aikana vahvistui entisest\u00e4\u00e4n tunne, ett\u00e4 t\u00e4m\u00e4 voisi olla juuri minulle sopiva ty\u00f6. T\u00e4ss\u00e4 vaiheessa my\u00f6s arvojen kohtaaminen ty\u00f6paikan kanssa tuntui erityisen t\u00e4rke\u00e4lt\u00e4. T\u00e4ll\u00e4 hetkell\u00e4 olen ollut t\u00e4ss\u00e4 ty\u00f6ss\u00e4 noin kaksi ja puoli vuotta ja virka vakinaistettiin ensimm\u00e4isen vuoden j\u00e4lkeen.<\/p>\n<h2>Mik\u00e4 koulutuksesi aikana oppimasi asia on osoittautunut ty\u00f6el\u00e4m\u00e4n kannalta erityisen hy\u00f6dylliseksi?<\/h2>\n<p><strong>Erityisesti <\/strong>tekemieni tutkielmien kautta visuaalisten valintojen analysointi ja multimodaalinen tarkastelu vahvistuivat osana br\u00e4ndin ja visuaalisten sovellusten rakentamista. T\u00e4m\u00e4 lis\u00e4si monipuolista ja faktoihin pohjautuvaa perustelua my\u00f6s omiin suunnittelut\u00f6ihin etenkin, kun tiettyj\u00e4 valintoja tulee selitt\u00e4\u00e4 my\u00f6s tilaajalle. Analyyttinen ote ja tiet\u00e4mys esimerkiksi havainnoinnin tavoista, elementtien symboliikasta ja v\u00e4rien ja muotojen merkityksist\u00e4 auttoi my\u00f6s perustelemaan omia suunnitteluvalintoja. T\u00e4t\u00e4 toki harjoiteltiin my\u00f6s lukuisissa presentaatioissa opintojen aikana. <\/p>\n<h2>Onko jokin ty\u00f6el\u00e4m\u00e4ss\u00e4 yll\u00e4tt\u00e4nyt?<\/h2>\n<p><strong>Ainakin <\/strong>nykyinen positio. Opiskellessa ei k\u00e4ynyt mieless\u00e4k\u00e4\u00e4n, ett\u00e4 ministeri\u00f6 voisi olla graafikkona potentiaalinen ja eritt\u00e4in kiinnostava ty\u00f6paikka, vaikka visuaalisen alan laajat mahdollisuudet yleisesti olivatkin tiedossa. My\u00f6s saavutettavuus tuli valtionhallinnon ty\u00f6n kautta ihan uutena asiana ja olen iloinen, ett\u00e4 t\u00f6iden kautta olen p\u00e4\u00e4ssyt opettelemaan eri k\u00e4ytt\u00e4j\u00e4ryhm\u00e4t huomioivaa visuaalista suunnittelua.<\/p>\n<h2>Mik\u00e4 tekee ty\u00f6st\u00e4si itsellesi merkityksellist\u00e4?<\/h2>\n<p><strong>Monipuolisuus<\/strong>, jatkuva kehittyminen sek\u00e4 vapaus ja vastuu visuaalisuuden osalta. Lis\u00e4ksi ty\u00f6 ministeri\u00f6ss\u00e4 on sek\u00e4 yhteiskunnallista ett\u00e4 yleishy\u00f6dyllist\u00e4, ja ty\u00f6n j\u00e4ljen n\u00e4kee nopeasti eri kanavissa. P\u00e4\u00e4sen hy\u00f6dynt\u00e4m\u00e4\u00e4n taitojani ja vaikuttamaan ty\u00f6h\u00f6ni. Harkittu visuaalinen muotoilu parantaa viestint\u00e4\u00e4 usein kokonaisvaltaisesti, ja oman ty\u00f6n merkityksellisyys kasvaa, kun muutkin huomaavat sen vaikutuksen.<\/p>\n<h2>Kertoisitko viimeisimm\u00e4st\u00e4 ty\u00f6ss\u00e4 kokemastasi pienest\u00e4 tai suuresta onnistumisesta?<\/h2>\n<p><strong>Onnistunut <\/strong>olo tulee hyv\u00e4n palautteen saamisesta, erityisesti kun kollega mainitsee saaneensa asiantuntevaa opastusta tai toimivan visuaalisen tuotteen. Onnistumisen tunne tuli my\u00f6s pidemm\u00e4n ja v\u00e4h\u00e4n polveilevan taittohomman saamisesta maaliin aikataulussa ja saavutettavuuden huomioimisesta prosessissa. Moni ty\u00f6vaihe t\u00e4st\u00e4 on muille n\u00e4kym\u00e4t\u00f6nt\u00e4, mutta tietyss\u00e4 tilanteessa voi osoittautua merkitt\u00e4v\u00e4ksi.<\/p>\n<p>Hiljattain koen onnistuneeni paremmin my\u00f6s oman monipuolisen ty\u00f6listani suunnittelussa ja omien ty\u00f6resurssieni korostamisessa itselleni ja muille. Uskon monen graafikon olevan ajank\u00e4yt\u00f6n suhteen turhankin optimistinen \u2013 etenkin, kun ty\u00f6 tuntuu kiinnostavalta.<\/p>\n<p>\t\t\t\t\t\t\t\t\t\t\t\t\t\t\t<img decoding=\"async\" width=\"800\" height=\"798\" src=\"https:\/\/graphic.fi\/umg2023\/wp-content\/uploads\/2023\/05\/Mikko_kuvitus-rgb.300ppi-1024x1021.png\" alt=\"\" loading=\"lazy\" srcset=\"https:\/\/graphic.fi\/umg2023\/wp-content\/uploads\/2023\/05\/Mikko_kuvitus-rgb.300ppi-1024x1021.png 1024w, https:\/\/graphic.fi\/umg2023\/wp-content\/uploads\/2023\/05\/Mikko_kuvitus-rgb.300ppi-300x300.png 300w, https:\/\/graphic.fi\/umg2023\/wp-content\/uploads\/2023\/05\/Mikko_kuvitus-rgb.300ppi-150x150.png 150w, https:\/\/graphic.fi\/umg2023\/wp-content\/uploads\/2023\/05\/Mikko_kuvitus-rgb.300ppi-768x766.png 768w, https:\/\/graphic.fi\/umg2023\/wp-content\/uploads\/2023\/05\/Mikko_kuvitus-rgb.300ppi-1536x1532.png 1536w, https:\/\/graphic.fi\/umg2023\/wp-content\/uploads\/2023\/05\/Mikko_kuvitus-rgb.300ppi.png 2016w\" sizes=\"auto, (max-width: 800px) 100vw, 800px\" \/>\t\t\t\t\t\t\t\t\t\t\t\t\t\t\t<\/p>\n<h2>Mikko Roininen<\/h2>\n<p><strong>Art Director<\/strong><br \/>Valmistui vuonna <strong>2021<\/strong><br \/>Asuu <strong>Helsingiss\u00e4<\/strong><\/p>\n<h2>Mit\u00e4 teet ty\u00f6ksesi?<\/h2>\n<p><strong>Olen <\/strong>Art Director TBWAHelsinki-markkinointitoimistossa. Vastaan laaja-alaisesti visuaalisesta suunnittelusta, koskipa se sitten mainonnan suunnittelua, br\u00e4ndi-identiteettiuudistusta tai oikeastaan mit\u00e4 tahansa visuaalista, mit\u00e4 markkinointitoimistossa voi tulla vastaan. Lis\u00e4ksi teen jonkin verran kuvituksia.<\/p>\n<h2>Mik\u00e4 oli reittisi nykyisiin ty\u00f6teht\u00e4viisi?<\/h2>\n<p><strong>Aloitin <\/strong>TBWA:lla yli nelj\u00e4 vuotta sitten graafisena suunnittelijana ollessani yh\u00e4 opiskelija. Tiesin haluavani Art Directoriksi ja pyrin tietoisesti hankkimaan sit\u00e4 tukevia ty\u00f6teht\u00e4vi\u00e4 ja vastuita. Pikkuhiljaa se tuotti tulosta. Nyt olen toiminut AD:n\u00e4 jo muutaman vuoden eri asiakkuuksissa, ja se on ollut kivaa ja haastavaa.<\/p>\n<h2>Mik\u00e4 koulutuksesi aikana oppimasi asia on osoittautunut ty\u00f6el\u00e4m\u00e4n kannalta erityisen hy\u00f6dylliseksi?<\/h2>\n<p><strong>Yliopistossa <\/strong>p\u00e4\u00e4si kokeilemaan ja oppimaan paljon erilaisia asioita typografiasta koodaukseen. Vaikka usein kurssit ovat pintaraapaisuja, on niist\u00e4 ollut iso apu ty\u00f6el\u00e4m\u00e4ss\u00e4, kun tehd\u00e4\u00e4n yhteisty\u00f6t\u00e4 erilaisten osaajien kanssa. Erilaiset kurssit ovat my\u00f6s auttaneet paljon oman ammatti-identiteetin l\u00f6ytymisess\u00e4.\u00a0<\/p>\n<p>Esimerkiksi juuri UMG-kurssilla p\u00e4\u00e4sin ensimm\u00e4ist\u00e4 kertaa tekem\u00e4\u00e4n painettua lehte\u00e4 ja harjoittelemaan laajemman kokonaisuuden luovaa johtamista, mik\u00e4 tuntui heti tosi omalta. Kurssista oli my\u00f6s konkreettista hy\u00f6ty\u00e4, kun lehden my\u00f6t\u00e4 minut kutsuttiin haastatteluun ensimm\u00e4iseen harjoittelupaikkaani. Ja sill\u00e4 tiell\u00e4 tavallaan olen edelleenkin.<\/p>\n<h2>Onko jokin ty\u00f6el\u00e4m\u00e4ss\u00e4 yll\u00e4tt\u00e4nyt?<\/h2>\n<p><strong>Suurin <\/strong>yll\u00e4tys ty\u00f6el\u00e4m\u00e4ss\u00e4 on ollut se, ett\u00e4 omat unelmat voivat k\u00e4yd\u00e4 yll\u00e4tt\u00e4v\u00e4n nopeasti toteen. Opiskellessa haaveilee kaikenlaisesta ja ajattelee ty\u00f6el\u00e4m\u00e4\u00e4 niin, ett\u00e4 pit\u00e4\u00e4 olla valmis ja t\u00e4ydellinen, ett\u00e4 voi sit\u00e4 ja t\u00e4t\u00e4, mutta lopulta oman tien kulkeminen ja erilaiset sattumukset voivat vied\u00e4 nopeasti eteenp\u00e4in, eik\u00e4 t\u00e4ydellinen tarvitse olla miss\u00e4\u00e4n vaiheessa. <\/p>\n<h2>Mik\u00e4 tekee ty\u00f6st\u00e4si itsellesi merkityksellist\u00e4?<\/h2>\n<p><strong>Olen <\/strong>onnistunut l\u00f6yt\u00e4m\u00e4\u00e4n paikan, jossa p\u00e4\u00e4sen k\u00e4ytt\u00e4m\u00e4\u00e4n aivokapasiteettiani ja taitojani niin, ett\u00e4 v\u00e4lill\u00e4 voi katsoa taakse ja olla itsest\u00e4\u00e4n hetken ylpe\u00e4. Merkityksellisyytt\u00e4 lis\u00e4\u00e4 se, ett\u00e4 saa ty\u00f6skennell\u00e4 alan huippuosaajien kanssa ja kehitty\u00e4 itsekin paremmaksi. My\u00f6s iso osa merkityksellisyydest\u00e4 tulee siit\u00e4, millaisten asioiden \u00e4\u00e4rell\u00e4 ty\u00f6skentelee. Olen jotenkin onnistunut luovimaan niin, ett\u00e4 saan tehd\u00e4 t\u00f6it\u00e4 itselleni kiinnostavien asioiden, kuten muotoilun ja hyv\u00e4ntekev\u00e4isyyden parissa.<\/p>\n<h2>Kertoisitko viimeisimm\u00e4st\u00e4 ty\u00f6ss\u00e4 kokemastasi pienest\u00e4 tai suuresta onnistumisesta?<\/h2>\n<p><strong>Olen <\/strong>koko ty\u00f6urani ollut v\u00e4h\u00e4n ylisuorittaja. Viimeaikainen iso onnistuminen on ollut paremman tasapainon l\u00f6ytyminen ty\u00f6n ja vapaa-ajan v\u00e4lille. Sitten on sellaisia pienempi\u00e4 onnistumisia kuten se, ett\u00e4 saa jonkun projektin p\u00e4\u00e4t\u00f6kseen tai onnistuu olla l\u00e4ikytt\u00e4m\u00e4tt\u00e4 kahvia l\u00e4pp\u00e4rille.<\/p>\n<p>\t\t\t\t\t\t\t\t\t\t\t\t\t\t\t<img decoding=\"async\" width=\"800\" height=\"670\" src=\"https:\/\/graphic.fi\/umg2023\/wp-content\/uploads\/2023\/05\/Kuvitus_Ruut_rgb.300ppi-1024x857.png\" alt=\"\" loading=\"lazy\" srcset=\"https:\/\/graphic.fi\/umg2023\/wp-content\/uploads\/2023\/05\/Kuvitus_Ruut_rgb.300ppi-1024x857.png 1024w, https:\/\/graphic.fi\/umg2023\/wp-content\/uploads\/2023\/05\/Kuvitus_Ruut_rgb.300ppi-300x251.png 300w, https:\/\/graphic.fi\/umg2023\/wp-content\/uploads\/2023\/05\/Kuvitus_Ruut_rgb.300ppi-768x643.png 768w, https:\/\/graphic.fi\/umg2023\/wp-content\/uploads\/2023\/05\/Kuvitus_Ruut_rgb.300ppi-1536x1285.png 1536w, https:\/\/graphic.fi\/umg2023\/wp-content\/uploads\/2023\/05\/Kuvitus_Ruut_rgb.300ppi-2048x1713.png 2048w\" sizes=\"auto, (max-width: 800px) 100vw, 800px\" \/>\t\t\t\t\t\t\t\t\t\t\t\t\t\t\t<\/p>\n<h2>Ruut Kiiskil\u00e4<\/h2>\n<p><strong>Accessibility Specialist<\/strong><br \/>Valmistui vuonna <strong>2014<\/strong><br \/>Asuu <strong>Jyv\u00e4skyl\u00e4ss\u00e4<\/strong><\/p>\n<h2>Mit\u00e4 teet ty\u00f6ksesi?<\/h2>\n<p><strong>Ty\u00f6skentelen<\/strong> Goforella digitaalisen ymp\u00e4rist\u00f6n saavutettavuuden parissa, t\u00e4ll\u00e4 hetkell\u00e4 ty\u00f6nimikkeell\u00e4 Accessibility Specialist. Teen p\u00e4\u00e4asiassa verkkosivujen, -palvelujen ja dokumenttien saavutettavuusarviointeja ja vastaan saavutettavuudesta erilaisissa asiakasprojekteissa. Saavutettavuudella pyrit\u00e4\u00e4n mahdollistamaan itsen\u00e4inen toiminta digitaalisissa ymp\u00e4rist\u00f6iss\u00e4 kaikille riippumatta esimerkiksi aisti- tai toimintarajoitteista.<\/p>\n<h2>Millainen oli reittisi nykyiseen ty\u00f6teht\u00e4v\u00e4\u00e4si? <\/h2>\n<p><strong>Valmistumiseni <\/strong>j\u00e4lkeen vuonna 2014 tein joitakin vuosia graafisen suunnittelijan t\u00f6it\u00e4 muun muassa sanomalehdess\u00e4 ja eri j\u00e4rjest\u00f6iss\u00e4. Halusin siirty\u00e4 k\u00e4ytt\u00f6liittym\u00e4suunnittelijaksi, koska minulla on aina ollut kiinnostusta verkkopalvelujen kehitt\u00e4miseen ja aihepiirin teknisemp\u00e4\u00e4n puoleen. K\u00e4ytt\u00f6liittymien kanssa ty\u00f6skennelless\u00e4ni uusi saavutettavuuslains\u00e4\u00e4d\u00e4nt\u00f6 tuli voimaan ja oikeastaan pakotti perehtym\u00e4\u00e4n asiaan. Niin k\u00e4vi, ett\u00e4 t\u00e4st\u00e4 aihepiirist\u00e4 l\u00f6ytyi ihan uudenlainen motivaatio ja n\u00e4k\u00f6kulma suunnitteluty\u00f6h\u00f6n, ja p\u00e4\u00e4fokukseni siirtyi puhtaasti saavutettavuuteen.<\/p>\n<h2>Mik\u00e4 koulutuksesi aikana oppimasi asia on osoittautunut ty\u00f6el\u00e4m\u00e4n kannalta erityisen hy\u00f6dylliseksi?<\/h2>\n<p><strong>Grafiikka<\/strong>&#8211; ja taitto-ohjelmistojen hallitseminen on tuonut minulle saavutettavien dokumenttien kanssa painiskellessa huomattavan etumatkan. Suunnittelijataustasta on mielest\u00e4ni hy\u00f6ty\u00e4 my\u00f6s sillanrakennusmieless\u00e4, sill\u00e4 saavutettavuusvaatimuksilla voi joskus olla mainetta visujen \u201dpilaajana\u201d. Pid\u00e4n oman koulutustaustani kautta t\u00e4rke\u00e4n\u00e4, ett\u00e4 my\u00f6s tyylikk\u00e4\u00e4st\u00e4 ulkoasusta huolehditaan aina ja se on arvo itsess\u00e4\u00e4n.\u00a0\u00a0<\/p>\n<p>Eritt\u00e4in t\u00e4rke\u00e4 on ehdottomasti my\u00f6s kyky vastaanottaa kritiikki\u00e4 ja argumentoida ymm\u00e4rrett\u00e4v\u00e4sti omien ehdotustensa puolesta. Opiskeluaikana t\u00e4t\u00e4 opeteltiin presentaatiotilanteissa, mutta ty\u00f6el\u00e4m\u00e4ss\u00e4 vastaavia pienemm\u00e4n mittakaavan tilanteita on l\u00e4hes joka p\u00e4iv\u00e4.<\/p>\n<h2>Onko jokin ty\u00f6el\u00e4m\u00e4ss\u00e4 yll\u00e4tt\u00e4nyt?<\/h2>\n<p><strong>Jos<\/strong> muistelen ennakkok\u00e4sityksi\u00e4ni alasta, minut on ehk\u00e4 eniten yll\u00e4tt\u00e4nyt se, ett\u00e4 asiakkaat eiv\u00e4t kokemukseni perusteella juurikaan mikromanageroi suunnittelijoiden ty\u00f6t\u00e4 \u201clogo isommaksi\u201d -tyyliin, vaan koulutetun suunnittelijan asiantuntemukseen ja n\u00e4kemykseen luotetaan varsin laajasti.\u00a0<\/p>\n<p>Lis\u00e4ksi kuvittelin ty\u00f6el\u00e4m\u00e4ss\u00e4 edett\u00e4v\u00e4n selke\u00e4mmin tikapuutyyliin, eli helpommista teht\u00e4vist\u00e4 hiljakseen vaativampiin. Todellisuudessa kun ty\u00f6paikan on saanut, vastuita annetaan heti ja yleens\u00e4 ne tuntuvat aluksi liian suurilta. Olen yritt\u00e4nyt pit\u00e4\u00e4 t\u00e4m\u00e4n mieless\u00e4 erityisesti vastavalmistuneiden kollegoiden kanssa ty\u00f6skennelless\u00e4ni. <\/p>\n<h2>Mik\u00e4 tekee ty\u00f6st\u00e4si itsellesi merkityksellist\u00e4?<\/h2>\n<p><strong>Ty\u00f6ni<\/strong> pohjautuu \u2013 ja toivottavasti vaikuttaa \u2013 suoraan erilaisten k\u00e4ytt\u00e4jien mahdollisuuksiin hy\u00f6dynt\u00e4\u00e4 digitaalisia palveluja. Koen ty\u00f6ni siis eritt\u00e4in merkityksellisen\u00e4 ja aiheen parissa ty\u00f6skenteleminen on avartanut omaa maailmankuvaani. Digitalisaatio on ennenn\u00e4kem\u00e4t\u00f6n mahdollisuus tasa-arvoiseen tiedonv\u00e4litykseen ja -tuottamiseen, mutta t\u00e4m\u00e4 ei toteudu ilman tietoista ty\u00f6t\u00e4.\u00a0\u00a0<\/p>\n<p>Saavutettavuusajattelu my\u00f6s laajentaa yleist\u00e4 k\u00e4sityst\u00e4 perusk\u00e4ytt\u00e4j\u00e4st\u00e4 \u2013 ihmiset k\u00e4ytt\u00e4v\u00e4t palveluita hyvin monilla erilaisilla tavoilla ja erilaisten apuv\u00e4lineiden, esimerkiksi ruudunlukijan, kytkinohjaimien tai vaikka katseohjauksen, avustamina. Erityyppisten k\u00e4ytt\u00f6tapojen tarve voi olla tilap\u00e4inenkin, ja toisaalta meist\u00e4 jokainen ik\u00e4\u00e4ntyy, joten kaikki hy\u00f6tyv\u00e4t saavutettavuudesta. Saavutettavuus on yksi iso osa yksitt\u00e4isen palvelun laatua, ei mik\u00e4\u00e4n nice-to-have -ominaisuus.<\/p>\n<h2>Kertoisitko viimeisimm\u00e4st\u00e4 ty\u00f6ss\u00e4 kokemastasi pienest\u00e4 tai suuresta onnistumisesta?<\/h2>\n<p><strong>Aina<\/strong>, kun asiakas on lain minimivaatimusten sijaan kiinnostunut saavutettavasta k\u00e4ytt\u00f6kokemuksesta, koen onnistuneeni. Yksitt\u00e4inen isompi onnistuminen oli viime kev\u00e4\u00e4n\u00e4 ty\u00f6skennelless\u00e4ni Eficodella, kun kirjoitin, osittain kuvitin ja taitoin oppaan saavutettavasta infografiikasta, ja sain siit\u00e4 hyv\u00e4\u00e4 palautetta. Olen tyytyv\u00e4inen, ett\u00e4 saatoin koulutustaustanikin ansiosta luoda pitk\u00e4lti omin voimin t\u00e4llaisen sis\u00e4lt\u00f6kokonaisuuden. <\/p>\n<p>\t\t\t\t\t\t\t\t\t\t\t\t\t\t\t<img decoding=\"async\" src=\"https:\/\/graphic.fi\/umg2023\/wp-content\/uploads\/elementor\/thumbs\/tienviitta_oranssi_rgb.150ppi-q6edvkjlsjdofr7zgdzq4xte020atf97haa5ybxi7k.png\" title=\"tienviitta_oranssi_rgb.150ppi\" alt=\"tienviitta_oranssi_rgb.150ppi\" loading=\"lazy\" \/>\t\t\t\t\t\t\t\t\t\t\t\t\t\t\t<\/p>\n<figure>\n\t\t\t\t\t\t\t\t\t\t\t<a href=\"https:\/\/graphic.fi\/umg2023\/kymmenen-kaskya\/\"><br \/>\n\t\t\t\t\t\t\t<img decoding=\"async\" width=\"150\" height=\"150\" src=\"https:\/\/graphic.fi\/umg2023\/wp-content\/uploads\/2023\/05\/gougero1musta.svg\" alt=\"\" loading=\"lazy\" \/>\t\t\t\t\t\t\t\t<\/a><figcaption>Ep\u00e4onnistumisen 10 k\u00e4sky\u00e4<\/figcaption><\/figure>\n<figure>\n\t\t\t\t\t\t\t\t\t\t\t<a href=\"https:\/\/graphic.fi\/umg2023\/tekijat\/\"><br \/>\n\t\t\t\t\t\t\t<img decoding=\"async\" width=\"150\" height=\"150\" src=\"https:\/\/graphic.fi\/umg2023\/wp-content\/uploads\/2023\/05\/gougero2musta.svg\" alt=\"\" loading=\"lazy\" \/>\t\t\t\t\t\t\t\t<\/a><figcaption>Tekij\u00e4t<\/figcaption><\/figure>\n<p>\t\t\t\t\t\t\t\t\t\t\t\t\t\t\t\t<a href=\"https:\/\/graphic.fi\/umg2023\/\"><br \/>\n\t\t\t\t\t\t\t<img decoding=\"async\" width=\"150\" height=\"150\" src=\"https:\/\/graphic.fi\/umg2023\/wp-content\/uploads\/2023\/02\/logo-vaaka-23-umg-01.svg\" alt=\"\" loading=\"lazy\" \/>\t\t\t\t\t\t\t\t<\/a><br \/>\n\t\t\t<a href=\"https:\/\/www.instagram.com\/umgmagazine\/\"><br \/>\n\t\t\t\t\t\t<\/a><\/p>\n<h6><a href=\"https:\/\/issuu.com\/umgmagazine\/docs\/umg_n_k_islehti_3\">N\u00e4k\u00f6islehti<\/a><\/h6>\n","protected":false},"excerpt":{"rendered":"<p>Merkityst\u00e4 mets\u00e4st\u00e4m\u00e4ss\u00e4 TEKSTI JA TAITTO SUVI-MAARIT UUSITALO JA AINO K\u00c4NN\u00d6 KUVITUS SUVI-MAARIT UUSITALO Haastattelimme kolmea Lapin yliopiston graafisen suunnittelun koulutusohjelman alumnia heid\u00e4n yksil\u00f6llisist\u00e4 reiteist\u00e4\u00e4n itselle merkityksellisiin ty\u00f6teht\u00e4viin. Vaikka ty\u00f6teht\u00e4v\u00e4t ja urapolun tarjoamat yll\u00e4tykset vaihtelevat, saattaa onnistumisen kokemus synty\u00e4 lopulta samoista aineksista. Kovatahtisen ty\u00f6n keskell\u00e4 iloa tuo suuren projektin loppuun saattaminen, kiitt\u00e4v\u00e4 palaute sek\u00e4 omien rajojen [&hellip;]<\/p>\n","protected":false},"author":7,"featured_media":1787,"parent":0,"menu_order":0,"comment_status":"closed","ping_status":"closed","template":"","meta":{"inline_featured_image":false,"footnotes":""},"class_list":["post-1898","page","type-page","status-publish","has-post-thumbnail","hentry"],"_links":{"self":[{"href":"https:\/\/graphic.fi\/umg2023\/wp-json\/wp\/v2\/pages\/1898","targetHints":{"allow":["GET"]}}],"collection":[{"href":"https:\/\/graphic.fi\/umg2023\/wp-json\/wp\/v2\/pages"}],"about":[{"href":"https:\/\/graphic.fi\/umg2023\/wp-json\/wp\/v2\/types\/page"}],"author":[{"embeddable":true,"href":"https:\/\/graphic.fi\/umg2023\/wp-json\/wp\/v2\/users\/7"}],"replies":[{"embeddable":true,"href":"https:\/\/graphic.fi\/umg2023\/wp-json\/wp\/v2\/comments?post=1898"}],"version-history":[{"count":54,"href":"https:\/\/graphic.fi\/umg2023\/wp-json\/wp\/v2\/pages\/1898\/revisions"}],"predecessor-version":[{"id":3386,"href":"https:\/\/graphic.fi\/umg2023\/wp-json\/wp\/v2\/pages\/1898\/revisions\/3386"}],"wp:featuredmedia":[{"embeddable":true,"href":"https:\/\/graphic.fi\/umg2023\/wp-json\/wp\/v2\/media\/1787"}],"wp:attachment":[{"href":"https:\/\/graphic.fi\/umg2023\/wp-json\/wp\/v2\/media?parent=1898"}],"curies":[{"name":"wp","href":"https:\/\/api.w.org\/{rel}","templated":true}]}}