{"id":494,"date":"2023-04-28T03:38:30","date_gmt":"2023-04-28T03:38:30","guid":{"rendered":"https:\/\/graphic.fi\/umg2023\/?page_id=494"},"modified":"2023-05-21T14:19:32","modified_gmt":"2023-05-21T14:19:32","slug":"epaonnen-elaimet","status":"publish","type":"page","link":"https:\/\/graphic.fi\/umg2023\/epaonnen-elaimet\/","title":{"rendered":"Ep\u00e4onnen el\u00e4imet"},"content":{"rendered":"<style>\/*! elementor - v3.12.1 - 02-04-2023 *\/\n.elementor-widget-image{text-align:center}.elementor-widget-image a{display:inline-block}.elementor-widget-image a img[src$=\".svg\"]{width:48px}.elementor-widget-image img{vertical-align:middle;display:inline-block}<\/style>\n<p>\t\t\t\t\t\t\t\t\t\t\t\t\t<a href=\"https:\/\/graphic.fi\/umg2023\/\"><br \/>\n\t\t\t\t\t\t\t<img decoding=\"async\" width=\"826\" height=\"459\" src=\"https:\/\/graphic.fi\/umg2023\/wp-content\/uploads\/2023\/02\/logo-vaaka-23-umg-01.svg\" alt=\"\" loading=\"lazy\" \/>\t\t\t\t\t\t\t\t<\/a><\/p>\n<style>\/*! elementor - v3.12.1 - 02-04-2023 *\/\n.elementor-heading-title{padding:0;margin:0;line-height:1}.elementor-widget-heading .elementor-heading-title[class*=elementor-size-]>a{color:inherit;font-size:inherit;line-height:inherit}.elementor-widget-heading .elementor-heading-title.elementor-size-small{font-size:15px}.elementor-widget-heading .elementor-heading-title.elementor-size-medium{font-size:19px}.elementor-widget-heading .elementor-heading-title.elementor-size-large{font-size:29px}.elementor-widget-heading .elementor-heading-title.elementor-size-xl{font-size:39px}.elementor-widget-heading .elementor-heading-title.elementor-size-xxl{font-size:59px}<\/style>\n<h2>Ep\u00e4onnen El\u00e4imet<\/h2>\n<style>\/*! elementor - v3.12.1 - 02-04-2023 *\/\n.elementor-column .elementor-spacer-inner{height:var(--spacer-size)}.e-con{--container-widget-width:100%}.e-con-inner>.elementor-widget-spacer,.e-con>.elementor-widget-spacer{width:var(--container-widget-width,var(--spacer-size));--align-self:var(--container-widget-align-self,initial);--flex-shrink:0}.e-con-inner>.elementor-widget-spacer>.elementor-widget-container,.e-con-inner>.elementor-widget-spacer>.elementor-widget-container>.elementor-spacer,.e-con>.elementor-widget-spacer>.elementor-widget-container,.e-con>.elementor-widget-spacer>.elementor-widget-container>.elementor-spacer{height:100%}.e-con-inner>.elementor-widget-spacer>.elementor-widget-container>.elementor-spacer>.elementor-spacer-inner,.e-con>.elementor-widget-spacer>.elementor-widget-container>.elementor-spacer>.elementor-spacer-inner{height:var(--container-widget-height,var(--spacer-size))}<\/style>\n<p>TEKSTI JA KUVITUS\u00a0<b>ELLA PARTANEN<\/b><\/p>\n<p>TAITTO VERKKOSIVULLE <b>RUUSA PIRKOLA JA REETTA KORHONEN<\/b><\/p>\n<p>Jo kautta aikain el\u00e4imiin on liitetty erilaisia uskomuksia. Yksi el\u00e4in tuo onnea, toinen ep\u00e4onnea \u2013 joskus sama el\u00e4in voi kantaa jopa molempia merkityksi\u00e4. Sosiokulttuuriset m\u00e4\u00e4ritelm\u00e4t el\u00e4imist\u00e4 joko hyvin\u00e4 tai pahoina ovatkin s\u00e4ilyneet l\u00e4pi historian: k\u00e4\u00e4rme edelleen puistattaa, mutta p\u00f6ll\u00f6\u00e4 pid\u00e4mme viisaana. N\u00e4idenk\u00e4\u00e4n el\u00e4inten symboliikka ei kuitenkaan ole n\u00e4in suoraviivaista: t\u00e4ss\u00e4 artikkelissa k\u00e4ymmekin l\u00e4pi kolme ristiriitaisuutta her\u00e4tt\u00e4v\u00e4\u00e4 el\u00e4int\u00e4, joiden symbolinen merkitys vaihtelee suuresti eri puolilla maailmaa.<\/p>\n<h2>P\u00f6ll\u00f6<\/h2>\n<p><strong>Englannin kansanperinteess\u00e4<\/strong> tornip\u00f6ll\u00f6ll\u00e4 on synkk\u00e4 maine. P\u00f6ll\u00f6t ovat y\u00f6n lintuja, ja y\u00f6n pimeys liitettiin aina kuolemaan. Skandinaavisessa ja suomalaisessa kansanuskossa taas huuhkaja liitettiin kuoleman, sotien, n\u00e4l\u00e4nh\u00e4d\u00e4n sek\u00e4 onnettomuuksien ennustamiseen. Ruotsin kansanperinteess\u00e4 huuhkaja ja lehtop\u00f6ll\u00f6 symboloivat pimeytt\u00e4 ja kuolemaa \u2013 syyn\u00e4 kenties niiden kammottava \u00f6inen \u00e4\u00e4ntely.\u00a0<\/p>\n<p>\u00a0<\/p>\n<p>Mutta mist\u00e4 tulee p\u00f6ll\u00f6n hyvyyden symboliikka? Antiikin kreikan viisauden jumalattaren, Athenen, lintu oli p\u00f6ll\u00f6, mink\u00e4 my\u00f6t\u00e4 p\u00f6ll\u00f6 on sek\u00e4 suojelijan ett\u00e4 viisauden symboli. Mongoliassa, kuten my\u00f6s monissa muissa osissa Aasiaa, p\u00f6ll\u00f6\u00e4 pidet\u00e4\u00e4n suojelijana ja esi-is\u00e4n\u00e4, joka auttaa torjumaan pahoja henki\u00e4, n\u00e4l\u00e4nh\u00e4t\u00e4\u00e4 ja ruttoa. Japanissa p\u00f6ll\u00f6ll\u00e4 on arvostettu asema viisauden ja onnen symbolina.<\/p>\n<p>\t\t\t\t\t\t\t\t\t\t\t\t\t\t\t<img decoding=\"async\" width=\"758\" height=\"1024\" src=\"https:\/\/graphic.fi\/umg2023\/wp-content\/uploads\/2023\/04\/UMG-zoologia-pollo-LEIKATTU-758x1024.png\" alt=\"Kuvituskuva p\u00f6ll\u00f6st\u00e4 laskeutumassa oksalle\" loading=\"lazy\" srcset=\"https:\/\/graphic.fi\/umg2023\/wp-content\/uploads\/2023\/04\/UMG-zoologia-pollo-LEIKATTU-758x1024.png 758w, https:\/\/graphic.fi\/umg2023\/wp-content\/uploads\/2023\/04\/UMG-zoologia-pollo-LEIKATTU-222x300.png 222w, https:\/\/graphic.fi\/umg2023\/wp-content\/uploads\/2023\/04\/UMG-zoologia-pollo-LEIKATTU-768x1037.png 768w, https:\/\/graphic.fi\/umg2023\/wp-content\/uploads\/2023\/04\/UMG-zoologia-pollo-LEIKATTU-1138x1536.png 1138w, https:\/\/graphic.fi\/umg2023\/wp-content\/uploads\/2023\/04\/UMG-zoologia-pollo-LEIKATTU-1517x2048.png 1517w\" sizes=\"auto, (max-width: 758px) 100vw, 758px\" \/><br \/>\n\t\t\t\t\t\t\t\t\t\t\t\t\t\t\t<img decoding=\"async\" width=\"758\" height=\"1024\" src=\"https:\/\/graphic.fi\/umg2023\/wp-content\/uploads\/2023\/04\/UMG-zoologia-lepakko-LEIKATTU-758x1024.png\" alt=\"Kuvituskuva oksalta roikkuvasta lepaosta\" loading=\"lazy\" srcset=\"https:\/\/graphic.fi\/umg2023\/wp-content\/uploads\/2023\/04\/UMG-zoologia-lepakko-LEIKATTU-758x1024.png 758w, https:\/\/graphic.fi\/umg2023\/wp-content\/uploads\/2023\/04\/UMG-zoologia-lepakko-LEIKATTU-222x300.png 222w, https:\/\/graphic.fi\/umg2023\/wp-content\/uploads\/2023\/04\/UMG-zoologia-lepakko-LEIKATTU-768x1037.png 768w, https:\/\/graphic.fi\/umg2023\/wp-content\/uploads\/2023\/04\/UMG-zoologia-lepakko-LEIKATTU-1138x1536.png 1138w, https:\/\/graphic.fi\/umg2023\/wp-content\/uploads\/2023\/04\/UMG-zoologia-lepakko-LEIKATTU-1517x2048.png 1517w\" sizes=\"auto, (max-width: 758px) 100vw, 758px\" \/>\t\t\t\t\t\t\t\t\t\t\t\t\t\t\t<\/p>\n<h2>Lepakko<\/h2>\n<p><strong>Kristillisess\u00e4 Euroopassa lepakko<\/strong> on kautta historian liitetty paholaiseen, pahoihin henkiin ja noitiin. L\u00e4hes kaikki tuntevat\u00a0 lepakon yhteyden vampyyreihin \u2013 alunperin t\u00e4m\u00e4 uskomus on per\u00e4isin It\u00e4-Eurooppalaisesta slaavilaisesta kansanperinteest\u00e4. L\u00e4nness\u00e4 uskottiin, ett\u00e4 jos n\u00e4kee lepakon lent\u00e4v\u00e4n joko p\u00e4iv\u00e4saikaan tai alkuillasta, se tuottaa huonoa onnea. Lounais-Aasiassa on ep\u00e4onnen merkki, jos n\u00e4kee lepakon unessa.<\/p>\n<p>\u00a0<\/p>\n<p>Mutta lepakotkaan eiv\u00e4t ole vain ep\u00e4onnen otuksia: esimerkiksi Kaakkois-Aasiassa lepakot ovat onnen el\u00e4imi\u00e4. My\u00f6s kiinalaisessa kulttuurissa lepakoita on perinteisesti pidetty onnen tuojina, mik\u00e4 k\u00e4y ilmi kiinalaisesta maalaustaiteesta. Indonesiassa Etel\u00e4-Sulawesin maanviljelij\u00e4t uskovat, ett\u00e4 lent\u00e4v\u00e4t lepakot takaavat hyv\u00e4n sadon. Pohjois-Thaimaassa taas lepakoiden vahingoittamisesta saa kirouksen, koska lepakot ovat thaimaalaisten valtauskonnossa, buddhalaisuudessa, pyhi\u00e4 el\u00e4imi\u00e4.<\/p>\n<p>\t\t\t\t\t\t\t\t\t\t\t\t\t\t\t<img decoding=\"async\" width=\"758\" height=\"1024\" src=\"https:\/\/graphic.fi\/umg2023\/wp-content\/uploads\/2023\/04\/UMG-zoologia-lepakko-LEIKATTU-758x1024.png\" alt=\"Kuvituskuva oksalta roikkuvasta lepaosta\" loading=\"lazy\" srcset=\"https:\/\/graphic.fi\/umg2023\/wp-content\/uploads\/2023\/04\/UMG-zoologia-lepakko-LEIKATTU-758x1024.png 758w, https:\/\/graphic.fi\/umg2023\/wp-content\/uploads\/2023\/04\/UMG-zoologia-lepakko-LEIKATTU-222x300.png 222w, https:\/\/graphic.fi\/umg2023\/wp-content\/uploads\/2023\/04\/UMG-zoologia-lepakko-LEIKATTU-768x1037.png 768w, https:\/\/graphic.fi\/umg2023\/wp-content\/uploads\/2023\/04\/UMG-zoologia-lepakko-LEIKATTU-1138x1536.png 1138w, https:\/\/graphic.fi\/umg2023\/wp-content\/uploads\/2023\/04\/UMG-zoologia-lepakko-LEIKATTU-1517x2048.png 1517w\" sizes=\"auto, (max-width: 758px) 100vw, 758px\" \/>\t\t\t\t\t\t\t\t\t\t\t\t\t\t\t<\/p>\n<h2>K\u00e4\u00e4rme<\/h2>\n<p><strong>Juutalaisessa sek\u00e4 kristillisess\u00e4<\/strong> perinteess\u00e4 k\u00e4\u00e4rme symboloi itse paholaista. My\u00f6s Pohjois-Amerikan intiaaniheimot, kuten cherokeet, uskoivat, ett\u00e4 k\u00e4\u00e4rmeen hengitys on yht\u00e4 myrkyllinen kuin sen purema. Suuren Pohjolan taruissa Midg\u00e5rdin k\u00e4\u00e4rme on Thorin perivihollinen, jonka kanssa Thor k\u00e4y taisteluun ja tulee n\u00e4in aloittaneeksi myyttisen Ragnar\u00f6kin.<\/p>\n<p>\u00a0<\/p>\n<p>Mutta miten k\u00e4\u00e4rmeelle voi kaiken t\u00e4m\u00e4n j\u00e4lkeen olla sijaa my\u00f6s hyvyyden symboliikassa? Kaikille Pohjois-Amerikan heimoille k\u00e4\u00e4rme ei ollut vain myrkynlevitt\u00e4j\u00e4, vaan el\u00e4in sai osakseen my\u00f6s kunnioitusta. Creek-intiaaneilla on taruja sarvekkaasta k\u00e4\u00e4rmeest\u00e4, jolla on parantava vaikutus. Muinaisessa Kreikassa k\u00e4\u00e4rme on ollut symboli l\u00e4\u00e4k\u00e4reille, ja Asklepioksen sauvaan kietoutunut k\u00e4\u00e4rme on t\u00e4n\u00e4kin p\u00e4iv\u00e4n\u00e4 l\u00e4\u00e4kinn\u00e4n symboli. K\u00e4\u00e4rme ei ole pelk\u00e4st\u00e4\u00e4n symboloinut paranemista vaan my\u00f6s viisautta ja vaurautta. N\u00e4in vannoo my\u00f6s kiinalainen astrologia, jonka el\u00e4inhoroskooppeihin k\u00e4\u00e4rme kuuluu.\u00a0 My\u00f6s Suomessa vanhan kansan uskomuksissa k\u00e4\u00e4rmeit\u00e4 on pidetty &#8221;el\u00e4ttik\u00e4\u00e4rmein\u00e4&#8221;, joille on j\u00e4tetty kuppiin maitoa. Jos el\u00e4ttik\u00e4\u00e4rme j\u00e4i talon l\u00e4hist\u00f6lle, sen uskottiin tuovan onnea taloon. <\/p>\n<p>\t\t\t\t\t\t\t\t\t\t\t\t\t\t\t<img decoding=\"async\" width=\"758\" height=\"1024\" src=\"https:\/\/graphic.fi\/umg2023\/wp-content\/uploads\/2023\/04\/UMG-zoologia-Kaarme-LEIKKA-758x1024.png\" alt=\"Kuvituskuva helmeilev\u00e4st\u00e4 k\u00e4\u00e4rmeest\u00e4 roikkumassa oksalla\" loading=\"lazy\" srcset=\"https:\/\/graphic.fi\/umg2023\/wp-content\/uploads\/2023\/04\/UMG-zoologia-Kaarme-LEIKKA-758x1024.png 758w, https:\/\/graphic.fi\/umg2023\/wp-content\/uploads\/2023\/04\/UMG-zoologia-Kaarme-LEIKKA-222x300.png 222w, https:\/\/graphic.fi\/umg2023\/wp-content\/uploads\/2023\/04\/UMG-zoologia-Kaarme-LEIKKA-768x1037.png 768w, https:\/\/graphic.fi\/umg2023\/wp-content\/uploads\/2023\/04\/UMG-zoologia-Kaarme-LEIKKA-1138x1536.png 1138w, https:\/\/graphic.fi\/umg2023\/wp-content\/uploads\/2023\/04\/UMG-zoologia-Kaarme-LEIKKA-1517x2048.png 1517w\" sizes=\"auto, (max-width: 758px) 100vw, 758px\" \/>\t\t\t\t\t\t\t\t\t\t\t\t\t\t\t<\/p>\n<p>Olipa el\u00e4in mik\u00e4 tahansa, niill\u00e4 kaikilla on omat symboliset kytk\u00f6kset sek\u00e4 onneen ja iloon ett\u00e4 ep\u00e4onneen ja suruun. Mik\u00e4 on sinun henkil\u00f6kohtainen onnenel\u00e4imesi?<\/p>\n<p><strong><a href=\"https:\/\/linktr.ee\/partanenella\" target=\"_blank\" rel=\"noopener\">L\u00e4hteet<\/a><\/strong><\/p>\n<figure>\n\t\t\t\t\t\t\t\t\t\t\t<a href=\"https:\/\/graphic.fi\/umg2023\/loputon-kesa\/\"><br \/>\n\t\t\t\t\t\t\t<img decoding=\"async\" width=\"150\" height=\"150\" src=\"https:\/\/graphic.fi\/umg2023\/wp-content\/uploads\/2023\/05\/gougero1musta.svg\" alt=\"\" loading=\"lazy\" \/>\t\t\t\t\t\t\t\t<\/a><figcaption>Loputon kes\u00e4<\/figcaption><\/figure>\n<figure>\n\t\t\t\t\t\t\t\t\t\t\t<a href=\"https:\/\/graphic.fi\/umg2023\/sarjakuva\/\"><br \/>\n\t\t\t\t\t\t\t<img decoding=\"async\" width=\"150\" height=\"150\" src=\"https:\/\/graphic.fi\/umg2023\/wp-content\/uploads\/2023\/05\/gougero2musta.svg\" alt=\"\" loading=\"lazy\" \/>\t\t\t\t\t\t\t\t<\/a><figcaption>Onni onnettomuudessa<\/figcaption><\/figure>\n<p>\t\t\t\t\t\t\t\t\t\t\t\t\t\t\t\t<a href=\"https:\/\/graphic.fi\/umg2023\/\"><br \/>\n\t\t\t\t\t\t\t<img decoding=\"async\" width=\"150\" height=\"150\" src=\"https:\/\/graphic.fi\/umg2023\/wp-content\/uploads\/2023\/02\/logo-vaaka-23-umg-01.svg\" alt=\"\" loading=\"lazy\" \/>\t\t\t\t\t\t\t\t<\/a><br \/>\n\t\t\t<a href=\"https:\/\/www.instagram.com\/umgmagazine\/\"><br \/>\n\t\t\t\t\t\t<\/a><\/p>\n<h6><a href=\"https:\/\/issuu.com\/umgmagazine\/docs\/umg_n_k_islehti_3\">N\u00e4k\u00f6islehti<\/a><\/h6>\n","protected":false},"excerpt":{"rendered":"<p>Ep\u00e4onnen El\u00e4imet TEKSTI JA KUVITUS\u00a0ELLA PARTANEN TAITTO VERKKOSIVULLE RUUSA PIRKOLA JA REETTA KORHONEN Jo kautta aikain el\u00e4imiin on liitetty erilaisia uskomuksia. Yksi el\u00e4in tuo onnea, toinen ep\u00e4onnea \u2013 joskus sama el\u00e4in voi kantaa jopa molempia merkityksi\u00e4. Sosiokulttuuriset m\u00e4\u00e4ritelm\u00e4t el\u00e4imist\u00e4 joko hyvin\u00e4 tai pahoina ovatkin s\u00e4ilyneet l\u00e4pi historian: k\u00e4\u00e4rme edelleen puistattaa, mutta p\u00f6ll\u00f6\u00e4 pid\u00e4mme viisaana. N\u00e4idenk\u00e4\u00e4n [&hellip;]<\/p>\n","protected":false},"author":3,"featured_media":0,"parent":0,"menu_order":0,"comment_status":"closed","ping_status":"closed","template":"","meta":{"inline_featured_image":false,"footnotes":""},"class_list":["post-494","page","type-page","status-publish","hentry"],"_links":{"self":[{"href":"https:\/\/graphic.fi\/umg2023\/wp-json\/wp\/v2\/pages\/494","targetHints":{"allow":["GET"]}}],"collection":[{"href":"https:\/\/graphic.fi\/umg2023\/wp-json\/wp\/v2\/pages"}],"about":[{"href":"https:\/\/graphic.fi\/umg2023\/wp-json\/wp\/v2\/types\/page"}],"author":[{"embeddable":true,"href":"https:\/\/graphic.fi\/umg2023\/wp-json\/wp\/v2\/users\/3"}],"replies":[{"embeddable":true,"href":"https:\/\/graphic.fi\/umg2023\/wp-json\/wp\/v2\/comments?post=494"}],"version-history":[{"count":149,"href":"https:\/\/graphic.fi\/umg2023\/wp-json\/wp\/v2\/pages\/494\/revisions"}],"predecessor-version":[{"id":3368,"href":"https:\/\/graphic.fi\/umg2023\/wp-json\/wp\/v2\/pages\/494\/revisions\/3368"}],"wp:attachment":[{"href":"https:\/\/graphic.fi\/umg2023\/wp-json\/wp\/v2\/media?parent=494"}],"curies":[{"name":"wp","href":"https:\/\/api.w.org\/{rel}","templated":true}]}}