{"id":515,"date":"2023-04-28T03:56:12","date_gmt":"2023-04-28T03:56:12","guid":{"rendered":"https:\/\/graphic.fi\/umg2023\/?page_id=515"},"modified":"2023-05-21T14:20:23","modified_gmt":"2023-05-21T14:20:23","slug":"kymmenen-kaskya","status":"publish","type":"page","link":"https:\/\/graphic.fi\/umg2023\/kymmenen-kaskya\/","title":{"rendered":"Ep\u00e4onnistumisen 10 k\u00e4sky\u00e4"},"content":{"rendered":"<style>\/*! elementor - v3.12.1 - 02-04-2023 *\/\n.elementor-column .elementor-spacer-inner{height:var(--spacer-size)}.e-con{--container-widget-width:100%}.e-con-inner>.elementor-widget-spacer,.e-con>.elementor-widget-spacer{width:var(--container-widget-width,var(--spacer-size));--align-self:var(--container-widget-align-self,initial);--flex-shrink:0}.e-con-inner>.elementor-widget-spacer>.elementor-widget-container,.e-con-inner>.elementor-widget-spacer>.elementor-widget-container>.elementor-spacer,.e-con>.elementor-widget-spacer>.elementor-widget-container,.e-con>.elementor-widget-spacer>.elementor-widget-container>.elementor-spacer{height:100%}.e-con-inner>.elementor-widget-spacer>.elementor-widget-container>.elementor-spacer>.elementor-spacer-inner,.e-con>.elementor-widget-spacer>.elementor-widget-container>.elementor-spacer>.elementor-spacer-inner{height:var(--container-widget-height,var(--spacer-size))}<\/style>\n<style>\/*! elementor - v3.12.1 - 02-04-2023 *\/\n.elementor-widget-image{text-align:center}.elementor-widget-image a{display:inline-block}.elementor-widget-image a img[src$=\".svg\"]{width:48px}.elementor-widget-image img{vertical-align:middle;display:inline-block}<\/style>\n<p>\t\t\t\t\t\t\t\t\t\t\t\t<img decoding=\"async\" width=\"311\" height=\"248\" src=\"https:\/\/graphic.fi\/umg2023\/wp-content\/uploads\/2023\/05\/Asset-17-123.png\" alt=\"Ep\u00e4onnistumisen 10 k\u00e4sky\u00e4\" loading=\"lazy\" srcset=\"https:\/\/graphic.fi\/umg2023\/wp-content\/uploads\/2023\/05\/Asset-17-123.png 311w, https:\/\/graphic.fi\/umg2023\/wp-content\/uploads\/2023\/05\/Asset-17-123-300x239.png 300w\" sizes=\"auto, (max-width: 311px) 100vw, 311px\" \/>\t\t\t\t\t\t\t\t\t\t\t\t\t\t\t<\/p>\n<style>\/*! elementor - v3.12.1 - 02-04-2023 *\/\n.elementor-heading-title{padding:0;margin:0;line-height:1}.elementor-widget-heading .elementor-heading-title[class*=elementor-size-]>a{color:inherit;font-size:inherit;line-height:inherit}.elementor-widget-heading .elementor-heading-title.elementor-size-small{font-size:15px}.elementor-widget-heading .elementor-heading-title.elementor-size-medium{font-size:19px}.elementor-widget-heading .elementor-heading-title.elementor-size-large{font-size:29px}.elementor-widget-heading .elementor-heading-title.elementor-size-xl{font-size:39px}.elementor-widget-heading .elementor-heading-title.elementor-size-xxl{font-size:59px}<\/style>\n<h3>JOKA KURITTA KASVAA, SE KUNNIATTA KUOLEE. <\/h3>\n<h2>Kuvat ja teksti: Santeri Kinnunen <br \/><\/h2>\n<p>On aika ottaa itse\u00e4 niskasta kiinni ja ep\u00e4onnistua oikein kunnolla. El\u00e4m\u00e4si ei ole muuta kuin vain kiit\u00e4v\u00e4 hetki ajan \u00e4\u00e4rett\u00f6myydess\u00e4, mikset tekisi siit\u00e4 niin infernaalisen kiusallista ja ep\u00e4mukavaa kuin vain pystyt?<\/p>\n<p>Muista n\u00e4m\u00e4 ep\u00e4onnistumisen kymmenen k\u00e4sky\u00e4 ja laita kuriton el\u00e4m\u00e4si kuntoon kertaheitolla.<\/p>\n<h3>1. Ep\u00e4ile itse\u00e4si<\/h3>\n<h2>2. Poista tavoitteet itselt\u00e4si<\/h2>\n<h2>3. \u00c4l\u00e4 yrit\u00e4<\/h2>\n<h2>4. Ole pessimistinen<\/h2>\n<h2>5. N\u00e4ivety nihilismiin <\/h2>\n<h2>6. Nyhj\u00f6t\u00e4 kotonasi<\/h2>\n<h2>7. Inhoa itse\u00e4si ja ymp\u00e4rill\u00e4 oleviasi<\/h2>\n<h2>8. Suorita mystinen ja arkaainen kutsurituaali v\u00e4\u00e4rin.<\/h2>\n<h2>9. Torju kritiikki<\/h2>\n<h2>10. Unohda lahjakkuutesi<\/h2>\n<figure>\n\t\t\t\t\t\t\t\t\t\t\t<a href=\"https:\/\/graphic.fi\/umg2023\/opiskelijan-onnenkalut\/\"><br \/>\n\t\t\t\t\t\t\t<img decoding=\"async\" width=\"150\" height=\"150\" src=\"https:\/\/graphic.fi\/umg2023\/wp-content\/uploads\/2023\/05\/gougero1valkoinen-1.svg\" alt=\"\" loading=\"lazy\" \/>\t\t\t\t\t\t\t\t<\/a><figcaption>Opiskelijan onnenkalut<\/figcaption><\/figure>\n<figure>\n\t\t\t\t\t\t\t\t\t\t\t<a href=\"https:\/\/graphic.fi\/umg2023\/merkitysta-metsastamassa\/\"><br \/>\n\t\t\t\t\t\t\t<img decoding=\"async\" width=\"150\" height=\"150\" src=\"https:\/\/graphic.fi\/umg2023\/wp-content\/uploads\/2023\/05\/gougero2valkoinen.svg\" alt=\"\" loading=\"lazy\" \/>\t\t\t\t\t\t\t\t<\/a><figcaption>Merkityst\u00e4 mets\u00e4st\u00e4m\u00e4ss\u00e4<\/figcaption><\/figure>\n<p>\t\t\t<a href=\"https:\/\/www.instagram.com\/umgmagazine\/\"><br \/>\n\t\t\t\t\t\t<\/a><\/p>\n<h6><a href=\"https:\/\/issuu.com\/umgmagazine\/docs\/umg_n_k_islehti_3\">N\u00e4k\u00f6islehti<\/a><\/h6>\n","protected":false},"excerpt":{"rendered":"<p>JOKA KURITTA KASVAA, SE KUNNIATTA KUOLEE. Kuvat ja teksti: Santeri Kinnunen On aika ottaa itse\u00e4 niskasta kiinni ja ep\u00e4onnistua oikein kunnolla. El\u00e4m\u00e4si ei ole muuta kuin vain kiit\u00e4v\u00e4 hetki ajan \u00e4\u00e4rett\u00f6myydess\u00e4, mikset tekisi siit\u00e4 niin infernaalisen kiusallista ja ep\u00e4mukavaa kuin vain pystyt? Muista n\u00e4m\u00e4 ep\u00e4onnistumisen kymmenen k\u00e4sky\u00e4 ja laita kuriton el\u00e4m\u00e4si kuntoon kertaheitolla. 1. Ep\u00e4ile [&hellip;]<\/p>\n","protected":false},"author":3,"featured_media":0,"parent":0,"menu_order":0,"comment_status":"closed","ping_status":"closed","template":"","meta":{"inline_featured_image":false,"footnotes":""},"class_list":["post-515","page","type-page","status-publish","hentry"],"_links":{"self":[{"href":"https:\/\/graphic.fi\/umg2023\/wp-json\/wp\/v2\/pages\/515","targetHints":{"allow":["GET"]}}],"collection":[{"href":"https:\/\/graphic.fi\/umg2023\/wp-json\/wp\/v2\/pages"}],"about":[{"href":"https:\/\/graphic.fi\/umg2023\/wp-json\/wp\/v2\/types\/page"}],"author":[{"embeddable":true,"href":"https:\/\/graphic.fi\/umg2023\/wp-json\/wp\/v2\/users\/3"}],"replies":[{"embeddable":true,"href":"https:\/\/graphic.fi\/umg2023\/wp-json\/wp\/v2\/comments?post=515"}],"version-history":[{"count":100,"href":"https:\/\/graphic.fi\/umg2023\/wp-json\/wp\/v2\/pages\/515\/revisions"}],"predecessor-version":[{"id":3371,"href":"https:\/\/graphic.fi\/umg2023\/wp-json\/wp\/v2\/pages\/515\/revisions\/3371"}],"wp:attachment":[{"href":"https:\/\/graphic.fi\/umg2023\/wp-json\/wp\/v2\/media?parent=515"}],"curies":[{"name":"wp","href":"https:\/\/api.w.org\/{rel}","templated":true}]}}