{"id":519,"date":"2023-04-28T03:58:13","date_gmt":"2023-04-28T03:58:13","guid":{"rendered":"https:\/\/graphic.fi\/umg2023\/?page_id=519"},"modified":"2023-05-21T14:21:33","modified_gmt":"2023-05-21T14:21:33","slug":"graafikon-kadestaluku","status":"publish","type":"page","link":"https:\/\/graphic.fi\/umg2023\/graafikon-kadestaluku\/","title":{"rendered":"Graafikon k\u00e4dest\u00e4luku"},"content":{"rendered":"<style>\/*! elementor - v3.12.1 - 02-04-2023 *\/\n.elementor-widget-image{text-align:center}.elementor-widget-image a{display:inline-block}.elementor-widget-image a img[src$=\".svg\"]{width:48px}.elementor-widget-image img{vertical-align:middle;display:inline-block}<\/style>\n<p>\t\t\t\t\t\t\t\t\t\t\t\t<img decoding=\"async\" width=\"800\" height=\"317\" src=\"https:\/\/graphic.fi\/umg2023\/wp-content\/uploads\/2023\/05\/otsikko.png\" alt=\"Kirologinen tulkinta\" loading=\"lazy\" srcset=\"https:\/\/graphic.fi\/umg2023\/wp-content\/uploads\/2023\/05\/otsikko.png 916w, https:\/\/graphic.fi\/umg2023\/wp-content\/uploads\/2023\/05\/otsikko-300x119.png 300w, https:\/\/graphic.fi\/umg2023\/wp-content\/uploads\/2023\/05\/otsikko-768x304.png 768w\" sizes=\"auto, (max-width: 800px) 100vw, 800px\" \/>\t\t\t\t\t\t\t\t\t\t\t\t\t\t\t<\/p>\n<style>\/*! elementor - v3.12.1 - 02-04-2023 *\/\n.elementor-column .elementor-spacer-inner{height:var(--spacer-size)}.e-con{--container-widget-width:100%}.e-con-inner>.elementor-widget-spacer,.e-con>.elementor-widget-spacer{width:var(--container-widget-width,var(--spacer-size));--align-self:var(--container-widget-align-self,initial);--flex-shrink:0}.e-con-inner>.elementor-widget-spacer>.elementor-widget-container,.e-con-inner>.elementor-widget-spacer>.elementor-widget-container>.elementor-spacer,.e-con>.elementor-widget-spacer>.elementor-widget-container,.e-con>.elementor-widget-spacer>.elementor-widget-container>.elementor-spacer{height:100%}.e-con-inner>.elementor-widget-spacer>.elementor-widget-container>.elementor-spacer>.elementor-spacer-inner,.e-con>.elementor-widget-spacer>.elementor-widget-container>.elementor-spacer>.elementor-spacer-inner{height:var(--container-widget-height,var(--spacer-size))}<\/style>\n<p>Teksti ja kuvat: Santeri Kinnunen<\/p>\n<p>Taitto verkkoon: Reetta Korhonen<\/p>\n<p>Mit\u00e4 voimme odottaa tulevaisuudelta, jos oma mieli sylkee sarjatulella maailmanlopun ennusteita? Somaattisen taistelutantereen ristitulessa on pakollista joskus heitt\u00e4yty\u00e4 juoksuhautaan makaamaan, mutta sijoilleen ei sovi juurtua. Katso hetki omia k\u00e4si\u00e4si, sen uurteita ja linjoja. Kaikki mit\u00e4 olet t\u00e4h\u00e4n menness\u00e4 saavuttanut, olet itse k\u00e4sill\u00e4si mahdollistanut.&nbsp;<\/p>\n<p>Mielesi on t\u00e4rkein ty\u00f6kalusi ja k\u00e4tesi on sen n\u00e4kyv\u00e4 osa. Mit\u00e4 suunnittelijan k\u00e4dest\u00e4 voidaan tulkita?<\/p>\n<style>\/*! elementor - v3.12.1 - 02-04-2023 *\/\n.elementor-heading-title{padding:0;margin:0;line-height:1}.elementor-widget-heading .elementor-heading-title[class*=elementor-size-]>a{color:inherit;font-size:inherit;line-height:inherit}.elementor-widget-heading .elementor-heading-title.elementor-size-small{font-size:15px}.elementor-widget-heading .elementor-heading-title.elementor-size-medium{font-size:19px}.elementor-widget-heading .elementor-heading-title.elementor-size-large{font-size:29px}.elementor-widget-heading .elementor-heading-title.elementor-size-xl{font-size:39px}.elementor-widget-heading .elementor-heading-title.elementor-size-xxl{font-size:59px}<\/style>\n<h1>NELJ\u00c4 P\u00c4\u00c4VIIVAA<\/h1>\n<p>\t\t\t\t\t\t\t\t\t\t\t\t\t\t\t<img decoding=\"async\" width=\"364\" height=\"376\" src=\"https:\/\/graphic.fi\/umg2023\/wp-content\/uploads\/2023\/05\/paaviivat.png\" alt=\"\" loading=\"lazy\" srcset=\"https:\/\/graphic.fi\/umg2023\/wp-content\/uploads\/2023\/05\/paaviivat.png 364w, https:\/\/graphic.fi\/umg2023\/wp-content\/uploads\/2023\/05\/paaviivat-290x300.png 290w\" sizes=\"auto, (max-width: 364px) 100vw, 364px\" \/>\t\t\t\t\t\t\t\t\t\t\t\t\t\t\t<\/p>\n<p>N\u00e4m\u00e4 nelj\u00e4 viivaa ovat ne t\u00e4rkeimm\u00e4t, jotka m\u00e4\u00e4rittelev\u00e4t v\u00e4\u00e4j\u00e4\u00e4m\u00e4tt\u00f6m\u00e4sti\u00a0mink\u00e4lainen suunnittelija kukainenkin on.<\/p>\n<h3>KOHTALONVIIVA<\/h3>\n<p>\t\t\t\t\t\t\t\t\t\t\t\t\t\t\t<img decoding=\"async\" width=\"280\" height=\"312\" src=\"https:\/\/graphic.fi\/umg2023\/wp-content\/uploads\/2023\/05\/kohtalonviiva.png\" alt=\"\" loading=\"lazy\" srcset=\"https:\/\/graphic.fi\/umg2023\/wp-content\/uploads\/2023\/05\/kohtalonviiva.png 280w, https:\/\/graphic.fi\/umg2023\/wp-content\/uploads\/2023\/05\/kohtalonviiva-269x300.png 269w\" sizes=\"auto, (max-width: 280px) 100vw, 280px\" \/>\t\t\t\t\t\t\t\t\t\t\t\t\t\t\t<\/p>\n<p>\u00a0Kohtalonviiva kertoo kuinka hyvin suunnittelija kykenee\u00a0sopeutumaan uusiin tyyli- ja taidesuuntauksiin. Jos viivaa ei n\u00e4y,\u00a0suunnittelija on tyytym\u00e4t\u00f6n tapahtuvia suuntauksia kohtaan. Jos viiva on vahva..<\/p>\n<p>Ei se voi olla vahva. Ei kukaan oikeasti halua olla trendik\u00e4s. Vai haluaako?<\/p>\n<style>\/*! elementor - v3.12.1 - 02-04-2023 *\/\n.elementor-widget-divider{--divider-border-style:none;--divider-border-width:1px;--divider-color:#0c0d0e;--divider-icon-size:20px;--divider-element-spacing:10px;--divider-pattern-height:24px;--divider-pattern-size:20px;--divider-pattern-url:none;--divider-pattern-repeat:repeat-x}.elementor-widget-divider .elementor-divider{display:flex}.elementor-widget-divider .elementor-divider__text{font-size:15px;line-height:1;max-width:95%}.elementor-widget-divider .elementor-divider__element{margin:0 var(--divider-element-spacing);flex-shrink:0}.elementor-widget-divider .elementor-icon{font-size:var(--divider-icon-size)}.elementor-widget-divider .elementor-divider-separator{display:flex;margin:0;direction:ltr}.elementor-widget-divider--view-line_icon .elementor-divider-separator,.elementor-widget-divider--view-line_text .elementor-divider-separator{align-items:center}.elementor-widget-divider--view-line_icon .elementor-divider-separator:after,.elementor-widget-divider--view-line_icon .elementor-divider-separator:before,.elementor-widget-divider--view-line_text .elementor-divider-separator:after,.elementor-widget-divider--view-line_text .elementor-divider-separator:before{display:block;content:\"\";border-bottom:0;flex-grow:1;border-top:var(--divider-border-width) var(--divider-border-style) var(--divider-color)}.elementor-widget-divider--element-align-left .elementor-divider .elementor-divider-separator>.elementor-divider__svg:first-of-type{flex-grow:0;flex-shrink:100}.elementor-widget-divider--element-align-left .elementor-divider-separator:before{content:none}.elementor-widget-divider--element-align-left .elementor-divider__element{margin-left:0}.elementor-widget-divider--element-align-right .elementor-divider .elementor-divider-separator>.elementor-divider__svg:last-of-type{flex-grow:0;flex-shrink:100}.elementor-widget-divider--element-align-right .elementor-divider-separator:after{content:none}.elementor-widget-divider--element-align-right .elementor-divider__element{margin-right:0}.elementor-widget-divider:not(.elementor-widget-divider--view-line_text):not(.elementor-widget-divider--view-line_icon) .elementor-divider-separator{border-top:var(--divider-border-width) var(--divider-border-style) var(--divider-color)}.elementor-widget-divider--separator-type-pattern{--divider-border-style:none}.elementor-widget-divider--separator-type-pattern.elementor-widget-divider--view-line .elementor-divider-separator,.elementor-widget-divider--separator-type-pattern:not(.elementor-widget-divider--view-line) .elementor-divider-separator:after,.elementor-widget-divider--separator-type-pattern:not(.elementor-widget-divider--view-line) .elementor-divider-separator:before,.elementor-widget-divider--separator-type-pattern:not([class*=elementor-widget-divider--view]) .elementor-divider-separator{width:100%;min-height:var(--divider-pattern-height);-webkit-mask-size:var(--divider-pattern-size) 100%;mask-size:var(--divider-pattern-size) 100%;-webkit-mask-repeat:var(--divider-pattern-repeat);mask-repeat:var(--divider-pattern-repeat);background-color:var(--divider-color);-webkit-mask-image:var(--divider-pattern-url);mask-image:var(--divider-pattern-url)}.elementor-widget-divider--no-spacing{--divider-pattern-size:auto}.elementor-widget-divider--bg-round{--divider-pattern-repeat:round}.rtl .elementor-widget-divider .elementor-divider__text{direction:rtl}.e-con-inner>.elementor-widget-divider,.e-con>.elementor-widget-divider{width:var(--container-widget-width,100%);--flex-grow:var(--container-widget-flex-grow)}<\/style>\n<h3>SYD\u00c4MENVIIVA<\/h3>\n<p>\t\t\t\t\t\t\t\t\t\t\t\t\t\t\t<img decoding=\"async\" width=\"304\" height=\"304\" src=\"https:\/\/graphic.fi\/umg2023\/wp-content\/uploads\/2023\/05\/Sydamenviiva.png\" alt=\"\" loading=\"lazy\" srcset=\"https:\/\/graphic.fi\/umg2023\/wp-content\/uploads\/2023\/05\/Sydamenviiva.png 304w, https:\/\/graphic.fi\/umg2023\/wp-content\/uploads\/2023\/05\/Sydamenviiva-300x300.png 300w, https:\/\/graphic.fi\/umg2023\/wp-content\/uploads\/2023\/05\/Sydamenviiva-150x150.png 150w\" sizes=\"auto, (max-width: 304px) 100vw, 304px\" \/>\t\t\t\t\t\t\t\t\t\t\t\t\t\t\t<\/p>\n<p>Syd\u00e4menviivasta voidaan tulkita tunteellista \u00e4ly\u00e4. Vahva viiva\u00a0kertoo suunnittelijan suhtautuvan keve\u00e4sti loputtomiin muokkausehdotuksiin ja\u00a0asiakkaan toiveisiin. Jos viivaa ei n\u00e4y, tulisi suunnittelijan hakeutua itse\u00a0asiakkaan rooliin.<\/p>\n<h3>P\u00c4\u00c4NVIIVA<\/h3>\n<p>\t\t\t\t\t\t\t\t\t\t\t\t\t\t\t<img decoding=\"async\" width=\"344\" height=\"336\" src=\"https:\/\/graphic.fi\/umg2023\/wp-content\/uploads\/2023\/05\/paanviiva.png\" alt=\"\" loading=\"lazy\" srcset=\"https:\/\/graphic.fi\/umg2023\/wp-content\/uploads\/2023\/05\/paanviiva.png 344w, https:\/\/graphic.fi\/umg2023\/wp-content\/uploads\/2023\/05\/paanviiva-300x293.png 300w\" sizes=\"auto, (max-width: 344px) 100vw, 344px\" \/>\t\t\t\t\t\t\t\t\t\t\t\t\t\t\t<\/p>\n<p>P\u00e4\u00e4nviivasta n\u00e4kee kuinka luova suunnittelija on. T\u00e4m\u00e4 viiva on\u00a0eritt\u00e4in t\u00e4rke\u00e4, sill\u00e4 siit\u00e4 tulkitaan oletko oikea luovuuden jumala, vai pelkk\u00e4\u00a0kopiokone.<\/p>\n<h3>EL\u00c4M\u00c4NVIIVA<\/h3>\n<p>\t\t\t\t\t\t\t\t\t\t\t\t\t\t\t<img decoding=\"async\" width=\"288\" height=\"312\" src=\"https:\/\/graphic.fi\/umg2023\/wp-content\/uploads\/2023\/05\/elamanviiva.png\" alt=\"\" loading=\"lazy\" srcset=\"https:\/\/graphic.fi\/umg2023\/wp-content\/uploads\/2023\/05\/elamanviiva.png 288w, https:\/\/graphic.fi\/umg2023\/wp-content\/uploads\/2023\/05\/elamanviiva-277x300.png 277w\" sizes=\"auto, (max-width: 288px) 100vw, 288px\" \/>\t\t\t\t\t\t\t\t\t\t\t\t\t\t\t<\/p>\n<p>El\u00e4m\u00e4nviiva n\u00e4ytt\u00e4\u00e4 kuinka tarmokas ja sisukas suunnittelija on, sek\u00e4\u00a0my\u00f6s sen kuinka energinen ja vitaali keho h\u00e4nell\u00e4 on. Jos viiva on vahva,\u00a0suunnittelija on muistanut taukojumpan ja h\u00e4nell\u00e4 on terveelliset el\u00e4m\u00e4ntavat, jos\u00a0se taas on heikko, suunnittelija on tavanomainen visuaalisen alan ty\u00f6ntekij\u00e4.<\/p>\n<h2>PIENEMM\u00c4T VIIVAT<\/h2>\n<p>Vain harvoilta ja valituilta l\u00f6ytyy k\u00e4dest\u00e4 n\u00e4m\u00e4 viivat.<\/p>\n<p>\t\t\t\t\t\t\t\t\t\t\t\t\t\t\t<img decoding=\"async\" width=\"357\" height=\"420\" src=\"https:\/\/graphic.fi\/umg2023\/wp-content\/uploads\/2023\/05\/apollonviiva.png\" alt=\"Kuva k\u00e4mmenest\u00e4, korostettuna Apollon viiva sis\u00e4k\u00e4mmenen ulkosyrj\u00e4lt\u00e4 pikkusormen alta kohti rannetta.\" loading=\"lazy\" srcset=\"https:\/\/graphic.fi\/umg2023\/wp-content\/uploads\/2023\/05\/apollonviiva.png 357w, https:\/\/graphic.fi\/umg2023\/wp-content\/uploads\/2023\/05\/apollonviiva-255x300.png 255w\" sizes=\"auto, (max-width: 357px) 100vw, 357px\" \/>\t\t\t\t\t\t\t\t\t\t\t\t\t\t\t<\/p>\n<h2>APOLLON VIIVA<\/h2>\n<p>Onni, menestys ja lahjakkuus. Jos k\u00e4dest\u00e4si l\u00f6ytyy t\u00e4m\u00e4 viiva, et\u00a0luultavasti lue t\u00e4t\u00e4 juttua.<\/p>\n<p>\t\t\t\t\t\t\t\t\t\t\t\t\t\t\t<img decoding=\"async\" width=\"357\" height=\"420\" src=\"https:\/\/graphic.fi\/umg2023\/wp-content\/uploads\/2023\/05\/merkuriuksenviiva.png\" alt=\"Kuva k\u00e4mmenest\u00e4, korostettuna pieni viiva pikkusormen ja nimett\u00f6m\u00e4n v\u00e4liss\u00e4.\" loading=\"lazy\" srcset=\"https:\/\/graphic.fi\/umg2023\/wp-content\/uploads\/2023\/05\/merkuriuksenviiva.png 357w, https:\/\/graphic.fi\/umg2023\/wp-content\/uploads\/2023\/05\/merkuriuksenviiva-255x300.png 255w\" sizes=\"auto, (max-width: 357px) 100vw, 357px\" \/>\t\t\t\t\t\t\t\t\t\t\t\t\t\t\t<\/p>\n<h2>MERKURIUKSEN VIIVA<\/h2>\n<p>Terveyden viiva, kertoo ..terveydest\u00e4. Taas. Miksi pit\u00e4\u00e4 olla\u00a0kaksi terveydest\u00e4 kertovaa viivaa? Jos t\u00e4m\u00e4 l\u00f6ytyy k\u00e4dest\u00e4si olet erityisen\u00a0terveellinen. Jos sinulla l\u00f6ytyy t\u00e4m\u00e4 viiva mutta el\u00e4m\u00e4nviivasi on heikko, olet\u00a0kvanttimekaaninen paradoksi.<\/p>\n<p>\t\t\t\t\t\t\t\t\t\t\t\t\t\t\t<img decoding=\"async\" width=\"357\" height=\"420\" src=\"https:\/\/graphic.fi\/umg2023\/wp-content\/uploads\/2023\/05\/venuksenvyo.png\" alt=\"Kuva k\u00e4mmenest\u00e4, jossa korostettuna kupera viiva etusormen alta kohti pikkusormea.\" loading=\"lazy\" srcset=\"https:\/\/graphic.fi\/umg2023\/wp-content\/uploads\/2023\/05\/venuksenvyo.png 357w, https:\/\/graphic.fi\/umg2023\/wp-content\/uploads\/2023\/05\/venuksenvyo-255x300.png 255w\" sizes=\"auto, (max-width: 357px) 100vw, 357px\" \/>\t\t\t\t\t\t\t\t\t\t\t\t\t\t\t<\/p>\n<h2>VENUKSEN VY\u00d6<\/h2>\n<p>T\u00e4m\u00e4 viiva l\u00f6ytyy hyvin HYVIN \u00e4lykk\u00e4ilt\u00e4 ihmisilt\u00e4. Oikeilta\u00a0 neroilta. Allekirjoittaneelta l\u00f6ytyi n\u00e4it\u00e4 viivoja k\u00e4sist\u00e4 ja jaloista kymmeni\u00e4.<\/p>\n<figure>\n\t\t\t\t\t\t\t\t\t\t\t<a href=\"https:\/\/graphic.fi\/umg2023\/tarot\/\"><br \/>\n\t\t\t\t\t\t\t<img decoding=\"async\" width=\"150\" height=\"150\" src=\"https:\/\/graphic.fi\/umg2023\/wp-content\/uploads\/2023\/05\/gougero1valkoinen-1.svg\" alt=\"\" loading=\"lazy\" \/>\t\t\t\t\t\t\t\t<\/a><figcaption>Kerro, kerro korttini<\/figcaption><\/figure>\n<figure>\n\t\t\t\t\t\t\t\t\t\t\t<a href=\"https:\/\/graphic.fi\/umg2023\/loputon-kesa\/\"><br \/>\n\t\t\t\t\t\t\t<img decoding=\"async\" width=\"150\" height=\"150\" src=\"https:\/\/graphic.fi\/umg2023\/wp-content\/uploads\/2023\/05\/gougero2valkoinen.svg\" alt=\"\" loading=\"lazy\" \/>\t\t\t\t\t\t\t\t<\/a><figcaption>Loputon kes\u00e4<\/figcaption><\/figure>\n<p>\t\t\t<a href=\"https:\/\/www.instagram.com\/umgmagazine\/\"><br \/>\n\t\t\t\t\t\t<\/a><\/p>\n<h6><a href=\"https:\/\/issuu.com\/umgmagazine\/docs\/umg_n_k_islehti_3\">N\u00e4k\u00f6islehti<\/a><\/h6>\n","protected":false},"excerpt":{"rendered":"<p>Teksti ja kuvat: Santeri Kinnunen Taitto verkkoon: Reetta Korhonen Mit\u00e4 voimme odottaa tulevaisuudelta, jos oma mieli sylkee sarjatulella maailmanlopun ennusteita? Somaattisen taistelutantereen ristitulessa on pakollista joskus heitt\u00e4yty\u00e4 juoksuhautaan makaamaan, mutta sijoilleen ei sovi juurtua. Katso hetki omia k\u00e4si\u00e4si, sen uurteita ja linjoja. Kaikki mit\u00e4 olet t\u00e4h\u00e4n menness\u00e4 saavuttanut, olet itse k\u00e4sill\u00e4si mahdollistanut.&nbsp; Mielesi on t\u00e4rkein [&hellip;]<\/p>\n","protected":false},"author":3,"featured_media":0,"parent":0,"menu_order":0,"comment_status":"closed","ping_status":"closed","template":"","meta":{"inline_featured_image":false,"footnotes":""},"class_list":["post-519","page","type-page","status-publish","hentry"],"_links":{"self":[{"href":"https:\/\/graphic.fi\/umg2023\/wp-json\/wp\/v2\/pages\/519","targetHints":{"allow":["GET"]}}],"collection":[{"href":"https:\/\/graphic.fi\/umg2023\/wp-json\/wp\/v2\/pages"}],"about":[{"href":"https:\/\/graphic.fi\/umg2023\/wp-json\/wp\/v2\/types\/page"}],"author":[{"embeddable":true,"href":"https:\/\/graphic.fi\/umg2023\/wp-json\/wp\/v2\/users\/3"}],"replies":[{"embeddable":true,"href":"https:\/\/graphic.fi\/umg2023\/wp-json\/wp\/v2\/comments?post=519"}],"version-history":[{"count":67,"href":"https:\/\/graphic.fi\/umg2023\/wp-json\/wp\/v2\/pages\/519\/revisions"}],"predecessor-version":[{"id":3377,"href":"https:\/\/graphic.fi\/umg2023\/wp-json\/wp\/v2\/pages\/519\/revisions\/3377"}],"wp:attachment":[{"href":"https:\/\/graphic.fi\/umg2023\/wp-json\/wp\/v2\/media?parent=519"}],"curies":[{"name":"wp","href":"https:\/\/api.w.org\/{rel}","templated":true}]}}