{"id":523,"date":"2023-04-28T04:00:08","date_gmt":"2023-04-28T04:00:08","guid":{"rendered":"https:\/\/graphic.fi\/umg2023\/?page_id=523"},"modified":"2023-05-21T14:22:33","modified_gmt":"2023-05-21T14:22:33","slug":"kell-onni-on","status":"publish","type":"page","link":"https:\/\/graphic.fi\/umg2023\/kell-onni-on\/","title":{"rendered":"Kell onni on"},"content":{"rendered":"<style>\/*! elementor - v3.12.1 - 02-04-2023 *\/\n.elementor-heading-title{padding:0;margin:0;line-height:1}.elementor-widget-heading .elementor-heading-title[class*=elementor-size-]>a{color:inherit;font-size:inherit;line-height:inherit}.elementor-widget-heading .elementor-heading-title.elementor-size-small{font-size:15px}.elementor-widget-heading .elementor-heading-title.elementor-size-medium{font-size:19px}.elementor-widget-heading .elementor-heading-title.elementor-size-large{font-size:29px}.elementor-widget-heading .elementor-heading-title.elementor-size-xl{font-size:39px}.elementor-widget-heading .elementor-heading-title.elementor-size-xxl{font-size:59px}<\/style>\n<h2>KELL\u2019 ONNI ON,<br \/>\nSE ONNEN K\u00c4TKEK\u00d6\u00d6N<\/h2>\n<p>Teksti, kuvat ja taitto <b>Kaisa Kanerva<br \/>Taitto verkkosivulle <b>Meri Nyman ja Reetta korhonen<\/b><\/b><\/p>\n<style>\/*! elementor - v3.12.1 - 02-04-2023 *\/\n.elementor-column .elementor-spacer-inner{height:var(--spacer-size)}.e-con{--container-widget-width:100%}.e-con-inner>.elementor-widget-spacer,.e-con>.elementor-widget-spacer{width:var(--container-widget-width,var(--spacer-size));--align-self:var(--container-widget-align-self,initial);--flex-shrink:0}.e-con-inner>.elementor-widget-spacer>.elementor-widget-container,.e-con-inner>.elementor-widget-spacer>.elementor-widget-container>.elementor-spacer,.e-con>.elementor-widget-spacer>.elementor-widget-container,.e-con>.elementor-widget-spacer>.elementor-widget-container>.elementor-spacer{height:100%}.e-con-inner>.elementor-widget-spacer>.elementor-widget-container>.elementor-spacer>.elementor-spacer-inner,.e-con>.elementor-widget-spacer>.elementor-widget-container>.elementor-spacer>.elementor-spacer-inner{height:var(--container-widget-height,var(--spacer-size))}<\/style>\n<p>Onnea vai ep\u00e4onnea, tuuria vai tuskaa? Jokaisen ihmisen el\u00e4m\u00e4 on t\u00e4ynn\u00e4 erilaisia todenn\u00e4k\u00f6isyyksi\u00e4 \u2013 osa n\u00e4ist\u00e4 voi johtaa vastoink\u00e4ymisiin, osa taas onnenpotkuihin.\u00a0<\/p>\n<p>Minustako miljon\u00e4\u00e4ri tai taiteiden maisteri? Vai onko kohtalonani t\u00f6rm\u00e4t\u00e4 sarjamurhaajaan tai maailmanloppuun? Kaikki on mahdollista \u2013 jotkin tapahtumat ovat vain hieman todenn\u00e4k\u00f6isempi\u00e4 kuin toiset. <\/p>\n<style>\/*! elementor - v3.12.1 - 02-04-2023 *\/\n.elementor-widget-image{text-align:center}.elementor-widget-image a{display:inline-block}.elementor-widget-image a img[src$=\".svg\"]{width:48px}.elementor-widget-image img{vertical-align:middle;display:inline-block}<\/style>\n<p>\t\t\t\t\t\t\t\t\t\t\t\t<img decoding=\"async\" width=\"768\" height=\"1060\" src=\"https:\/\/graphic.fi\/umg2023\/wp-content\/uploads\/2023\/05\/verkkoversio-kirottu-bambi-768x1060.png\" alt=\"\" loading=\"lazy\" srcset=\"https:\/\/graphic.fi\/umg2023\/wp-content\/uploads\/2023\/05\/verkkoversio-kirottu-bambi-768x1060.png 768w, https:\/\/graphic.fi\/umg2023\/wp-content\/uploads\/2023\/05\/verkkoversio-kirottu-bambi-217x300.png 217w, https:\/\/graphic.fi\/umg2023\/wp-content\/uploads\/2023\/05\/verkkoversio-kirottu-bambi-742x1024.png 742w, https:\/\/graphic.fi\/umg2023\/wp-content\/uploads\/2023\/05\/verkkoversio-kirottu-bambi-1113x1536.png 1113w, https:\/\/graphic.fi\/umg2023\/wp-content\/uploads\/2023\/05\/verkkoversio-kirottu-bambi.png 1417w\" sizes=\"auto, (max-width: 768px) 100vw, 768px\" \/>\t\t\t\t\t\t\t\t\t\t\t\t\t\t\t<\/p>\n<style>\/*! elementor - v3.12.1 - 02-04-2023 *\/\n.elementor-counter .elementor-counter-number-wrapper{display:flex;font-size:69px;font-weight:600;line-height:1}.elementor-counter .elementor-counter-number-prefix,.elementor-counter .elementor-counter-number-suffix{flex-grow:1;white-space:pre-wrap}.elementor-counter .elementor-counter-number-prefix{text-align:right}.elementor-counter .elementor-counter-number-suffix{text-align:left}.elementor-counter .elementor-counter-title{text-align:center;font-size:19px;font-weight:400;line-height:2.5}<\/style>\n<p>\t\t\t\t0<\/p>\n<h2> Bambi  \u2013 pedoista pahin <\/h2>\n<p>Jopa 120 ihmist\u00e4 kuolee vuosittain Yhdysvalloissa pahimpiakin sarjamurhaajia tuotteliaamman tappajan, peuran, hampaisiin. My\u00f6s kammotuimmat petoel\u00e4imet j\u00e4\u00e4v\u00e4t peuran varjoon \u2013 kuolema peuran aiheuttamana on todenn\u00e4k\u00f6isemp\u00e4\u00e4 kuin haiden, karhujen ja alligaattoreiden aiheuttamat kuolemat yhteens\u00e4. Peuran j\u00e4lkeen tuotteliaimpia tappajia ovat ampiaiset ja mehil\u00e4iset, joilla on 58 vuosittaista uhria.<\/p>\n<h2>Yll\u00e4tysvieraana k\u00e4\u00e4rme<\/h2>\n<p>Voiko k\u00e4\u00e4rme oikeasti luikerrella wc-p\u00f6nt\u00f6n kautta sis\u00e4tiloihin? Kyll\u00e4 voi \u2013 jopa pilvenpiirt\u00e4j\u00e4t ovat helppo kohde k\u00e4\u00e4rmeille. T\u00e4m\u00e4 todistettiin vuonna 2010, kun vajaan metrin mittainen k\u00e4\u00e4rme l\u00f6ysi tiens\u00e4 19. kerroksen vessaan New Yorkissa. K\u00e4\u00e4rmeet p\u00e4rj\u00e4\u00e4v\u00e4t hyvin putkistoissa, sill\u00e4 ne ovat hyvi\u00e4 uimareita ja voivat pid\u00e4tell\u00e4 hengityst\u00e4\u00e4n pitk\u00e4nkin aikaa. Ei ole siis lainkaan mahdoton ajatus, ett\u00e4 sellainen uiskentelisi joku p\u00e4iv\u00e4 sinunkin kotiisi!<\/p>\n<p>\t\t\t\t0<\/p>\n<h2>Kauniita unia!<\/h2>\n<p>Yhdysvalloissa 450 ihmist\u00e4 kuolee vuosittain pudottuaan s\u00e4ngyst\u00e4. Lis\u00e4ksi hurjat 400 000 ihmist\u00e4 p\u00e4\u00e4tyy vuosittain sairaalahoitoon s\u00e4ngyst\u00e4 tipahtamisen seurauksena<\/p>\n<p>\t\t\t\t0<br \/>\n\t\t\t\t0<\/p>\n<h2>Terve vaan, salamurhaaja<\/h2>\n<p>On arvioitu, ett\u00e4 pelk\u00e4st\u00e4\u00e4n Yhdysvalloissa on joka vuosi 25\u201350 aktiivista sarjamurhaajaa. Murhaajat py\u00f6riv\u00e4t siell\u00e4 miss\u00e4 me kaikki muutkin, joten arviolta tulet kohtaamaan tiet\u00e4m\u00e4tt\u00e4si el\u00e4m\u00e4si aikana jopa 36 sarjamurhaajaa.<\/p>\n<p>\t\t\t\t\t\t\t\t\t\t\t\t\t\t\t<img decoding=\"async\" width=\"800\" height=\"800\" src=\"https:\/\/graphic.fi\/umg2023\/wp-content\/uploads\/2023\/05\/verkkoversio-paakallo-1024x1024.png\" alt=\"\" loading=\"lazy\" srcset=\"https:\/\/graphic.fi\/umg2023\/wp-content\/uploads\/2023\/05\/verkkoversio-paakallo-1024x1024.png 1024w, https:\/\/graphic.fi\/umg2023\/wp-content\/uploads\/2023\/05\/verkkoversio-paakallo-300x300.png 300w, https:\/\/graphic.fi\/umg2023\/wp-content\/uploads\/2023\/05\/verkkoversio-paakallo-150x150.png 150w, https:\/\/graphic.fi\/umg2023\/wp-content\/uploads\/2023\/05\/verkkoversio-paakallo-768x768.png 768w, https:\/\/graphic.fi\/umg2023\/wp-content\/uploads\/2023\/05\/verkkoversio-paakallo.png 1080w\" sizes=\"auto, (max-width: 800px) 100vw, 800px\" \/><br \/>\n\t\t\t\t0<br \/>\n\t\t\t\t%<\/p>\n<h2>Hyv\u00e4\u00e4 syntym\u00e4- eikun kuolinp\u00e4iv\u00e4\u00e4<\/h2>\n<p>On 14 prosenttia todenn\u00e4k\u00f6isemp\u00e4\u00e4 kuolla omana syntym\u00e4p\u00e4iv\u00e4n\u00e4\u00e4n kuin min\u00e4\u00e4n muuna vuoden p\u00e4iv\u00e4n\u00e4. Yht\u00e4 ainoaa syyt\u00e4 t\u00e4lle ei kuitenkaan ole, kuin ei my\u00f6sk\u00e4\u00e4n yht\u00e4 ainoaa kuolintapaa. Erityisesti miehet kohtaavat syntym\u00e4p\u00e4iv\u00e4n\u00e4\u00e4n kuoleman esimerkiksi itsemurhien ja tapaturmien kautta. Varuillaan kannattaa olla jo syntym\u00e4p\u00e4iv\u00e4\u00e4 edelt\u00e4vin\u00e4 p\u00e4ivin\u00e4, sill\u00e4 kuolemaan johtavan kompastumisen todenn\u00e4k\u00f6isyys alkaa kasvamaan merkitt\u00e4v\u00e4sti jo nelj\u00e4 p\u00e4iv\u00e4\u00e4 ennen syntym\u00e4p\u00e4iv\u00e4\u00e4.\u00a0<\/p>\n<p>Naiset kompastelevat my\u00f6s, mutta miehist\u00e4 poiketen heill\u00e4 on suurempi riski kuolla syntym\u00e4p\u00e4iv\u00e4n\u00e4\u00e4n t\u00e4ysin luonnollisten syiden seurauksena. Naisten on jopa 22 prosenttia miehi\u00e4 todenn\u00e4k\u00f6isemp\u00e4\u00e4 kuolla syd\u00e4nkohtaukseen omana syntym\u00e4p\u00e4iv\u00e4n\u00e4\u00e4n.\u00a0<\/p>\n<p>Mutta miksi syntym\u00e4p\u00e4iv\u00e4 on niin kuolettava? Syit\u00e4 voi ainoastaan spekuloida. On arvioitu, ett\u00e4 esimerkiksi syntym\u00e4p\u00e4iv\u00e4n aiheuttama stressi voi erityisesti vanhemmilla ihmisill\u00e4 aiheuttaa syd\u00e4nongelmia juuri juhlap\u00e4iv\u00e4n\u00e4. Alkoholilla taas on osuutensa kuolemaan johtavissa tapaturmissa.<\/p>\n<p>\t\t\t\t100<br \/>\n\t\t\t\tkm<\/p>\n<h2>Hyv\u00e4sti,  maailma<\/h2>\n<p>Jos maapalloon t\u00f6rm\u00e4\u00e4 leveydelt\u00e4\u00e4n v\u00e4hint\u00e4\u00e4n yhden kilometrin levyinen asteroidi, tulee se olemaan maapallon elollisen el\u00e4m\u00e4n loppu. T\u00f6rm\u00e4ys aiheuttaisi valtavan tulipallon, joka tappaisi jokaisen sen l\u00e4heisyydess\u00e4 olevan. T\u00f6rm\u00e4yksest\u00e4 aiheutunut p\u00f6ly ja savu levitt\u00e4ytyisi maapallolle aiheuttaen niinkutsutun t\u00f6rm\u00e4ystalven.\u00a0<\/p>\n<p>P\u00f6lypilven takia kasvit eiv\u00e4t voisi en\u00e4\u00e4 yhteytt\u00e4\u00e4, joten ne kuolisivat nopeasti. Ilman kasvillisuutta my\u00f6s t\u00f6rm\u00e4yksest\u00e4 selviytyneet el\u00e4imet menehtyisiv\u00e4t ravinnon puutteen seurauksena.\u00a0<\/p>\n<p>Seuraavaan sataan vuoteen ei ole moista asteroidia suuntaamassa kohti maapalloa &#8211; mutta avaruuskivien suuntahan voi vaihtua milloin vain!<\/p>\n<p>\t\t\t\t100<br \/>\n\t\t\t\tkm<\/p>\n<h2>1\/562<\/h2>\n<h2>Tosirakkaus, miss\u00e4 olet? <\/h2>\n<p>Jos j\u00e4t\u00e4t tosirakkauden l\u00f6ytymisen t\u00e4ysin kohtalon varaan, brittil\u00e4isen tutkimuksen mukaan rakkauden l\u00f6yt\u00e4misen todenn\u00e4k\u00f6isyys on t\u00e4ll\u00f6in surkeat yksi 562:sta. Mutta ei huolta, todenn\u00e4k\u00f6isyytt\u00e4 voi helposti parantaa yksinkertaisilla keinoilla! Jos vaikkapa rohkaistut puhumaan tuntemattomille kuntosalilla, todenn\u00e4k\u00f6isyytesi l\u00f6yt\u00e4\u00e4 el\u00e4m\u00e4si rakkaus nousee 15 prosentilla. Baareista rakkauden aktiivinen hakeminen nostaa todenn\u00e4k\u00f6isyytt\u00e4si 9 prosentilla, kun taas deittisovellusten k\u00e4ytt\u00e4minen parantaa todenn\u00e4k\u00f6isyytt\u00e4si jopa 17 prosenttia. <\/p>\n<h2>1:32<\/h2>\n<h2>Haluatko miljon\u00e4\u00e4riksi<\/h2>\n<p>Yksi 32 ihmisest\u00e4 tulee el\u00e4m\u00e4ns\u00e4 aikana miljon\u00e4\u00e4riksi. Todenn\u00e4k\u00f6isyytesi miljon\u00e4\u00e4riksi p\u00e4\u00e4tymiseen kasvavat, jos olet valkoinen, korkeasti koulutettu ja i\u00e4lt\u00e4si yli 62 vuotias.\u00a0 <\/p>\n<h2>25 %<\/h2>\n<h2>Kuolema, mik\u00e4 se on?<\/h2>\n<p>T\u00e4ll\u00e4 hetkell\u00e4 25-vuotiaan ihmisen todenn\u00e4k\u00f6isyys el\u00e4\u00e4 100-vuotiaaksi on 25 prosenttia. Naisilla todenn\u00e4k\u00f6isyys on hieman miehi\u00e4 suurempi \u2013 l\u00e4hes kolmasosa 25-vuotiaista naisista n\u00e4kee sadannen syntym\u00e4p\u00e4iv\u00e4ns\u00e4, miehist\u00e4 vain noin joka viides.<\/p>\n<h2>1\/10 t<\/h2>\n<h2>Helppo homma<\/h2>\n<p>Neliapilan l\u00f6yt\u00e4minen ei ole lainkaan mahdoton homma, vaikka todenn\u00e4k\u00f6isyydet eiv\u00e4t ole kummoiset. On arvioitu, ett\u00e4 vain joka 10 000. apila on nelilehtinen. T\u00e4m\u00e4 tarkoittaa sit\u00e4, ett\u00e4 yhdell\u00e4 neli\u00f6metrill\u00e4 apilam\u00e4t\u00e4st\u00e4 on yksi nelilehtinen apila. Kuulostaa hankalalta, mutta sit\u00e4 se ei itseasiassa ole. Ihmisell\u00e4 on kyky havaita visuaalisia poikkeamia hyvinkin nopealla silm\u00e4yksell\u00e4, joten apiloita ei tarvitse alkaa yksi kerrallaan tarkistamaan. Silm\u00e4 nappaa nopeasti nelilehtisen poikkeaman kolmiehtisten apiloiden seasta.<\/p>\n<h2>1:10 000<\/h2>\n<h2>Aika helmee<\/h2>\n<p>Luonnossa esiintyv\u00e4t simpukoiden helmet ovat todella harvinaisia. Vain yhdess\u00e4 osterissa 10 000:sta on helmi sis\u00e4ll\u00e4\u00e4n. N\u00e4ist\u00e4kin helmist\u00e4 vain murto-osa ovat vaatimuksiltaan sellaisia, ett\u00e4 ne kelpaisivat koruk\u00e4ytt\u00f6\u00f6n.<\/p>\n<h2>29 %<\/h2>\n<h2>Onko yliopistosta valmistuminen mahdollista?<\/h2>\n<p>Vuonna 2018 yliopistoissa ylemm\u00e4n korkeakoulututkinnon suorittaneista 29 prosenttia valmistui tavoiteajassa. Korkeintaan vuoden viiv\u00e4stys oli 24 prosentilla opiskelijoista. Todenn\u00e4k\u00f6isyydet ovat siis hyv\u00e4t: 53 prosenttia opiskelijoista valmistuu siis ajallaan tai korkeintaan vuoden viiv\u00e4styksell\u00e4.<\/p>\n<p>K\u00e4\u00e4nteisetk\u00e4\u00e4n todenn\u00e4k\u00f6isyydet eiv\u00e4t ik\u00e4v\u00e4 kyll\u00e4 ole huonot \u2013 ammattikorkeakouluissa ja yliopistoissa aloittaneista liki kolmanneksella ei ole suoritettua tavoitetutkintoa kymmenen vuotta opintojen aloittamisen j\u00e4lkeen.<\/p>\n<figure>\n\t\t\t\t\t\t\t\t\t\t\t<a href=\"https:\/\/graphic.fi\/umg2023\/sarjakuva\/\"><br \/>\n\t\t\t\t\t\t\t<img decoding=\"async\" width=\"150\" height=\"150\" src=\"https:\/\/graphic.fi\/umg2023\/wp-content\/uploads\/2023\/05\/gougero1valkoinen-1.svg\" alt=\"\" loading=\"lazy\" \/>\t\t\t\t\t\t\t\t<\/a><figcaption>Onni onnettomuudessa<\/figcaption><\/figure>\n<figure>\n\t\t\t\t\t\t\t\t\t\t\t<a href=\"https:\/\/graphic.fi\/umg2023\/opiskelijan-onnenkalut\/\"><br \/>\n\t\t\t\t\t\t\t<img decoding=\"async\" width=\"150\" height=\"150\" src=\"https:\/\/graphic.fi\/umg2023\/wp-content\/uploads\/2023\/05\/gougero2valkoinen.svg\" alt=\"\" loading=\"lazy\" \/>\t\t\t\t\t\t\t\t<\/a><figcaption>Opiskelijan onnenkalut<\/figcaption><\/figure>\n<p>\t\t\t<a href=\"https:\/\/www.instagram.com\/umgmagazine\/\"><br \/>\n\t\t\t\t\t\t<\/a><\/p>\n<h6><a href=\"https:\/\/issuu.com\/umgmagazine\/docs\/umg_n_k_islehti_3\">N\u00e4k\u00f6islehti<\/a><\/h6>\n","protected":false},"excerpt":{"rendered":"<p>KELL\u2019 ONNI ON, SE ONNEN K\u00c4TKEK\u00d6\u00d6N Teksti, kuvat ja taitto Kaisa KanervaTaitto verkkosivulle Meri Nyman ja Reetta korhonen Onnea vai ep\u00e4onnea, tuuria vai tuskaa? Jokaisen ihmisen el\u00e4m\u00e4 on t\u00e4ynn\u00e4 erilaisia todenn\u00e4k\u00f6isyyksi\u00e4 \u2013 osa n\u00e4ist\u00e4 voi johtaa vastoink\u00e4ymisiin, osa taas onnenpotkuihin.\u00a0 Minustako miljon\u00e4\u00e4ri tai taiteiden maisteri? Vai onko kohtalonani t\u00f6rm\u00e4t\u00e4 sarjamurhaajaan tai maailmanloppuun? Kaikki on mahdollista [&hellip;]<\/p>\n","protected":false},"author":3,"featured_media":0,"parent":0,"menu_order":0,"comment_status":"closed","ping_status":"closed","template":"","meta":{"inline_featured_image":false,"footnotes":""},"class_list":["post-523","page","type-page","status-publish","hentry"],"_links":{"self":[{"href":"https:\/\/graphic.fi\/umg2023\/wp-json\/wp\/v2\/pages\/523","targetHints":{"allow":["GET"]}}],"collection":[{"href":"https:\/\/graphic.fi\/umg2023\/wp-json\/wp\/v2\/pages"}],"about":[{"href":"https:\/\/graphic.fi\/umg2023\/wp-json\/wp\/v2\/types\/page"}],"author":[{"embeddable":true,"href":"https:\/\/graphic.fi\/umg2023\/wp-json\/wp\/v2\/users\/3"}],"replies":[{"embeddable":true,"href":"https:\/\/graphic.fi\/umg2023\/wp-json\/wp\/v2\/comments?post=523"}],"version-history":[{"count":179,"href":"https:\/\/graphic.fi\/umg2023\/wp-json\/wp\/v2\/pages\/523\/revisions"}],"predecessor-version":[{"id":3383,"href":"https:\/\/graphic.fi\/umg2023\/wp-json\/wp\/v2\/pages\/523\/revisions\/3383"}],"wp:attachment":[{"href":"https:\/\/graphic.fi\/umg2023\/wp-json\/wp\/v2\/media?parent=523"}],"curies":[{"name":"wp","href":"https:\/\/api.w.org\/{rel}","templated":true}]}}