{"id":644,"date":"2023-05-03T09:31:16","date_gmt":"2023-05-03T09:31:16","guid":{"rendered":"https:\/\/graphic.fi\/umg2023\/?page_id=644"},"modified":"2023-05-21T14:21:18","modified_gmt":"2023-05-21T14:21:18","slug":"etusivu","status":"publish","type":"page","link":"https:\/\/graphic.fi\/umg2023\/","title":{"rendered":"Etusivu"},"content":{"rendered":"<style>\/*! elementor - v3.12.1 - 02-04-2023 *\/\n.elementor-column .elementor-spacer-inner{height:var(--spacer-size)}.e-con{--container-widget-width:100%}.e-con-inner>.elementor-widget-spacer,.e-con>.elementor-widget-spacer{width:var(--container-widget-width,var(--spacer-size));--align-self:var(--container-widget-align-self,initial);--flex-shrink:0}.e-con-inner>.elementor-widget-spacer>.elementor-widget-container,.e-con-inner>.elementor-widget-spacer>.elementor-widget-container>.elementor-spacer,.e-con>.elementor-widget-spacer>.elementor-widget-container,.e-con>.elementor-widget-spacer>.elementor-widget-container>.elementor-spacer{height:100%}.e-con-inner>.elementor-widget-spacer>.elementor-widget-container>.elementor-spacer>.elementor-spacer-inner,.e-con>.elementor-widget-spacer>.elementor-widget-container>.elementor-spacer>.elementor-spacer-inner{height:var(--container-widget-height,var(--spacer-size))}<\/style>\n<p>Tervetuloa kulkija,<\/p>\n<p>T\u00e4\u00e4ll\u00e4 sijaitsee (Un)lucky Mystical Gallery eli (Ep\u00e4)onnen Mystisyyksien Galleria, ikuistettuna tietoverkkoon menneille, nykyisille ja tuleville sukupolville. Alta l\u00f6yd\u00e4t portaalit onnen ja ep\u00e4onnen eri ulottuvuuksiin. Vaihtoehtoisen reitin l\u00f6yd\u00e4t oikealta ylh\u00e4\u00e4lt\u00e4 pudotusvalikosta.<\/p>\n<style>.elementor-flip-box{height:280px;position:relative;perspective:1000px;transform-style:preserve-3d}@media (max-device-width:1020px){.elementor-flip-box{cursor:pointer}}.elementor-flip-box__front{background-color:#1abc9c}.elementor-flip-box__back{background-color:#4054b2;display:block}.elementor-flip-box__layer{position:absolute;width:100%;height:100%;transition:all .6s ease-in-out}.elementor-flip-box__layer__overlay{display:flex;width:100%;height:100%;flex-direction:column;justify-content:center;align-items:stretch;text-align:center;padding:35px;color:#fff}.elementor-flip-box__layer__title{font-size:21px}.elementor-flip-box__layer__description{font-size:14px}.elementor-flip-box__layer__description:not(:last-child),.elementor-flip-box__layer__title:not(:last-child){margin:0 0 20px;padding:0}.elementor-flip-box__layer__title{line-height:1;font-weight:600}.elementor-flip-box,.elementor-flip-box .elementor-view-framed,.elementor-flip-box .elementor-view-stacked{--e-flip-box-view-framed-stacked-icon-color:#fff}.elementor-flip-box .elementor-icon,.elementor-flip-box .elementor-view-framed .elementor-icon,.elementor-flip-box .elementor-view-stacked .elementor-icon{color:var(--e-flip-box-view-framed-stacked-icon-color)}.elementor-flip-box .elementor-icon svg,.elementor-flip-box .elementor-view-framed .elementor-icon svg,.elementor-flip-box .elementor-view-stacked .elementor-icon svg{fill:var(--e-flip-box-view-framed-stacked-icon-color)}.elementor-flip-box .elementor-view-framed .elementor-icon{border-color:#fff}.elementor-flip-box .elementor-view-stacked .elementor-icon{background-color:rgba(0,0,0,.5)}.elementor-flip-box__button.elementor-button{cursor:pointer;align-self:center;margin-left:auto;margin-right:auto;border:2px solid #fff;background:transparent}.elementor-flip-box__button.elementor-button:hover{background:transparent;text-decoration:none}.elementor-flip-box__image{margin:0 0 20px;display:inline-block;width:100%}.elementor-flip-box__image img{width:50%}.elementor-flip-box .elementor-icon-wrapper{margin-bottom:20px}.elementor-flip-box--3d .elementor-flip-box__layer__inner{transform:translateZ(90px) scale(.91)}.elementor-flip-box--3d .elementor-flip-box__layer__overlay{transform-style:preserve-3d;transform:translateZ(.1px)}.elementor-flip-box--effect-flip .elementor-flip-box{perspective:1000px;transform-style:preserve-3d}.elementor-flip-box--effect-flip .elementor-flip-box__layer{transform-style:preserve-3d;backface-visibility:hidden}.elementor-flip-box--effect-flip .elementor-flip-box__front{transform:none;z-index:1}.elementor-flip-box--effect-flip .elementor-flip-box:hover .elementor-flip-box__back{transform:none}.elementor-flip-box--effect-flip.elementor-flip-box--direction-right .elementor-flip-box__back{transform:rotateX(0) rotateY(-180deg)}.elementor-flip-box--effect-flip.elementor-flip-box--direction-left .elementor-flip-box__back,.elementor-flip-box--effect-flip.elementor-flip-box--direction-right .elementor-flip-box:hover .elementor-flip-box__front{transform:rotateX(0) rotateY(180deg)}.elementor-flip-box--effect-flip.elementor-flip-box--direction-left .elementor-flip-box:hover .elementor-flip-box__front{transform:rotateX(0) rotateY(-180deg)}.elementor-flip-box--effect-flip.elementor-flip-box--direction-up .elementor-flip-box__back{transform:rotateX(-180deg) rotateY(0)}.elementor-flip-box--effect-flip.elementor-flip-box--direction-down .elementor-flip-box__back,.elementor-flip-box--effect-flip.elementor-flip-box--direction-up .elementor-flip-box:hover .elementor-flip-box__front{transform:rotateX(180deg) rotateY(0)}.elementor-flip-box--effect-flip.elementor-flip-box--direction-down .elementor-flip-box:hover .elementor-flip-box__front{transform:rotateX(-180deg) rotateY(0)}.elementor-flip-box--effect-push .elementor-flip-box__front{transform:none}.elementor-flip-box--effect-push.elementor-flip-box--direction-right .elementor-flip-box:hover .elementor-flip-box__front{transform:translateX(100%) translateY(0)}.elementor-flip-box--effect-push.elementor-flip-box--direction-left .elementor-flip-box:hover .elementor-flip-box__front{transform:translateX(-100%) translateY(0)}.elementor-flip-box--effect-push.elementor-flip-box--direction-up .elementor-flip-box:hover .elementor-flip-box__front{transform:translateX(0) translateY(-100%)}.elementor-flip-box--effect-push.elementor-flip-box--direction-down .elementor-flip-box:hover .elementor-flip-box__front{transform:translateX(0) translateY(100%)}.elementor-flip-box--effect-push .elementor-flip-box,.elementor-flip-box--effect-slide .elementor-flip-box{overflow:hidden}.elementor-flip-box--effect-push .elementor-flip-box:hover .elementor-flip-box__back,.elementor-flip-box--effect-slide .elementor-flip-box:hover .elementor-flip-box__back{transform:none}.elementor-flip-box--effect-push.elementor-flip-box--direction-right .elementor-flip-box__back,.elementor-flip-box--effect-slide.elementor-flip-box--direction-right .elementor-flip-box__back{transform:translateX(-100%) translateY(0)}.elementor-flip-box--effect-push.elementor-flip-box--direction-left .elementor-flip-box__back,.elementor-flip-box--effect-slide.elementor-flip-box--direction-left .elementor-flip-box__back{transform:translateX(100%) translateY(0)}.elementor-flip-box--effect-push.elementor-flip-box--direction-up .elementor-flip-box__back,.elementor-flip-box--effect-slide.elementor-flip-box--direction-up .elementor-flip-box__back{transform:translateX(0) translateY(100%)}.elementor-flip-box--effect-push.elementor-flip-box--direction-down .elementor-flip-box__back,.elementor-flip-box--effect-slide.elementor-flip-box--direction-down .elementor-flip-box__back{transform:translateX(0) translateY(-100%)}.elementor-flip-box--effect-zoom-out .elementor-flip-box .elementor-flip-box__front{transition:transform .7s,opacity .35s,width .1ms;opacity:1;transform:scale(1);z-index:1;width:100%}.elementor-flip-box--effect-zoom-out .elementor-flip-box:hover .elementor-flip-box__front{width:0;opacity:0;transform:scale(.7);transition:transform .8s,opacity .7s .1s,width .1ms .7s}.elementor-flip-box--effect-zoom-in .elementor-flip-box .elementor-flip-box__back{transition:transform .7s,opacity .5s .2s;opacity:0;transform:scale(.7)}.elementor-flip-box--effect-zoom-in .elementor-flip-box:hover .elementor-flip-box__back{transition:transform .7s,opacity .5s;opacity:1;transform:scale(1)}.elementor-flip-box--effect-fade .elementor-flip-box .elementor-flip-box__back{opacity:0}.elementor-flip-box--effect-fade .elementor-flip-box:hover .elementor-flip-box__back{opacity:1}.elementor-widget-flip-box.elementor-flip-box--flipped .elementor-widget-container .elementor-flip-box__front{display:none}.elementor-widget-flip-box.elementor-flip-box--flipped .elementor-widget-container .elementor-flip-box__back{transform:none;opacity:1}.e-con-inner>.elementor-widget-flip-box,.e-con>.elementor-widget-flip-box{width:var(--container-widget-width);--flex-grow:var(--container-widget-flex-grow)}<\/style>\n<p>\t\t\t<a href=\"https:\/\/graphic.fi\/umg2023\/paakirjoitus\/\"><br \/>\n\t\t<\/a><br \/>\n\t\t\t<a href=\"https:\/\/graphic.fi\/umg2023\/hyvia-ja-huonoja-numeroita\/\"><br \/>\n\t\t<\/a><br \/>\n\t\t\t<a href=\"https:\/\/graphic.fi\/umg2023\/tarot\/#\"><br \/>\n\t\t<\/a><br \/>\n\t\t\t<a href=\"https:\/\/graphic.fi\/umg2023\/graafikon-kadestaluku\/\"><br \/>\n\t\t<\/a><br \/>\n\t\t\t<a href=\"https:\/\/graphic.fi\/umg2023\/loputon-kesa\/\"><br \/>\n\t\t<\/a><br \/>\n\t\t\t<a href=\"https:\/\/graphic.fi\/umg2023\/epaonnen-elaimet\/\"><br \/>\n\t\t<\/a><br \/>\n\t\t\t<a href=\"https:\/\/graphic.fi\/umg2023\/sarjakuva\/\"><br \/>\n\t\t<\/a><br \/>\n\t\t\t<a href=\"https:\/\/graphic.fi\/umg2023\/kell-onni-on\/\"><br \/>\n\t\t<\/a><br \/>\n\t\t\t<a href=\"https:\/\/graphic.fi\/umg2023\/opiskelijan-onnenkalut\/\"><br \/>\n\t\t<\/a><br \/>\n\t\t\t<a href=\"https:\/\/graphic.fi\/umg2023\/kymmenen-kaskya\/\"><br \/>\n\t\t<\/a><br \/>\n\t\t\t<a href=\"https:\/\/graphic.fi\/umg2023\/merkitysta-metsastamassa\/\"><br \/>\n\t\t<\/a><br \/>\n\t\t\t<a href=\"https:\/\/graphic.fi\/umg2023\/tekijat\/\"><br \/>\n\t\t<\/a><\/p>\n<style>\/*! elementor - v3.12.1 - 02-04-2023 *\/\n.elementor-heading-title{padding:0;margin:0;line-height:1}.elementor-widget-heading .elementor-heading-title[class*=elementor-size-]>a{color:inherit;font-size:inherit;line-height:inherit}.elementor-widget-heading .elementor-heading-title.elementor-size-small{font-size:15px}.elementor-widget-heading .elementor-heading-title.elementor-size-medium{font-size:19px}.elementor-widget-heading .elementor-heading-title.elementor-size-large{font-size:29px}.elementor-widget-heading .elementor-heading-title.elementor-size-xl{font-size:39px}.elementor-widget-heading .elementor-heading-title.elementor-size-xxl{font-size:59px}<\/style>\n<h2>Sponsorit<\/h2>\n<style>\/*! elementor-pro - v3.10.3 - 29-01-2023 *\/\n.elementor-gallery__container{min-height:1px}.elementor-gallery-item{position:relative;overflow:hidden;display:block;text-decoration:none;border:solid var(--image-border-width) var(--image-border-color);border-radius:var(--image-border-radius)}.elementor-gallery-item__content,.elementor-gallery-item__overlay{height:100%;width:100%;position:absolute;top:0;left:0}.elementor-gallery-item__overlay{mix-blend-mode:var(--overlay-mix-blend-mode);transition-duration:var(--overlay-transition-duration);transition-property:mix-blend-mode,transform,opacity,background-color}.elementor-gallery-item__image.e-gallery-image{transition-duration:var(--image-transition-duration);transition-property:filter,transform}.elementor-gallery-item__content{display:flex;flex-direction:column;justify-content:var(--content-justify-content,center);align-items:center;text-align:var(--content-text-align);padding:var(--content-padding)}.elementor-gallery-item__content>div{transition-duration:var(--content-transition-duration)}.elementor-gallery-item__content.elementor-gallery--sequenced-animation>div:nth-child(2){transition-delay:calc(var(--content-transition-delay) \/ 3)}.elementor-gallery-item__content.elementor-gallery--sequenced-animation>div:nth-child(3){transition-delay:calc(var(--content-transition-delay) \/ 3 * 2)}.elementor-gallery-item__content.elementor-gallery--sequenced-animation>div:nth-child(4){transition-delay:calc(var(--content-transition-delay) \/ 3 * 3)}.elementor-gallery-item__description{color:var(--description-text-color,#fff);width:100%}.elementor-gallery-item__title{color:var(--title-text-color,#fff);font-weight:700;width:100%}.elementor-gallery__titles-container{display:flex;flex-wrap:wrap;justify-content:var(--titles-container-justify-content,center);margin-bottom:20px}.elementor-gallery__titles-container:not(.e--pointer-framed) .elementor-item:after,.elementor-gallery__titles-container:not(.e--pointer-framed) .elementor-item:before{background-color:var(--galleries-pointer-bg-color-hover)}.elementor-gallery__titles-container:not(.e--pointer-framed) .elementor-item.elementor-item-active:after,.elementor-gallery__titles-container:not(.e--pointer-framed) .elementor-item.elementor-item-active:before{background-color:var(--galleries-pointer-bg-color-active)}.elementor-gallery__titles-container.e--pointer-framed .elementor-item:before{border-color:var(--galleries-pointer-bg-color-hover);border-width:var(--galleries-pointer-border-width)}.elementor-gallery__titles-container.e--pointer-framed .elementor-item:after{border-color:var(--galleries-pointer-bg-color-hover)}.elementor-gallery__titles-container.e--pointer-framed .elementor-item.elementor-item-active:after,.elementor-gallery__titles-container.e--pointer-framed .elementor-item.elementor-item-active:before{border-color:var(--galleries-pointer-bg-color-active)}.elementor-gallery__titles-container.e--pointer-framed.e--animation-draw .elementor-item:before{border-left-width:var(--galleries-pointer-border-width);border-bottom-width:var(--galleries-pointer-border-width);border-right-width:0;border-top-width:0}.elementor-gallery__titles-container.e--pointer-framed.e--animation-draw .elementor-item:after{border-left-width:0;border-bottom-width:0;border-right-width:var(--galleries-pointer-border-width);border-top-width:var(--galleries-pointer-border-width)}.elementor-gallery__titles-container.e--pointer-framed.e--animation-corners .elementor-item:before{border-left-width:var(--galleries-pointer-border-width);border-bottom-width:0;border-right-width:0;border-top-width:var(--galleries-pointer-border-width)}.elementor-gallery__titles-container.e--pointer-framed.e--animation-corners .elementor-item:after{border-left-width:0;border-bottom-width:var(--galleries-pointer-border-width);border-right-width:var(--galleries-pointer-border-width);border-top-width:0}.elementor-gallery__titles-container .e--pointer-double-line .elementor-item:after,.elementor-gallery__titles-container .e--pointer-double-line .elementor-item:before,.elementor-gallery__titles-container .e--pointer-overline .elementor-item:before,.elementor-gallery__titles-container .e--pointer-underline .elementor-item:after{height:var(--galleries-pointer-border-width)}.elementor-gallery-title{--space-between:10px;cursor:pointer;color:#6d7882;font-weight:500;position:relative;padding:7px 14px;transition:all .3s}.elementor-gallery-title--active{color:#495157}.elementor-gallery-title:not(:last-child){margin-right:var(--space-between)}.elementor-gallery-item__title+.elementor-gallery-item__description{margin-top:var(--description-margin-top)}.e-gallery-item.elementor-gallery-item{transition-property:all}.e-gallery-item.elementor-animated-content .elementor-animated-item--enter-from-bottom,.e-gallery-item.elementor-animated-content .elementor-animated-item--enter-from-left,.e-gallery-item.elementor-animated-content .elementor-animated-item--enter-from-right,.e-gallery-item.elementor-animated-content .elementor-animated-item--enter-from-top,.e-gallery-item:hover .elementor-gallery__item-overlay-bg,.e-gallery-item:hover .elementor-gallery__item-overlay-content,.e-gallery-item:hover .elementor-gallery__item-overlay-content__description,.e-gallery-item:hover .elementor-gallery__item-overlay-content__title{opacity:1}a.elementor-item.elementor-gallery-title{color:var(--galleries-title-color-normal)}a.elementor-item.elementor-gallery-title.elementor-item-active,a.elementor-item.elementor-gallery-title.highlighted,a.elementor-item.elementor-gallery-title:focus,a.elementor-item.elementor-gallery-title:hover{color:var(--galleries-title-color-hover)}a.elementor-item.elementor-gallery-title.elementor-item-active{color:var(--gallery-title-color-active)}.e-con-inner>.elementor-widget-gallery,.e-con>.elementor-widget-gallery{width:var(--container-widget-width);--flex-grow:var(--container-widget-flex-grow)}<\/style>\n<p>\t\t\t<a href=\"https:\/\/www.instagram.com\/umgmagazine\/\"><br \/>\n\t\t\t\t\t\t<\/a><\/p>\n<h6><a href=\"https:\/\/issuu.com\/umgmagazine\/docs\/umg_n_k_islehti_3\">N\u00e4k\u00f6islehti<\/a><\/h6>\n<p>Parhaan selailukokemuksen takaamiseksi suosittelemme selaamaan sivua Google Chrome tai Firefox -selaimilla.<\/p>\n","protected":false},"excerpt":{"rendered":"<p>Tervetuloa kulkija, T\u00e4\u00e4ll\u00e4 sijaitsee (Un)lucky Mystical Gallery eli (Ep\u00e4)onnen Mystisyyksien Galleria, ikuistettuna tietoverkkoon menneille, nykyisille ja tuleville sukupolville. Alta l\u00f6yd\u00e4t portaalit onnen ja ep\u00e4onnen eri ulottuvuuksiin. Vaihtoehtoisen reitin l\u00f6yd\u00e4t oikealta ylh\u00e4\u00e4lt\u00e4 pudotusvalikosta. Sponsorit N\u00e4k\u00f6islehti Parhaan selailukokemuksen takaamiseksi suosittelemme selaamaan sivua Google Chrome tai Firefox -selaimilla.<\/p>\n","protected":false},"author":4,"featured_media":0,"parent":0,"menu_order":0,"comment_status":"closed","ping_status":"closed","template":"","meta":{"inline_featured_image":false,"footnotes":""},"class_list":["post-644","page","type-page","status-publish","hentry"],"_links":{"self":[{"href":"https:\/\/graphic.fi\/umg2023\/wp-json\/wp\/v2\/pages\/644","targetHints":{"allow":["GET"]}}],"collection":[{"href":"https:\/\/graphic.fi\/umg2023\/wp-json\/wp\/v2\/pages"}],"about":[{"href":"https:\/\/graphic.fi\/umg2023\/wp-json\/wp\/v2\/types\/page"}],"author":[{"embeddable":true,"href":"https:\/\/graphic.fi\/umg2023\/wp-json\/wp\/v2\/users\/4"}],"replies":[{"embeddable":true,"href":"https:\/\/graphic.fi\/umg2023\/wp-json\/wp\/v2\/comments?post=644"}],"version-history":[{"count":454,"href":"https:\/\/graphic.fi\/umg2023\/wp-json\/wp\/v2\/pages\/644\/revisions"}],"predecessor-version":[{"id":3374,"href":"https:\/\/graphic.fi\/umg2023\/wp-json\/wp\/v2\/pages\/644\/revisions\/3374"}],"wp:attachment":[{"href":"https:\/\/graphic.fi\/umg2023\/wp-json\/wp\/v2\/media?parent=644"}],"curies":[{"name":"wp","href":"https:\/\/api.w.org\/{rel}","templated":true}]}}