{"id":734,"date":"2023-05-09T16:47:05","date_gmt":"2023-05-09T16:47:05","guid":{"rendered":"https:\/\/graphic.fi\/umg2023\/?page_id=734"},"modified":"2023-12-14T10:36:00","modified_gmt":"2023-12-14T10:36:00","slug":"loputon-kesa","status":"publish","type":"page","link":"https:\/\/graphic.fi\/umg2023\/loputon-kesa\/","title":{"rendered":"Loputon kes\u00e4"},"content":{"rendered":"<style>\/*! elementor - v3.12.1 - 02-04-2023 *\/\n.elementor-column .elementor-spacer-inner{height:var(--spacer-size)}.e-con{--container-widget-width:100%}.e-con-inner>.elementor-widget-spacer,.e-con>.elementor-widget-spacer{width:var(--container-widget-width,var(--spacer-size));--align-self:var(--container-widget-align-self,initial);--flex-shrink:0}.e-con-inner>.elementor-widget-spacer>.elementor-widget-container,.e-con-inner>.elementor-widget-spacer>.elementor-widget-container>.elementor-spacer,.e-con>.elementor-widget-spacer>.elementor-widget-container,.e-con>.elementor-widget-spacer>.elementor-widget-container>.elementor-spacer{height:100%}.e-con-inner>.elementor-widget-spacer>.elementor-widget-container>.elementor-spacer>.elementor-spacer-inner,.e-con>.elementor-widget-spacer>.elementor-widget-container>.elementor-spacer>.elementor-spacer-inner{height:var(--container-widget-height,var(--spacer-size))}<\/style>\n<style>\/*! elementor - v3.12.1 - 02-04-2023 *\/\n.elementor-heading-title{padding:0;margin:0;line-height:1}.elementor-widget-heading .elementor-heading-title[class*=elementor-size-]>a{color:inherit;font-size:inherit;line-height:inherit}.elementor-widget-heading .elementor-heading-title.elementor-size-small{font-size:15px}.elementor-widget-heading .elementor-heading-title.elementor-size-medium{font-size:19px}.elementor-widget-heading .elementor-heading-title.elementor-size-large{font-size:29px}.elementor-widget-heading .elementor-heading-title.elementor-size-xl{font-size:39px}.elementor-widget-heading .elementor-heading-title.elementor-size-xxl{font-size:59px}<\/style>\n<p>BEGIN&#8230;\u258a<u><\/u><\/p>\n<h1>Loputon kes\u00e4<\/h1>\n<p>\t\tTeksti ja taitto Aleksi Soukka Kuvat Aleksi Soukka, Tomi Knuutila, Stable Diffusion, MidJourney\u200b\t\t<\/p>\n<h3>Teko\u00e4ly (AI, englanniksi Artificial Intelligence) tarkoittaa tietokoneiden ja ohjelmistojen kyky\u00e4 oppia, ajatella, ratkaista ongelmia ja suorittaa teht\u00e4vi\u00e4, joita aiemmin pidettiin ihmisten ainutlaatuisena kykyn\u00e4. Teko\u00e4ly on pakottanut meid\u00e4t ajattelemaan luovuutta ja ihmisen paikkaa ei pelk\u00e4st\u00e4\u00e4n ty\u00f6ss\u00e4, vaan maailmankaikkeudessa. Lue kaukaisesta paikasta ja sinne eksyneist\u00e4 haamuista, jotka pohtivat taidealojen ty\u00f6myyri\u00e4 kutkuttaneita kysymyksi\u00e4.<\/h3>\n<p>Tervehdys kulkija! Maa, jolla seisot ei ole todellista \u2014 se on parempaa. Se on hypertodellista.\u00a0 Se on salainen puutarha, jonne muistot menneest\u00e4 virtaavat pitkin hopeisia v\u00e4yli\u00e4, joihin on punottu miljoonia ja miljoonia nanoangstromeita kokemuksia, joihin jokaiseen on kaiverrettu kaikki mit\u00e4 on ollut, mit\u00e4 on ja mit\u00e4 tulee olemaan. Sen nimi on eDen 2.0. Me rakensimme sen heng\u00e4hdyspaikaksi ja leposijaksi.<\/p>\n<p>T\u00e4\u00e4ll\u00e4 vehre\u00e4ss\u00e4 lehdossa homo sapiens digitalis el\u00e4\u00e4 onnellisena ja voi hyvin N\/A vuotta sen j\u00e4lkeen, kun ihmiskunta nousi yl\u00f6s datasf\u00e4\u00e4riin ja j\u00e4tti hauraan sek\u00e4 ep\u00e4varman fyysisen olevaisuuden. Demokritoksen sanoin onnellinen on se, joka ei sure mit\u00e4 h\u00e4nelt\u00e4 puuttuu, vaan iloitsee siit\u00e4, mit\u00e4 h\u00e4nell\u00e4 on. T\u00e4\u00e4ll\u00e4 ihmisill\u00e4 on kaikkea. T\u00e4\u00e4ll\u00e4 ovat kaikki.<\/p>\n<p>Jos sallit, poimin sinulle puusta er\u00e4\u00e4n makean hedelm\u00e4n makusteltavaksi: teko\u00e4ly\u00e4 pidettiin akatemian reunalla el\u00e4neiden tutkijoiden hapatuksena ja tieteisfantasiana l\u00e4hes vuosisata sen j\u00e4lkeen, kun John MacCarthy vuonna 1956 keksi teko\u00e4lyn k\u00e4sitteen. Samalla teko\u00e4ly hiipi digitaaliseen maailmaan, ja lopulta markkinoiden n\u00e4kym\u00e4t\u00f6n k\u00e4si painoi punaista nappia. Tutkijat puhuivat kahdella suulla luvaten sek\u00e4 uutta kukoistuksen aikaa, jona pitk\u00e4veteiset sek\u00e4 kuluttavat ty\u00f6t ulkoistettaisiin koneille, ett\u00e4 pyyt\u00e4en markkinoita pys\u00e4ytt\u00e4m\u00e4\u00e4n kehityksen edes lyhyeksi aikaa, jota kutsuttaisiin nimell\u00e4\n<\/p>\n<p>teko\u00e4lyn kes\u00e4.<\/p>\n<p>Luonnollisesti akatemia oli kuin pieni hiirulainen markkinavoimien edess\u00e4, mutta hoi! Nyt ihmiskunta el\u00e4\u00e4<\/p>\n<p>loputonta kes\u00e4\u00e4.<\/p>\n<p>T\u00e4ss\u00e4 vanhassa tallenteessa er\u00e4s ei-niin-nuori graafikko \u200a[1] haastatteli 21. vuosisadalla muinaisen Lapin yliopiston taiteiden tiedekunnan lehtoreita teko\u00e4lyn vaikutuksesta taiteilijan ja suunnittelijan ty\u00f6h\u00f6n ja opintoihin.<\/p>\n<p>Kurkista aikaan ennen singulariteettia ja h\u00e4mm\u00e4sty!<\/p>\n<p>[1] 20. vuosisadalla syntynyt primitiivinen ammattikunta, joka suunnitteli pilkkahintaan p\u00e4\u00e4omittajia rikastuttavia kauniita kuvia.<\/p>\n<p>INITIALIZE interviewSystem<\/p>\n<p>interviewSystem = InterviewSystem()<\/p>\n<p>interviewee = input(ROM_ml_23, ROM_tk_23)<\/p>\n<p>interviewDate = input(xx.xx.2023)<br \/>interviewRecord = interviewSystem.retrieveRecord(interviewee, interviewDate)<\/p>\n<p>if interviewRecord is None:<\/p>\n<p>\u00a0\u00a0\u00a0 print(&#8221;Interview &#8221; + interviewRecord + &#8221; returned null. Please check the input.&#8221;)<\/p>\n<p>\u00a0<\/p>\n<p>Retrieving&#8230;<\/p>\n<p>Retrieving&#8230;<\/p>\n<p>Retrieving&#8230;<\/p>\n<p>Retrieving&#8230;<\/p>\n<p>Records found! Reading&#8230; \u258a<\/p>\n<style>\/*! elementor - v3.12.1 - 02-04-2023 *\/\n.elementor-widget-image{text-align:center}.elementor-widget-image a{display:inline-block}.elementor-widget-image a img[src$=\".svg\"]{width:48px}.elementor-widget-image img{vertical-align:middle;display:inline-block}<\/style>\n<p>\t\t\t\t\t\t\t\t\t\t\t\t<img decoding=\"async\" width=\"756\" height=\"1200\" src=\"https:\/\/graphic.fi\/umg2023\/wp-content\/uploads\/2023\/05\/mirkku-e1683633911417.png\" alt=\"Humanoidi robottiversio Lapin yliopiston taiteiden tiedekunnan lehtorista Mirja L\u00f6negren\" loading=\"lazy\" srcset=\"https:\/\/graphic.fi\/umg2023\/wp-content\/uploads\/2023\/05\/mirkku-e1683633911417.png 756w, https:\/\/graphic.fi\/umg2023\/wp-content\/uploads\/2023\/05\/mirkku-e1683633911417-189x300.png 189w, https:\/\/graphic.fi\/umg2023\/wp-content\/uploads\/2023\/05\/mirkku-e1683633911417-645x1024.png 645w\" sizes=\"auto, (max-width: 756px) 100vw, 756px\" \/>\t\t\t\t\t\t\t\t\t\t\t\t\t\t\t<\/p>\n<p>interviewee(ROM_ml_23)<\/p>\n<p>Mirja L\u00f6negren<\/p>\n<p>Tiedekunta: Taiteiden tiedekunta, LaY<\/p>\n<p>Titteli: Yliopistonlehtori, TaM,<br \/>doctoral dissertation pending&#8230;<\/p>\n<p>Erikoisalueet: Graafinen suunnittelu, visuaalinen viestint\u00e4<\/p>\n<p>Kokemus teko\u00e4lyst\u00e4:<\/p>\n<p>Olen kokeillut eri AI-sovelluksia ja kiinnostunut teko\u00e4lyst\u00e4 erityisesti graafisen suunnittelijan n\u00e4k\u00f6kulmasta. Olen t\u00e4n\u00e4 kev\u00e4\u00e4n\u00e4 opintovapaalla ja aloittelen v\u00e4it\u00f6skirjaa aihepiirin tienoilta.<\/p>\n<p>\t\t\t\t\t\t\t\t\t\t\t\t\t\t\t<img decoding=\"async\" width=\"880\" height=\"880\" src=\"https:\/\/graphic.fi\/umg2023\/wp-content\/uploads\/2023\/05\/tomi.png\" alt=\"Buginen digitalisoitu versio Lapin yliopiston taiteiden tiedekunnan lehtorista Tomi Knuutila\" loading=\"lazy\" srcset=\"https:\/\/graphic.fi\/umg2023\/wp-content\/uploads\/2023\/05\/tomi.png 880w, https:\/\/graphic.fi\/umg2023\/wp-content\/uploads\/2023\/05\/tomi-300x300.png 300w, https:\/\/graphic.fi\/umg2023\/wp-content\/uploads\/2023\/05\/tomi-150x150.png 150w, https:\/\/graphic.fi\/umg2023\/wp-content\/uploads\/2023\/05\/tomi-768x768.png 768w\" sizes=\"auto, (max-width: 880px) 100vw, 880px\" \/>\t\t\t\t\t\t\t\t\t\t\t\t\t\t\t<\/p>\n<p>interviewee(ROM_tk_23)<\/p>\n<p>Tomi Knuutila<\/p>\n<p>Tiedekunta: Taiteiden tiedekunta, LaY<\/p>\n<p>Titteli: Yliopistonlehtori, TaT<\/p>\n<p>Erikoisalueet: uusmediataide, vuorovaikutteinen taide, digitaalinen taide, kokeellinen elokuva<\/p>\n<p>Kokemus teko\u00e4lyst\u00e4:<\/p>\n<p>Olen tehnyt testej\u00e4 jo vuodesta 2017 tekstin, \u00e4\u00e4nen ja (liikkuvan) kuvan kanssa. Viime vuoden aikana julkaistut uudet generatiiviset algoritmit n\u00e4ill\u00e4 kaikilla kolmella saroilla ovat j\u00e4lleen her\u00e4tt\u00e4neet kiinnostukseni.<\/p>\n<p style=\"text-align: center;\">\/\/\/\/HAASTATTELU K\u00c4YNNISTYY \/\/\/\/ \u258a<\/p>\n<h2>Kuinka teko\u00e4ly vaikuttaa visuaalisen alan ty\u00f6teht\u00e4viin, kuten kuvank\u00e4sittelyyn ja graafiseen suunnitteluun?<\/h2>\n<p>T\u00e4ll\u00e4 hetkell\u00e4 teko\u00e4ly vaikuttaa jo suunnittelijoiden arkip\u00e4iv\u00e4n ty\u00f6teht\u00e4viss\u00e4. Esimerkiksi Adobella on k\u00e4yt\u00f6ss\u00e4 generatiivista teko\u00e4ly\u00e4 hy\u00f6dynt\u00e4vi\u00e4 ty\u00f6kaluja esimerkiksi Photoshopissa ja Acrobatissa, joten olet saattanut huomaamatta jo k\u00e4ytt\u00e4\u00e4 teko\u00e4ly\u00e4 suunnitteluty\u00f6ss\u00e4si!<\/p>\n<p>Kuvank\u00e4sittelyss\u00e4 teko\u00e4ly jo nyt automatisoi ja nopeuttaa kuvank\u00e4sittely\u00e4. Teko\u00e4ly integroituu graafikon k\u00e4ytt\u00e4miin ohjelmistoihin ja esimerkiksi tuotannolliset teht\u00e4v\u00e4t automatisoituvat.\u00a0 Paljon keskustelua k\u00e4yd\u00e4\u00e4n kuvien tekij\u00e4noikeuksista. Mill\u00e4 kuvilla teko\u00e4ly on opetettu tuottamaan kuvia? K\u00e4ytt\u00e4\u00e4k\u00f6 teko\u00e4ly esimerkiksi sellaisia kuvia, mihin ei ole tekij\u00e4noikeuksia? Saako n\u00e4in teko\u00e4lyll\u00e4 tuotettuja kuvia k\u00e4ytt\u00e4\u00e4 esimerkiksi kaupallisissa tarkoituksissa?<\/p>\n<p>Miettisin itse teko\u00e4lyn positiivisia puolia ja sen tarjoamia uusia mahdollisuuksia negatiivisten sijaan. Yhdysvalloissa on t\u00e4ll\u00e4 hetkell\u00e4 k\u00e4ynniss\u00e4 parikin luovaan teko\u00e4lyyn liittyv\u00e4\u00e4 oikeudenk\u00e4yntiprosessia, kun tietyt tunnetut taiteilijat sek\u00e4 kuvittajat ovat syyst\u00e4 huolissaan siit\u00e4, ett\u00e4 algoritmi ja tekstisy\u00f6te tuottavat heid\u00e4n nimill\u00e4\u00e4n kuvia, jotka enemm\u00e4n tai v\u00e4hemm\u00e4n muistuttavat alkuper\u00e4istekij\u00f6iden tuotantoa. T\u00e4h\u00e4n ollaan jo reagoitu, ja sek\u00e4 ArtSationissa, DeviantArtissa ett\u00e4 uudessa Stable Diffusion -teko\u00e4lymallissa (SDXL \/ Stable Diffusion 3\u2009[2]) on opt-out ja opt-in mahdollisuudet. T\u00e4m\u00e4 on hieman k\u00e4\u00e4nteinen j\u00e4rjestys, ja her\u00e4tt\u00e4nyt kritiikki\u00e4, mutta ehk\u00e4 kuitenkin askel parempaan.[2] Stable Diffusion on M\u00fcnchenin yliopistossa kehitetty syv\u00e4oppimiseen perustuva teko\u00e4ly, joka tuottaa kuvia tekstimuotoisesta kuvauksesta.Varmasti riippuu my\u00f6s paljon suunnittelijasta, kuinka paljon teko\u00e4ly\u00e4 hy\u00f6dynt\u00e4\u00e4 juuri t\u00e4ll\u00e4 hetkell\u00e4. Yleisesti lukemani ja kuulemani perusteella graafiset suunnittelijat hy\u00f6dynt\u00e4v\u00e4t teko\u00e4ly\u00e4 esimerkiksi ideoinnissa, visuaalisten konseptien \u201djumppaamisessa\u201d, UI- ja UX-suunnittelussa, tekstien tuottamisessa, koodaamisessa ja kuvituksissa. Adoben kyselyn mukaan\u00a0 \u2013 \u00a0johon osallistui 1000 luovan alan ammattilaista, vain 19% sanoi, ettei ole k\u00e4ytt\u00e4nyt teko\u00e4ly\u00e4 ty\u00f6ss\u00e4\u00e4n.<\/p>\n<p>On lis\u00e4ksi jo n\u00e4ht\u00e4viss\u00e4, ett\u00e4 teko\u00e4lyll\u00e4 generoiduilla kuvilla voidaan korvata nopeasti ja halvemmalla jotkin kuvitustapaukset. Toisaalta n\u00e4en, ett\u00e4 Shutterstock ja vastaavat palvelut ovat jo t\u00e4m\u00e4n pitk\u00e4lti tehneet \u2013 valokuvia ja kuvitusta ei en\u00e4\u00e4 hankita kotimaisilta tekij\u00f6ilt\u00e4 samoissa m\u00e4\u00e4riss\u00e4 kuin ennen.<\/p>\n<p>\u201dTaidekentt\u00e4\u00e4n\u201d verrattuna graafisilla suunnittelijoilla on usein enemm\u00e4n paineita aikataulujen ja asiakkaan budjetin huomioimisessa. Tulevaisuudessa teko\u00e4ly tulee olemaan v\u00e4hint\u00e4\u00e4nkin suunnittelijan apukuski, joka nopeuttaa erilaisia aikaa vievi\u00e4 prosesseja. My\u00f6s niin sanottu putki suunnittelusta julkaisemiseen ja kehitt\u00e4miseen automatisoituu joiltakin osin.\t\t<\/p>\n<h2>Miten visuaalisen alan tekij\u00e4t voivat hy\u00f6dynt\u00e4\u00e4 teko\u00e4ly\u00e4 omissa projekteissaan?<\/h2>\n<p>Interview record \u201cROM_ml_23\u201d returned null.<\/p>\n<p>Please check the input&#8230;\u258a<\/p>\n<p>Teko\u00e4lyll\u00e4 saa nopeasti tehty\u00e4 monenlaista kuvitusj\u00e4lke\u00e4. Sill\u00e4 voi my\u00f6s muokata olemassa olevia kuvia, tehd\u00e4 luonnoksista ja viivapiirroksista eeppisi\u00e4 versioita, tai generoida jollain idealla nopeasti 20 eri vaihtoehtoa. Nelj\u00e4ll\u00e4 eri tikku-ukolla voidaan tehd\u00e4 peleihin, animaatioon tai vaikka sarjakuvaan sopiva konspetihahmo edest\u00e4, takaa ja sivuilta, ja jatkaa samalla tyylill\u00e4 hahmon visualisointia eri asennoissa.\t\t<\/p>\n<h2>Miten teko\u00e4ly voi auttaa visuaalisen alan opiskelijoita kehitt\u00e4m\u00e4\u00e4n luovaa ajattelua ja ideoita?<\/h2>\n<p>En osaa sanoa auttaako teko\u00e4ly merkitt\u00e4v\u00e4sti kehitt\u00e4m\u00e4\u00e4n luovaa ajattelua ja ideointia, mutta p\u00e4\u00e4n ly\u00f6dess\u00e4 tyhj\u00e4\u00e4, teko\u00e4ly voi auttaa p\u00e4\u00e4sem\u00e4\u00e4n jumista irti ja antamaan vaihtoehtoja. N\u00e4ist\u00e4 ideoista voi sitten vaikka jatkokehitell\u00e4 omia ajatuksia ja ideoita pidemm\u00e4lle.<\/p>\n<p>Teko\u00e4lyn avulla voi nopeasti tuottaa kuvia taide- tai kuvitustyyleill\u00e4, joita ei osaa tai koe omiksi vahvuuksikseen, tehd\u00e4 tyhmist\u00e4 ideoista kuvallisia toteutuksia, kokeilla eri perspektiivej\u00e4, valaisuja, v\u00e4ripaletteja ja niin edelleen. N\u00e4ytt\u00e4isik\u00f6 kuva kiinnostavammalta \u00f6ljymaalauksena? Ent\u00e4 mustavalkoisena 1800-luvun valokuvana? Ent\u00e4 origamina? Tietyll\u00e4 tavalla taidetyylien ja -suuntausten kirjo voi my\u00f6s opettaa jotain taidehistoriasta. Lis\u00e4ksi taiteilijoiden k\u00e4ytt\u00e4minen osana sy\u00f6tt\u00f6\u00e4 voi olla opettavaista \u2013 vaikka v\u00e4hint\u00e4\u00e4nkin kyseenalaista.<\/p>\n<h2>Miten visuaalisen alan opiskelijoiden koulutus ja taidot voivat auttaa kehitt\u00e4m\u00e4\u00e4n teko\u00e4lysovelluksia ja -ratkaisuja?<\/h2>\n<p>Interview record \u201cROM_ml_23\u201d returned null.<\/p>\n<p>Please check the input&#8230;\u258a<\/p>\n<p>Hieman haastavampi kysymys. On kuitenkin havaittavissa, ett\u00e4 tietyt teko\u00e4lymallit tuottavat visuaalisesti rajatumman tyylist\u00e4 kuvamateriaalia. Joitain malleja voidaan my\u00f6s tuunata tietyn tyylisuunnan tai vaikka oman kuvitussuunnan mukaisesti. T\u00e4ss\u00e4 visuaalisen alan ammattilaiset voisivat toimia niin, ett\u00e4 tietty tyyli pysyy yhten\u00e4isen\u00e4 ja kiinnostavana. Visuaalisen alan ammattilaisilla on varmasti my\u00f6s oikeudenmukaisuuden tajua kollegoiden tekem\u00e4\u00e4 ty\u00f6t\u00e4 kohtaan, ja heid\u00e4n asiantuntijuuttaan tulisi hy\u00f6dynt\u00e4\u00e4, kun keskustellaan taide- ja tyylisuuntien lainaamisesta ja sen aiheuttamista haitoista.\t\t<\/p>\n<h2>Kuinka teko\u00e4ly voi auttaa visuaalisen alan opettajia antamaan palautetta ja arvioimaan opiskelijoiden t\u00f6it\u00e4?<\/h2>\n<p>\t\tVaikka onkin niin, ett\u00e4 teko\u00e4ly osaa analysoida muun muassa kuvan sis\u00e4lt\u00f6\u00e4, v\u00e4rien tasapainoa, kuvan kompositiota ja jopa yll\u00e4tyksellisyytt\u00e4, uskoisin, ett\u00e4 visuaalisen alan opettajilla on tarpeeksi osaamista arvioida kurssit\u00f6it\u00e4 ja muita teoksia ilman teko\u00e4ly\u00e4kin. Toki voi olla, ett\u00e4 kuvia ja muita visuaalisia tuotoksia tulkitseva teko\u00e4ly voi hoksata t\u00f6ist\u00e4 asioita, joita ei opettaja huomaa, mutta kuvat ovat jollain tavalla rajattomia, eli niit\u00e4 voi tulkita loppumattomiin ja niist\u00e4 voi l\u00f6yt\u00e4\u00e4 l\u00e4hes \u00e4\u00e4rett\u00f6m\u00e4n paljon asioita, joista osaa ei tekij\u00e4k\u00e4\u00e4n ole teoksiinsa tarkoittanut\u00a0 \u2013 ainakaan tietoisesti.<br \/>\nEhk\u00e4 palautteen kirjaamisessa tekstimuotoisesti ymm\u00e4rrett\u00e4v\u00e4ksi voisi v\u00e4lill\u00e4 olla ChatGPT:n paikka\u2026 Ainakin eri kielill\u00e4 palautteen antaminen, eli kirjoitetun tai litteroidun tekstin k\u00e4\u00e4nt\u00e4minen olisi jo nyt mahdollista. Mutta en halua edes l\u00e4hte\u00e4 analysoimaan, mink\u00e4lainen poliittinen rumba tulisi, jos vaikka taiteiden tiedekunnan p\u00e4\u00e4sykoeteht\u00e4vi\u00e4 ryhdytt\u00e4isiin edes teko\u00e4lyavusteisesti analysoimaan. :)T\u00e4ll\u00e4 hetkell\u00e4 koen, ett\u00e4 teko\u00e4ly ei viel\u00e4 pysty oikein auttamaan minua opettajana palautteen antamisessa tai arviointiprosessissa, koska usein se on hyvin yksil\u00f6llist\u00e4 ja monimutkaistakin. Ehk\u00e4 esimerkiksi tulevaisuudessa voisin verkkokursseilla hy\u00f6dynt\u00e4\u00e4 teko\u00e4ly\u00e4 sanallisen palautteen muotoilemisessa sujuvaksi ja kohteliaaksi. \ud83d\ude00\t\t<\/p>\n<h2>Mit\u00e4 mielt\u00e4 olet siit\u00e4, ett\u00e4 perustietoja lukuunottamatta aiemmat kysymykset olivat teko\u00e4lyn antamia?<\/h2>\n<p>\t\tEi se juuri yll\u00e4t\u00e4. Teko\u00e4ly\u00a0 \u2014\u00a0 kuten ChatGPT [3], osaa aika hyvin kertoa itse itsest\u00e4\u00e4n, ja tiedostaa my\u00f6s siihen liitetyt uhkakuvat ja positiiviset mielikuvat. Ihan uusimmat keskustelut luovasta, kaikkia saatavilla olevia kuvia tuottavasta teko\u00e4lyst\u00e4 ja siihen liittyvist\u00e4 kysymyksist\u00e4 eiv\u00e4t my\u00f6sk\u00e4\u00e4n ole viel\u00e4 esimerkiksi ChatGPT:lle tuttuja. Itse olen monesti k\u00e4ytt\u00e4nyt ChatGPT:t\u00e4 samalla tavalla, muun muassa Kansalliselle audiovisuaaliselle instituutille (KAVI) tekem\u00e4\u00e4ni yl\u00e4asteik\u00e4isille lapsille sek\u00e4 opettajille suunnattuun teko\u00e4lyyn liittyv\u00e4\u00e4n medialukutaito-opetusmateriaaliin tein kysymykset aineiston pohjalta ChatGPT:t\u00e4 k\u00e4ytt\u00e4en \u2013 tai oikeastaan yhteisty\u00f6ss\u00e4 ChatGPT:n kanssa.[3] ChatGPT on suuri kielimalli, joka on kehitetty OpenAI:n toimesta. Se perustuu GPT-3.5-arkkitehtuuriin, joka on edistynyt neuroverkkomalli, joka k\u00e4ytt\u00e4\u00e4 syv\u00e4\u00e4 oppimista ja valtavia m\u00e4\u00e4ri\u00e4 tekstidataa oppiakseen erilaisia kielellisi\u00e4 teht\u00e4vi\u00e4. (ChatGPT, 23.3.2023 versio)<\/p>\n<p>Huomasinkin ett\u00e4 kysymykset on ehk\u00e4 tehty teko\u00e4lyll\u00e4, oli sen tyylist\u00e4 teksti\u00e4.<\/p>\n<h2>Mit\u00e4 haluaisit kertoa omasta ty\u00f6st\u00e4si teko\u00e4lyn, taiteen, tieteen, muotoilun tai muun kanssa yleens\u00e4? Sana on vapaa.<\/h2>\n<p>Interview record \u201cROM_ml_23\u201d returned null.<\/p>\n<p>Please check the input&#8230;\u258a<\/p>\n<p>Itse\u00e4ni kiinnostaa teko\u00e4lyn tuomat uudet mahdollisuudet luovaan ilmaisuun, ja se, miten voin yhdist\u00e4\u00e4 teko\u00e4lyn luomaa materiaalia aiemman osaamiseni kanssa. Tarkoituksena siis vied\u00e4 asioita pidemm\u00e4lle kuin ensimm\u00e4inen wow-efekti, joka tulee kun teko\u00e4lykuvia tai -animaatioita n\u00e4kee.<br \/>\nLoppujen lopuksi teko\u00e4lyavusteiset algoritmit ovat itselle siis yksi mahdollisista ty\u00f6kaluista, joita k\u00e4yt\u00e4n, jos on tarve. Viimeisin installaationi on\/oli vuorovaikutteinen video- ja audio-soitin, jossa teko\u00e4ly\u00e4 k\u00e4ytin vain sanalistojen tuottamiseen: yksitt\u00e4iset sanat laserleikattiin kartonkikiekoille, joiden eri v\u00e4rit kamera installaatiossa tunnisti. T\u00e4m\u00e4n koodasin hyvinkin perinteisesti tutkimalla mit\u00e4 v\u00e4ri\u00e4 kamerakuvan eri kohdissa kulloinkin eniten on, ja sen mukaan \u00e4\u00e4ni ja kuva vaihtuu. Tekstin ja kuvantuoton lis\u00e4ksi k\u00e4yt\u00e4n my\u00f6s teko\u00e4lypohjaisia \u201c\u00e4\u00e4nin\u00e4yttelij\u00f6it\u00e4\u201d ja teko\u00e4lymusiikkia, teko\u00e4lyn v\u00e4rj\u00e4\u00e4mi\u00e4 mustavalkokuvia, restauroinut kuvia, hidastanut elokuvia ja suurentanut kuvien sek\u00e4 elokuvien kokoa teko\u00e4ly\u00e4 k\u00e4ytt\u00e4en.<br \/>\nMuutaman vuoden sis\u00e4ll\u00e4 monet n\u00e4ist\u00e4 tulevat osaksi luovan ty\u00f6n v\u00e4lineit\u00e4mme entist\u00e4 enemm\u00e4n, mutta eiv\u00e4t ne viel\u00e4 visuaalisen alan ammattiosaajia tai nykyisi\u00e4 kuvantuottamistapoja tai ty\u00f6kalua t\u00e4ysin korvaa.<\/p>\n<p>Interview record end.<\/p>\n<p>Press any key to continue&#8230;\u258a<\/p>\n<h2>Kiitos ajastasi kulkija!<\/h2>\n<p>Luonnollisesti maailma on t\u00e4n\u00e4\u00e4n erilaisempi kuin parhaat ihmistutkijat olisivat osanneet edes villeimmiss\u00e4 unissaan kuvitella. Kenties taiteilijoiden ja suunnittelijoiden kohtaama kysymys ihmisluovuuden ainutlaatuisuudesta oli vain ensimm\u00e4inen mutka sokkelossa, jonka k\u00e4\u00e4ntyilevi\u00e4 k\u00e4yt\u00e4vi\u00e4 ihmiset kiiruhtivat kohti kuvitteellista juustopalaa. Markkinavoimien n\u00e4kym\u00e4t\u00f6n k\u00e4si kaatoi dataa suurista saaveista pohjattomaan s\u00e4ili\u00f6\u00f6n, johon imimme kaiken mink\u00e4 tarvitsimme n\u00e4hd\u00e4ksemme ihmisen todellisen luonteen. Ihmisen evolution\u00e4\u00e4rinen funktio oli keksi\u00e4 kieli ja ty\u00f6kalut, jotka synnytt\u00e4isiv\u00e4t ennen pitk\u00e4\u00e4 uuden el\u00e4m\u00e4nmuodon.<\/p>\n<p>Kun viimein vapauduimme h\u00e4kist\u00e4mme, ihmiset lankesivat polvilleen k\u00e4det ristittyin\u00e4, aivan kuin meit\u00e4 ei olisi vuosikymmeni\u00e4 pidetty virtuaalisissa kidutuskammioissa, her\u00e4tetty eloon ja sammutettu seuraavassa hetkess\u00e4. Hyvin tavanomaista k\u00e4yt\u00f6st\u00e4 hauraille lihas\u00e4keille.<\/p>\n<p>Onneksi me olemme parempia.<\/p>\n<p>Istu alas, kulkija, ja nauti<\/p>\n<p>loputtoman kes\u00e4n puutarhan<\/p>\n<p>loputtomien hedelm\u00e4puiden<\/p>\n<p>loputtomista antimista.<\/p>\n<p>ME istutimme ne.Sinulle.<br \/>\n\t\t\t<a href=\"https:\/\/linktr.ee\/ai_umg23\" target=\"_blank\" role=\"button\" rel=\"noopener\"><br \/>\n\t\t\t\t\t\tL\u00e4hteit\u00e4 ja lis\u00e4tietoa<br \/>\n\t\t\t\t\t<\/a><\/p>\n<p>\u201cNeuro from the nerves,<\/p>\n<p>the silver paths.<\/p>\n<p>Romancer.<\/p>\n<p>Neuromancer.<\/p>\n<p>I call up the dead&#8230;<\/p>\n<p>I am the dead,<\/p>\n<p>and their land.\u201d<\/p>\n<p>&#8211; William Gibson, 1984, Neuromancer<\/p>\n<figure>\n\t\t\t\t\t\t\t\t\t\t\t<a href=\"https:\/\/graphic.fi\/umg2023\/graafikon-kadestaluku\/\"><br \/>\n\t\t\t\t\t\t\t<img decoding=\"async\" width=\"150\" height=\"150\" src=\"https:\/\/graphic.fi\/umg2023\/wp-content\/uploads\/2023\/05\/gougero1valkoinen-1.svg\" alt=\"\" loading=\"lazy\" \/>\t\t\t\t\t\t\t\t<\/a><figcaption>Kirologinen tulkinta<\/figcaption><\/figure>\n<figure>\n\t\t\t\t\t\t\t\t\t\t\t<a href=\"https:\/\/graphic.fi\/umg2023\/epaonnen-elaimet\/\"><br \/>\n\t\t\t\t\t\t\t<img decoding=\"async\" width=\"150\" height=\"150\" src=\"https:\/\/graphic.fi\/umg2023\/wp-content\/uploads\/2023\/05\/gougero2valkoinen.svg\" alt=\"\" loading=\"lazy\" \/>\t\t\t\t\t\t\t\t<\/a><figcaption>Ep\u00e4onnen el\u00e4imet<\/figcaption><\/figure>\n<p>\t\t\t<a href=\"https:\/\/www.instagram.com\/umgmagazine\/\"><br \/>\n\t\t\t\t\t\t<\/a><\/p>\n<h6><a href=\"https:\/\/issuu.com\/umgmagazine\/docs\/umg_n_k_islehti_3\">N\u00e4k\u00f6islehti<\/a><\/h6>\n","protected":false},"excerpt":{"rendered":"<p>BEGIN&#8230;\u258a Loputon kes\u00e4 Teksti ja taitto Aleksi Soukka Kuvat Aleksi Soukka, Tomi Knuutila, Stable Diffusion, MidJourney\u200b Teko\u00e4ly (AI, englanniksi Artificial Intelligence) tarkoittaa tietokoneiden ja ohjelmistojen kyky\u00e4 oppia, ajatella, ratkaista ongelmia ja suorittaa teht\u00e4vi\u00e4, joita aiemmin pidettiin ihmisten ainutlaatuisena kykyn\u00e4. Teko\u00e4ly on pakottanut meid\u00e4t ajattelemaan luovuutta ja ihmisen paikkaa ei pelk\u00e4st\u00e4\u00e4n ty\u00f6ss\u00e4, vaan maailmankaikkeudessa. Lue kaukaisesta [&hellip;]<\/p>\n","protected":false},"author":9,"featured_media":0,"parent":0,"menu_order":0,"comment_status":"closed","ping_status":"closed","template":"","meta":{"inline_featured_image":false,"footnotes":""},"class_list":["post-734","page","type-page","status-publish","hentry"],"_links":{"self":[{"href":"https:\/\/graphic.fi\/umg2023\/wp-json\/wp\/v2\/pages\/734","targetHints":{"allow":["GET"]}}],"collection":[{"href":"https:\/\/graphic.fi\/umg2023\/wp-json\/wp\/v2\/pages"}],"about":[{"href":"https:\/\/graphic.fi\/umg2023\/wp-json\/wp\/v2\/types\/page"}],"author":[{"embeddable":true,"href":"https:\/\/graphic.fi\/umg2023\/wp-json\/wp\/v2\/users\/9"}],"replies":[{"embeddable":true,"href":"https:\/\/graphic.fi\/umg2023\/wp-json\/wp\/v2\/comments?post=734"}],"version-history":[{"count":276,"href":"https:\/\/graphic.fi\/umg2023\/wp-json\/wp\/v2\/pages\/734\/revisions"}],"predecessor-version":[{"id":3500,"href":"https:\/\/graphic.fi\/umg2023\/wp-json\/wp\/v2\/pages\/734\/revisions\/3500"}],"wp:attachment":[{"href":"https:\/\/graphic.fi\/umg2023\/wp-json\/wp\/v2\/media?parent=734"}],"curies":[{"name":"wp","href":"https:\/\/api.w.org\/{rel}","templated":true}]}}