{"id":819,"date":"2023-05-04T07:58:04","date_gmt":"2023-05-04T07:58:04","guid":{"rendered":"https:\/\/graphic.fi\/umg2023\/?page_id=819"},"modified":"2023-05-21T14:26:11","modified_gmt":"2023-05-21T14:26:11","slug":"opiskelijan-onnenkalut","status":"publish","type":"page","link":"https:\/\/graphic.fi\/umg2023\/opiskelijan-onnenkalut\/","title":{"rendered":"Opiskelijan onnenkalut"},"content":{"rendered":"<style>\/*! elementor - v3.12.1 - 02-04-2023 *\/\n.elementor-column .elementor-spacer-inner{height:var(--spacer-size)}.e-con{--container-widget-width:100%}.e-con-inner>.elementor-widget-spacer,.e-con>.elementor-widget-spacer{width:var(--container-widget-width,var(--spacer-size));--align-self:var(--container-widget-align-self,initial);--flex-shrink:0}.e-con-inner>.elementor-widget-spacer>.elementor-widget-container,.e-con-inner>.elementor-widget-spacer>.elementor-widget-container>.elementor-spacer,.e-con>.elementor-widget-spacer>.elementor-widget-container,.e-con>.elementor-widget-spacer>.elementor-widget-container>.elementor-spacer{height:100%}.e-con-inner>.elementor-widget-spacer>.elementor-widget-container>.elementor-spacer>.elementor-spacer-inner,.e-con>.elementor-widget-spacer>.elementor-widget-container>.elementor-spacer>.elementor-spacer-inner{height:var(--container-widget-height,var(--spacer-size))}<\/style>\n<style>\/*! elementor - v3.12.1 - 02-04-2023 *\/\n.elementor-heading-title{padding:0;margin:0;line-height:1}.elementor-widget-heading .elementor-heading-title[class*=elementor-size-]>a{color:inherit;font-size:inherit;line-height:inherit}.elementor-widget-heading .elementor-heading-title.elementor-size-small{font-size:15px}.elementor-widget-heading .elementor-heading-title.elementor-size-medium{font-size:19px}.elementor-widget-heading .elementor-heading-title.elementor-size-large{font-size:29px}.elementor-widget-heading .elementor-heading-title.elementor-size-xl{font-size:39px}.elementor-widget-heading .elementor-heading-title.elementor-size-xxl{font-size:59px}<\/style>\n<h2>Opiskelijan <br \/>onnenkalut<\/h2>\n<p>Talismaaneja vai tavallisia tavaroita? UMG j\u00e4rjesti gallupin ja selvitti, mink\u00e4laisia onnenkauja opiskelijoilla on. Vastauksia tuli paljon, ja otsikosta huolimatta vain muutama ei kest\u00e4nyt p\u00e4iv\u00e4nvaloa.<\/p>\n<p>Ingressin teksti ja taitto: Meri Nyman<\/p>\n<style>\/*! elementor - v3.12.1 - 02-04-2023 *\/\n.elementor-widget-image{text-align:center}.elementor-widget-image a{display:inline-block}.elementor-widget-image a img[src$=\".svg\"]{width:48px}.elementor-widget-image img{vertical-align:middle;display:inline-block}<\/style>\n<p>\t\t\t\t\t\t\t\t\t\t\t\t<img decoding=\"async\" width=\"800\" height=\"800\" src=\"https:\/\/graphic.fi\/umg2023\/wp-content\/uploads\/2023\/05\/sormus-1-1024x1024.png\" alt=\"Mummon vanha rippisormus\" loading=\"lazy\" srcset=\"https:\/\/graphic.fi\/umg2023\/wp-content\/uploads\/2023\/05\/sormus-1-1024x1024.png 1024w, https:\/\/graphic.fi\/umg2023\/wp-content\/uploads\/2023\/05\/sormus-1-300x300.png 300w, https:\/\/graphic.fi\/umg2023\/wp-content\/uploads\/2023\/05\/sormus-1-150x150.png 150w, https:\/\/graphic.fi\/umg2023\/wp-content\/uploads\/2023\/05\/sormus-1-768x768.png 768w, https:\/\/graphic.fi\/umg2023\/wp-content\/uploads\/2023\/05\/sormus-1.png 1501w\" sizes=\"auto, (max-width: 800px) 100vw, 800px\" \/><br \/>\n\t\t\t\t\t\t\t\t\t\t\t\t\t\t\t<img decoding=\"async\" width=\"800\" height=\"591\" src=\"https:\/\/graphic.fi\/umg2023\/wp-content\/uploads\/2023\/05\/onnenkalu15-1024x756.png\" alt=\"\" loading=\"lazy\" srcset=\"https:\/\/graphic.fi\/umg2023\/wp-content\/uploads\/2023\/05\/onnenkalu15-1024x756.png 1024w, https:\/\/graphic.fi\/umg2023\/wp-content\/uploads\/2023\/05\/onnenkalu15-300x222.png 300w, https:\/\/graphic.fi\/umg2023\/wp-content\/uploads\/2023\/05\/onnenkalu15-768x567.png 768w, https:\/\/graphic.fi\/umg2023\/wp-content\/uploads\/2023\/05\/onnenkalu15-1536x1134.png 1536w, https:\/\/graphic.fi\/umg2023\/wp-content\/uploads\/2023\/05\/onnenkalu15-2048x1513.png 2048w\" sizes=\"auto, (max-width: 800px) 100vw, 800px\" \/><br \/>\n\t\t\t\t\t\t\t\t\t\t\t\t\t\t\t<img decoding=\"async\" width=\"800\" height=\"474\" src=\"https:\/\/graphic.fi\/umg2023\/wp-content\/uploads\/2023\/05\/daily-nocco-1024x607.png\" alt=\"Daily nocco\" loading=\"lazy\" srcset=\"https:\/\/graphic.fi\/umg2023\/wp-content\/uploads\/2023\/05\/daily-nocco-1024x607.png 1024w, https:\/\/graphic.fi\/umg2023\/wp-content\/uploads\/2023\/05\/daily-nocco-300x178.png 300w, https:\/\/graphic.fi\/umg2023\/wp-content\/uploads\/2023\/05\/daily-nocco-768x455.png 768w, https:\/\/graphic.fi\/umg2023\/wp-content\/uploads\/2023\/05\/daily-nocco.png 1501w\" sizes=\"auto, (max-width: 800px) 100vw, 800px\" \/><br \/>\n\t\t\t\t\t\t\t\t\t\t\t\t\t\t\t<img decoding=\"async\" width=\"800\" height=\"591\" src=\"https:\/\/graphic.fi\/umg2023\/wp-content\/uploads\/2023\/05\/onnenkalu17-1024x756.png\" alt=\"\" loading=\"lazy\" srcset=\"https:\/\/graphic.fi\/umg2023\/wp-content\/uploads\/2023\/05\/onnenkalu17-1024x756.png 1024w, https:\/\/graphic.fi\/umg2023\/wp-content\/uploads\/2023\/05\/onnenkalu17-300x222.png 300w, https:\/\/graphic.fi\/umg2023\/wp-content\/uploads\/2023\/05\/onnenkalu17-768x567.png 768w, https:\/\/graphic.fi\/umg2023\/wp-content\/uploads\/2023\/05\/onnenkalu17-1536x1134.png 1536w, https:\/\/graphic.fi\/umg2023\/wp-content\/uploads\/2023\/05\/onnenkalu17-2048x1513.png 2048w\" sizes=\"auto, (max-width: 800px) 100vw, 800px\" \/><br \/>\n\t\t\t\t\t\t\t\t\t\t\t\t\t\t\t<img decoding=\"async\" width=\"800\" height=\"800\" src=\"https:\/\/graphic.fi\/umg2023\/wp-content\/uploads\/2023\/05\/sammakko-1024x1024.png\" alt=\"Likushka-sammakko\" loading=\"lazy\" srcset=\"https:\/\/graphic.fi\/umg2023\/wp-content\/uploads\/2023\/05\/sammakko-1024x1024.png 1024w, https:\/\/graphic.fi\/umg2023\/wp-content\/uploads\/2023\/05\/sammakko-300x300.png 300w, https:\/\/graphic.fi\/umg2023\/wp-content\/uploads\/2023\/05\/sammakko-150x150.png 150w, https:\/\/graphic.fi\/umg2023\/wp-content\/uploads\/2023\/05\/sammakko-768x768.png 768w, https:\/\/graphic.fi\/umg2023\/wp-content\/uploads\/2023\/05\/sammakko.png 1501w\" sizes=\"auto, (max-width: 800px) 100vw, 800px\" \/><br \/>\n\t\t\t\t\t\t\t\t\t\t\t\t\t\t\t<img decoding=\"async\" width=\"800\" height=\"591\" src=\"https:\/\/graphic.fi\/umg2023\/wp-content\/uploads\/2023\/05\/onnenkalu14-1024x756.png\" alt=\"\" loading=\"lazy\" srcset=\"https:\/\/graphic.fi\/umg2023\/wp-content\/uploads\/2023\/05\/onnenkalu14-1024x756.png 1024w, https:\/\/graphic.fi\/umg2023\/wp-content\/uploads\/2023\/05\/onnenkalu14-300x222.png 300w, https:\/\/graphic.fi\/umg2023\/wp-content\/uploads\/2023\/05\/onnenkalu14-768x567.png 768w, https:\/\/graphic.fi\/umg2023\/wp-content\/uploads\/2023\/05\/onnenkalu14-1536x1134.png 1536w, https:\/\/graphic.fi\/umg2023\/wp-content\/uploads\/2023\/05\/onnenkalu14-2048x1513.png 2048w\" sizes=\"auto, (max-width: 800px) 100vw, 800px\" \/><br \/>\n\t\t\t\t\t\t\t\t\t\t\t\t\t\t\t<img decoding=\"async\" width=\"800\" height=\"800\" src=\"https:\/\/graphic.fi\/umg2023\/wp-content\/uploads\/2023\/05\/mie-1024x1024.png\" alt=\"Mie\" loading=\"lazy\" srcset=\"https:\/\/graphic.fi\/umg2023\/wp-content\/uploads\/2023\/05\/mie-1024x1024.png 1024w, https:\/\/graphic.fi\/umg2023\/wp-content\/uploads\/2023\/05\/mie-300x300.png 300w, https:\/\/graphic.fi\/umg2023\/wp-content\/uploads\/2023\/05\/mie-150x150.png 150w, https:\/\/graphic.fi\/umg2023\/wp-content\/uploads\/2023\/05\/mie-768x768.png 768w, https:\/\/graphic.fi\/umg2023\/wp-content\/uploads\/2023\/05\/mie.png 1501w\" sizes=\"auto, (max-width: 800px) 100vw, 800px\" \/><br \/>\n\t\t\t\t\t\t\t\t\t\t\t\t\t\t\t<img decoding=\"async\" width=\"589\" height=\"285\" src=\"https:\/\/graphic.fi\/umg2023\/wp-content\/uploads\/2023\/05\/onnenkalu9.png\" alt=\"\" loading=\"lazy\" srcset=\"https:\/\/graphic.fi\/umg2023\/wp-content\/uploads\/2023\/05\/onnenkalu9.png 589w, https:\/\/graphic.fi\/umg2023\/wp-content\/uploads\/2023\/05\/onnenkalu9-300x145.png 300w\" sizes=\"auto, (max-width: 589px) 100vw, 589px\" \/><br \/>\n\t\t\t\t\t\t\t\t\t\t\t\t\t\t\t<img decoding=\"async\" width=\"800\" height=\"591\" src=\"https:\/\/graphic.fi\/umg2023\/wp-content\/uploads\/2023\/05\/onnenkalu16-1024x756.png\" alt=\"\" loading=\"lazy\" srcset=\"https:\/\/graphic.fi\/umg2023\/wp-content\/uploads\/2023\/05\/onnenkalu16-1024x756.png 1024w, https:\/\/graphic.fi\/umg2023\/wp-content\/uploads\/2023\/05\/onnenkalu16-300x222.png 300w, https:\/\/graphic.fi\/umg2023\/wp-content\/uploads\/2023\/05\/onnenkalu16-768x567.png 768w, https:\/\/graphic.fi\/umg2023\/wp-content\/uploads\/2023\/05\/onnenkalu16-1536x1134.png 1536w, https:\/\/graphic.fi\/umg2023\/wp-content\/uploads\/2023\/05\/onnenkalu16-2048x1513.png 2048w\" sizes=\"auto, (max-width: 800px) 100vw, 800px\" \/><br \/>\n\t\t\t\t\t\t\t\t\t\t\t\t\t\t\t<img decoding=\"async\" width=\"601\" height=\"601\" src=\"https:\/\/graphic.fi\/umg2023\/wp-content\/uploads\/2023\/05\/onnenkalu7.png\" alt=\"\" loading=\"lazy\" srcset=\"https:\/\/graphic.fi\/umg2023\/wp-content\/uploads\/2023\/05\/onnenkalu7.png 601w, https:\/\/graphic.fi\/umg2023\/wp-content\/uploads\/2023\/05\/onnenkalu7-300x300.png 300w, https:\/\/graphic.fi\/umg2023\/wp-content\/uploads\/2023\/05\/onnenkalu7-150x150.png 150w\" sizes=\"auto, (max-width: 601px) 100vw, 601px\" \/><br \/>\n\t\t\t\t\t\t\t\t\t\t\t\t\t\t\t<img decoding=\"async\" width=\"800\" height=\"173\" src=\"https:\/\/graphic.fi\/umg2023\/wp-content\/uploads\/2023\/05\/taikasieni-1024x222.png\" alt=\"Taikasieni\" loading=\"lazy\" srcset=\"https:\/\/graphic.fi\/umg2023\/wp-content\/uploads\/2023\/05\/taikasieni-1024x222.png 1024w, https:\/\/graphic.fi\/umg2023\/wp-content\/uploads\/2023\/05\/taikasieni-300x65.png 300w, https:\/\/graphic.fi\/umg2023\/wp-content\/uploads\/2023\/05\/taikasieni-768x166.png 768w, https:\/\/graphic.fi\/umg2023\/wp-content\/uploads\/2023\/05\/taikasieni-1536x333.png 1536w, https:\/\/graphic.fi\/umg2023\/wp-content\/uploads\/2023\/05\/taikasieni-2048x444.png 2048w\" sizes=\"auto, (max-width: 800px) 100vw, 800px\" \/><br \/>\n\t\t\t\t\t\t\t\t\t\t\t\t\t\t\t<img decoding=\"async\" width=\"800\" height=\"474\" src=\"https:\/\/graphic.fi\/umg2023\/wp-content\/uploads\/2023\/05\/kivi-1024x607.png\" alt=\"Kivi, joka on aina mukana rannekoruun liimattuna! Olen hukannut sen monta kertaa ja l\u00f6yt\u00e4nyt aina uudestaan.\" loading=\"lazy\" srcset=\"https:\/\/graphic.fi\/umg2023\/wp-content\/uploads\/2023\/05\/kivi-1024x607.png 1024w, https:\/\/graphic.fi\/umg2023\/wp-content\/uploads\/2023\/05\/kivi-300x178.png 300w, https:\/\/graphic.fi\/umg2023\/wp-content\/uploads\/2023\/05\/kivi-768x455.png 768w, https:\/\/graphic.fi\/umg2023\/wp-content\/uploads\/2023\/05\/kivi.png 1501w\" sizes=\"auto, (max-width: 800px) 100vw, 800px\" \/><br \/>\n\t\t\t\t\t\t\t\t\t\t\t\t\t\t\t<img decoding=\"async\" width=\"800\" height=\"591\" src=\"https:\/\/graphic.fi\/umg2023\/wp-content\/uploads\/2023\/05\/onnenkalu19-1024x756.png\" alt=\"\" loading=\"lazy\" srcset=\"https:\/\/graphic.fi\/umg2023\/wp-content\/uploads\/2023\/05\/onnenkalu19-1024x756.png 1024w, https:\/\/graphic.fi\/umg2023\/wp-content\/uploads\/2023\/05\/onnenkalu19-300x222.png 300w, https:\/\/graphic.fi\/umg2023\/wp-content\/uploads\/2023\/05\/onnenkalu19-768x567.png 768w, https:\/\/graphic.fi\/umg2023\/wp-content\/uploads\/2023\/05\/onnenkalu19-1536x1134.png 1536w, https:\/\/graphic.fi\/umg2023\/wp-content\/uploads\/2023\/05\/onnenkalu19-2048x1513.png 2048w\" sizes=\"auto, (max-width: 800px) 100vw, 800px\" \/><br \/>\n\t\t\t\t\t\t\t\t\t\t\t\t\t\t\t<img decoding=\"async\" width=\"800\" height=\"800\" src=\"https:\/\/graphic.fi\/umg2023\/wp-content\/uploads\/2023\/05\/daughter-1024x1024.png\" alt=\"My daughter\" loading=\"lazy\" srcset=\"https:\/\/graphic.fi\/umg2023\/wp-content\/uploads\/2023\/05\/daughter-1024x1024.png 1024w, https:\/\/graphic.fi\/umg2023\/wp-content\/uploads\/2023\/05\/daughter-300x300.png 300w, https:\/\/graphic.fi\/umg2023\/wp-content\/uploads\/2023\/05\/daughter-150x150.png 150w, https:\/\/graphic.fi\/umg2023\/wp-content\/uploads\/2023\/05\/daughter-768x768.png 768w, https:\/\/graphic.fi\/umg2023\/wp-content\/uploads\/2023\/05\/daughter.png 1501w\" sizes=\"auto, (max-width: 800px) 100vw, 800px\" \/><br \/>\n\t\t\t\t\t\t\t\t\t\t\t\t\t\t\t<img decoding=\"async\" width=\"800\" height=\"285\" src=\"https:\/\/graphic.fi\/umg2023\/wp-content\/uploads\/2023\/05\/viina-ja-hyva-tuuri-1024x365.png\" alt=\"Viina ja hyv\u00e4 tuuri\" loading=\"lazy\" srcset=\"https:\/\/graphic.fi\/umg2023\/wp-content\/uploads\/2023\/05\/viina-ja-hyva-tuuri-1024x365.png 1024w, https:\/\/graphic.fi\/umg2023\/wp-content\/uploads\/2023\/05\/viina-ja-hyva-tuuri-300x107.png 300w, https:\/\/graphic.fi\/umg2023\/wp-content\/uploads\/2023\/05\/viina-ja-hyva-tuuri-768x274.png 768w, https:\/\/graphic.fi\/umg2023\/wp-content\/uploads\/2023\/05\/viina-ja-hyva-tuuri-1536x548.png 1536w, https:\/\/graphic.fi\/umg2023\/wp-content\/uploads\/2023\/05\/viina-ja-hyva-tuuri-2048x731.png 2048w\" sizes=\"auto, (max-width: 800px) 100vw, 800px\" \/><br \/>\n\t\t\t\t\t\t\t\t\t\t\t\t\t\t\t<img decoding=\"async\" width=\"800\" height=\"474\" src=\"https:\/\/graphic.fi\/umg2023\/wp-content\/uploads\/2023\/05\/pehmopupu-1024x607.png\" alt=\"Pehmopupu\" loading=\"lazy\" srcset=\"https:\/\/graphic.fi\/umg2023\/wp-content\/uploads\/2023\/05\/pehmopupu-1024x607.png 1024w, https:\/\/graphic.fi\/umg2023\/wp-content\/uploads\/2023\/05\/pehmopupu-300x178.png 300w, https:\/\/graphic.fi\/umg2023\/wp-content\/uploads\/2023\/05\/pehmopupu-768x455.png 768w, https:\/\/graphic.fi\/umg2023\/wp-content\/uploads\/2023\/05\/pehmopupu.png 1501w\" sizes=\"auto, (max-width: 800px) 100vw, 800px\" \/><br \/>\n\t\t\t\t\t\t\t\t\t\t\t\t\t\t\t<img decoding=\"async\" width=\"800\" height=\"800\" src=\"https:\/\/graphic.fi\/umg2023\/wp-content\/uploads\/2023\/05\/porkkana-squishie-1-1024x1024.png\" alt=\"Porkkana squishie\" loading=\"lazy\" srcset=\"https:\/\/graphic.fi\/umg2023\/wp-content\/uploads\/2023\/05\/porkkana-squishie-1-1024x1024.png 1024w, https:\/\/graphic.fi\/umg2023\/wp-content\/uploads\/2023\/05\/porkkana-squishie-1-300x300.png 300w, https:\/\/graphic.fi\/umg2023\/wp-content\/uploads\/2023\/05\/porkkana-squishie-1-150x150.png 150w, https:\/\/graphic.fi\/umg2023\/wp-content\/uploads\/2023\/05\/porkkana-squishie-1-768x768.png 768w, https:\/\/graphic.fi\/umg2023\/wp-content\/uploads\/2023\/05\/porkkana-squishie-1.png 1501w\" sizes=\"auto, (max-width: 800px) 100vw, 800px\" \/><br \/>\n\t\t\t\t\t\t\t\t\t\t\t\t\t\t\t<img decoding=\"async\" width=\"600\" height=\"601\" src=\"https:\/\/graphic.fi\/umg2023\/wp-content\/uploads\/2023\/05\/onnenkalu20.png\" alt=\"\" loading=\"lazy\" srcset=\"https:\/\/graphic.fi\/umg2023\/wp-content\/uploads\/2023\/05\/onnenkalu20.png 600w, https:\/\/graphic.fi\/umg2023\/wp-content\/uploads\/2023\/05\/onnenkalu20-300x300.png 300w, https:\/\/graphic.fi\/umg2023\/wp-content\/uploads\/2023\/05\/onnenkalu20-150x150.png 150w\" sizes=\"auto, (max-width: 600px) 100vw, 600px\" \/><br \/>\n\t\t\t\t\t\t\t\t\t\t\t\t\t\t\t<img decoding=\"async\" width=\"800\" height=\"591\" src=\"https:\/\/graphic.fi\/umg2023\/wp-content\/uploads\/2023\/05\/onnenkalu13-1024x756.png\" alt=\"\" loading=\"lazy\" srcset=\"https:\/\/graphic.fi\/umg2023\/wp-content\/uploads\/2023\/05\/onnenkalu13-1024x756.png 1024w, https:\/\/graphic.fi\/umg2023\/wp-content\/uploads\/2023\/05\/onnenkalu13-300x222.png 300w, https:\/\/graphic.fi\/umg2023\/wp-content\/uploads\/2023\/05\/onnenkalu13-768x567.png 768w, https:\/\/graphic.fi\/umg2023\/wp-content\/uploads\/2023\/05\/onnenkalu13-1536x1134.png 1536w, https:\/\/graphic.fi\/umg2023\/wp-content\/uploads\/2023\/05\/onnenkalu13-2048x1513.png 2048w\" sizes=\"auto, (max-width: 800px) 100vw, 800px\" \/><br \/>\n\t\t\t\t\t\t\t\t\t\t\t\t\t\t\t<img decoding=\"async\" width=\"601\" height=\"600\" src=\"https:\/\/graphic.fi\/umg2023\/wp-content\/uploads\/2023\/05\/onnenkalu8.png\" alt=\"\" loading=\"lazy\" srcset=\"https:\/\/graphic.fi\/umg2023\/wp-content\/uploads\/2023\/05\/onnenkalu8.png 601w, https:\/\/graphic.fi\/umg2023\/wp-content\/uploads\/2023\/05\/onnenkalu8-300x300.png 300w, https:\/\/graphic.fi\/umg2023\/wp-content\/uploads\/2023\/05\/onnenkalu8-150x150.png 150w\" sizes=\"auto, (max-width: 601px) 100vw, 601px\" \/><br \/>\n\t\t\t\t\t\t\t\t\t\t\t\t\t\t\t<img decoding=\"async\" width=\"800\" height=\"591\" src=\"https:\/\/graphic.fi\/umg2023\/wp-content\/uploads\/2023\/05\/onnenkalu18-1024x756.png\" alt=\"\" loading=\"lazy\" srcset=\"https:\/\/graphic.fi\/umg2023\/wp-content\/uploads\/2023\/05\/onnenkalu18-1024x756.png 1024w, https:\/\/graphic.fi\/umg2023\/wp-content\/uploads\/2023\/05\/onnenkalu18-300x222.png 300w, https:\/\/graphic.fi\/umg2023\/wp-content\/uploads\/2023\/05\/onnenkalu18-768x567.png 768w, https:\/\/graphic.fi\/umg2023\/wp-content\/uploads\/2023\/05\/onnenkalu18-1536x1134.png 1536w, https:\/\/graphic.fi\/umg2023\/wp-content\/uploads\/2023\/05\/onnenkalu18-2048x1513.png 2048w\" sizes=\"auto, (max-width: 800px) 100vw, 800px\" \/><br \/>\n\t\t\t\t\t\t\t\t\t\t\t\t\t\t\t<img decoding=\"async\" width=\"800\" height=\"800\" src=\"https:\/\/graphic.fi\/umg2023\/wp-content\/uploads\/2023\/05\/satisfyer-1024x1024.png\" alt=\"Satisfyer pro 2 next generation\" loading=\"lazy\" srcset=\"https:\/\/graphic.fi\/umg2023\/wp-content\/uploads\/2023\/05\/satisfyer-1024x1024.png 1024w, https:\/\/graphic.fi\/umg2023\/wp-content\/uploads\/2023\/05\/satisfyer-300x300.png 300w, https:\/\/graphic.fi\/umg2023\/wp-content\/uploads\/2023\/05\/satisfyer-150x150.png 150w, https:\/\/graphic.fi\/umg2023\/wp-content\/uploads\/2023\/05\/satisfyer-768x768.png 768w, https:\/\/graphic.fi\/umg2023\/wp-content\/uploads\/2023\/05\/satisfyer.png 1501w\" sizes=\"auto, (max-width: 800px) 100vw, 800px\" \/>\t\t\t\t\t\t\t\t\t\t\t\t\t\t\t<\/p>\n<figure>\n\t\t\t\t\t\t\t\t\t\t\t<a href=\"https:\/\/graphic.fi\/umg2023\/kell-onni-on\/\"><br \/>\n\t\t\t\t\t\t\t<img decoding=\"async\" width=\"150\" height=\"150\" src=\"https:\/\/graphic.fi\/umg2023\/wp-content\/uploads\/2023\/05\/gougero1valkoinen-1.svg\" alt=\"\" loading=\"lazy\" \/>\t\t\t\t\t\t\t\t<\/a><figcaption>Kell&#8217; onni on<\/figcaption><\/figure>\n<figure>\n\t\t\t\t\t\t\t\t\t\t\t<a href=\"https:\/\/graphic.fi\/umg2023\/kymmenen-kaskya\/\"><br \/>\n\t\t\t\t\t\t\t<img decoding=\"async\" width=\"150\" height=\"150\" src=\"https:\/\/graphic.fi\/umg2023\/wp-content\/uploads\/2023\/05\/gougero2valkoinen.svg\" alt=\"\" loading=\"lazy\" \/>\t\t\t\t\t\t\t\t<\/a><figcaption>Ep\u00e4onnen 10 k\u00e4sky\u00e4<\/figcaption><\/figure>\n<p>\t\t\t<a href=\"https:\/\/www.instagram.com\/umgmagazine\/\"><br \/>\n\t\t\t\t\t\t<\/a><\/p>\n<h6><a href=\"https:\/\/issuu.com\/umgmagazine\/docs\/umg_n_k_islehti_3\">N\u00e4k\u00f6islehti<\/a><\/h6>\n","protected":false},"excerpt":{"rendered":"<p>Opiskelijan onnenkalut Talismaaneja vai tavallisia tavaroita? UMG j\u00e4rjesti gallupin ja selvitti, mink\u00e4laisia onnenkauja opiskelijoilla on. Vastauksia tuli paljon, ja otsikosta huolimatta vain muutama ei kest\u00e4nyt p\u00e4iv\u00e4nvaloa. Ingressin teksti ja taitto: Meri Nyman Kell&#8217; onni on Ep\u00e4onnen 10 k\u00e4sky\u00e4 N\u00e4k\u00f6islehti<\/p>\n","protected":false},"author":4,"featured_media":0,"parent":0,"menu_order":0,"comment_status":"closed","ping_status":"closed","template":"","meta":{"inline_featured_image":false,"footnotes":""},"class_list":["post-819","page","type-page","status-publish","hentry"],"_links":{"self":[{"href":"https:\/\/graphic.fi\/umg2023\/wp-json\/wp\/v2\/pages\/819","targetHints":{"allow":["GET"]}}],"collection":[{"href":"https:\/\/graphic.fi\/umg2023\/wp-json\/wp\/v2\/pages"}],"about":[{"href":"https:\/\/graphic.fi\/umg2023\/wp-json\/wp\/v2\/types\/page"}],"author":[{"embeddable":true,"href":"https:\/\/graphic.fi\/umg2023\/wp-json\/wp\/v2\/users\/4"}],"replies":[{"embeddable":true,"href":"https:\/\/graphic.fi\/umg2023\/wp-json\/wp\/v2\/comments?post=819"}],"version-history":[{"count":36,"href":"https:\/\/graphic.fi\/umg2023\/wp-json\/wp\/v2\/pages\/819\/revisions"}],"predecessor-version":[{"id":3392,"href":"https:\/\/graphic.fi\/umg2023\/wp-json\/wp\/v2\/pages\/819\/revisions\/3392"}],"wp:attachment":[{"href":"https:\/\/graphic.fi\/umg2023\/wp-json\/wp\/v2\/media?parent=819"}],"curies":[{"name":"wp","href":"https:\/\/api.w.org\/{rel}","templated":true}]}}